{"id":32279,"date":"2025-05-09T08:55:14","date_gmt":"2025-05-09T01:55:14","guid":{"rendered":"https:\/\/vinatd.com\/?post_type=product&#038;p=32279"},"modified":"2025-05-09T09:01:37","modified_gmt":"2025-05-09T02:01:37","slug":"dong-co-may-phu-hang-hai-shyan-6g13cf-162kw-276kw","status":"publish","type":"product","link":"https:\/\/vinatd.com\/?product=dong-co-may-phu-hang-hai-shyan-6g13cf-162kw-276kw","title":{"rendered":"\u0110\u1ed9ng c\u01a1 m\u00e1y ph\u1ee5 h\u00e0ng h\u1ea3i SHYAN | 6G13CF (162KW &#8211; 276KW)"},"content":{"rendered":"<h1><strong>Th\u00f4ng tin chung<\/strong><\/h1>\n<table class=\"w-fit min-w-(--thread-content-width)\" data-start=\"268\" data-end=\"1319\">\n<thead data-start=\"268\" data-end=\"362\">\n<tr data-start=\"268\" data-end=\"362\">\n<th data-start=\"268\" data-end=\"315\" data-col-size=\"sm\"><strong data-start=\"270\" data-end=\"282\">H\u1ea1ng m\u1ee5c<\/strong><\/th>\n<th data-start=\"315\" data-end=\"362\" data-col-size=\"sm\"><strong data-start=\"317\" data-end=\"329\">Th\u00f4ng s\u1ed1<\/strong><\/th>\n<\/tr>\n<\/thead>\n<tbody data-start=\"458\" data-end=\"1319\">\n<tr data-start=\"458\" data-end=\"553\">\n<td data-start=\"458\" data-end=\"506\" data-col-size=\"sm\"><strong data-start=\"460\" data-end=\"476\">Ki\u1ec3u \u0111\u1ed9ng c\u01a1<\/strong><\/td>\n<td data-col-size=\"sm\" data-start=\"506\" data-end=\"553\">4 k\u1ef3; 6 xi lanh th\u1eb3ng h\u00e0ng<\/td>\n<\/tr>\n<tr data-start=\"554\" data-end=\"648\">\n<td data-start=\"554\" data-end=\"602\" data-col-size=\"sm\"><strong data-start=\"556\" data-end=\"576\">H\u1ec7 th\u1ed1ng kh\u00ed n\u1ea1p<\/strong><\/td>\n<td data-col-size=\"sm\" data-start=\"602\" data-end=\"648\">Turbo t\u0103ng \u00e1p \/ T\u0103ng \u00e1p c\u00f3 l\u00e0m m\u00e1t<\/td>\n<\/tr>\n<tr data-start=\"649\" data-end=\"743\">\n<td data-start=\"649\" data-end=\"696\" data-col-size=\"sm\"><strong data-start=\"651\" data-end=\"693\">\u0110\u01b0\u1eddng k\u00ednh xi lanh \u00d7 H\u00e0nh tr\u00ecnh piston (mm)<\/strong><\/td>\n<td data-col-size=\"sm\" data-start=\"696\" data-end=\"743\">135 \u00d7 150<\/td>\n<\/tr>\n<tr data-start=\"744\" data-end=\"839\">\n<td data-start=\"744\" data-end=\"792\" data-col-size=\"sm\"><strong data-start=\"746\" data-end=\"771\">Dung t\u00edch xi lanh (L)<\/strong><\/td>\n<td data-col-size=\"sm\" data-start=\"792\" data-end=\"839\">12.9<\/td>\n<\/tr>\n<tr data-start=\"840\" data-end=\"935\">\n<td data-start=\"840\" data-end=\"888\" data-col-size=\"sm\"><strong data-start=\"842\" data-end=\"865\">Ti\u00eau chu\u1ea9n l\u1eafp gh\u00e9p<\/strong><\/td>\n<td data-col-size=\"sm\" data-start=\"888\" data-end=\"935\">SAE 1# \/ 14&#8221;<\/td>\n<\/tr>\n<tr data-start=\"936\" data-end=\"1031\">\n<td data-start=\"936\" data-end=\"984\" data-col-size=\"sm\"><strong data-start=\"938\" data-end=\"961\">H\u1ec7 th\u1ed1ng nhi\u00ean li\u1ec7u<\/strong><\/td>\n<td data-col-size=\"sm\" data-start=\"984\" data-end=\"1031\">C\u01a1 kh\u00ed<\/td>\n<\/tr>\n<tr data-start=\"1032\" data-end=\"1127\">\n<td data-start=\"1032\" data-end=\"1080\" data-col-size=\"sm\"><strong data-start=\"1034\" data-end=\"1066\">T\u1ed1c \u0111\u1ed9 kh\u00f4ng t\u1ea3i (v\u00f2ng\/ph\u00fat)<\/strong><\/td>\n<td data-col-size=\"sm\" data-start=\"1080\" data-end=\"1127\">650<\/td>\n<\/tr>\n<tr data-start=\"1128\" data-end=\"1223\">\n<td data-start=\"1128\" data-end=\"1176\" data-col-size=\"sm\"><strong data-start=\"1130\" data-end=\"1157\">K\u00edch th\u01b0\u1edbc (L\u00d7W\u00d7H) (mm)<\/strong><\/td>\n<td data-col-size=\"sm\" data-start=\"1176\" data-end=\"1223\">1680 \u00d7 884 \u00d7 1550<\/td>\n<\/tr>\n<tr data-start=\"1224\" data-end=\"1319\">\n<td data-start=\"1224\" data-end=\"1272\" data-col-size=\"sm\"><strong data-start=\"1226\" data-end=\"1246\">Tr\u1ecdng l\u01b0\u1ee3ng (kg)<\/strong><\/td>\n<td data-col-size=\"sm\" data-start=\"1272\" data-end=\"1319\">1315 \/ 1350<\/td>\n<\/tr>\n<\/tbody>\n<\/table>\n<p>&nbsp;<\/p>\n<p>&nbsp;<\/p>\n<p>&nbsp;<\/p>\n<p><span style=\"font-size: 2em; font-weight: bold;\">Th\u00f4ng s\u1ed1 k\u1ef9 thu\u1eadt chi ti\u1ebft<\/span><\/p>\n<p class=\"\" data-start=\"178\" data-end=\"222\"><strong data-start=\"178\" data-end=\"222\">C\u00f4ng su\u1ea5t li\u00ean t\u1ee5c t\u1ed1i \u0111a \u1edf t\u1ea7n s\u1ed1 50 Hz<\/strong><\/p>\n<div class=\"_tableContainer_16hzy_1\">\n<div class=\"_tableWrapper_16hzy_14 group flex w-fit flex-col-reverse\" tabindex=\"-1\">\n<table class=\"w-fit min-w-(--thread-content-width)\" data-start=\"224\" data-end=\"1124\">\n<thead data-start=\"224\" data-end=\"350\">\n<tr data-start=\"224\" data-end=\"350\">\n<th data-start=\"224\" data-end=\"245\" data-col-size=\"sm\"><strong data-start=\"226\" data-end=\"242\">Ki\u1ec3u \u0111\u1ed9ng c\u01a1<\/strong><\/th>\n<th data-start=\"245\" data-end=\"268\" data-col-size=\"sm\"><strong data-start=\"247\" data-end=\"267\">Ch\u1ebf \u0111\u1ed9 khai th\u00e1c<\/strong><\/th>\n<th data-start=\"268\" data-end=\"277\" data-col-size=\"sm\"><strong data-start=\"270\" data-end=\"276\">kW<\/strong><\/th>\n<th data-start=\"277\" data-end=\"286\" data-col-size=\"sm\"><strong data-start=\"279\" data-end=\"285\">Hp<\/strong><\/th>\n<th data-start=\"286\" data-end=\"296\" data-col-size=\"sm\"><strong data-start=\"288\" data-end=\"295\">rpm<\/strong><\/th>\n<th data-start=\"296\" data-end=\"323\" data-col-size=\"sm\"><strong data-start=\"298\" data-end=\"318\">H\u1ec7 th\u1ed1ng kh\u00ed n\u1ea1p<\/strong><\/th>\n<th data-start=\"323\" data-end=\"350\" data-col-size=\"sm\"><strong data-start=\"325\" data-end=\"348\">Ti\u00eau chu\u1ea9n kh\u00ed th\u1ea3i<\/strong><\/th>\n<\/tr>\n<\/thead>\n<tbody data-start=\"480\" data-end=\"1124\">\n<tr data-start=\"480\" data-end=\"608\">\n<td data-start=\"480\" data-end=\"501\" data-col-size=\"sm\">SY6G13CF178-15<\/td>\n<td data-col-size=\"sm\" data-start=\"501\" data-end=\"525\">PRP<\/td>\n<td data-col-size=\"sm\" data-start=\"525\" data-end=\"534\">162<\/td>\n<td data-col-size=\"sm\" data-start=\"534\" data-end=\"543\">220<\/td>\n<td data-col-size=\"sm\" data-start=\"543\" data-end=\"552\">1500<\/td>\n<td data-col-size=\"sm\" data-start=\"552\" data-end=\"580\">Turbo t\u0103ng \u00e1p<\/td>\n<td data-col-size=\"sm\" data-start=\"580\" data-end=\"608\">IMO II<\/td>\n<\/tr>\n<tr data-start=\"609\" data-end=\"737\">\n<td data-start=\"609\" data-end=\"630\" data-col-size=\"sm\">SY6G13CF198-15<\/td>\n<td data-col-size=\"sm\" data-start=\"630\" data-end=\"654\">PRP<\/td>\n<td data-col-size=\"sm\" data-start=\"654\" data-end=\"663\">180<\/td>\n<td data-col-size=\"sm\" data-start=\"663\" data-end=\"672\">245<\/td>\n<td data-col-size=\"sm\" data-start=\"672\" data-end=\"681\">1500<\/td>\n<td data-col-size=\"sm\" data-start=\"681\" data-end=\"709\">T\u0103ng \u00e1p c\u00f3 l\u00e0m m\u00e1t<\/td>\n<td data-col-size=\"sm\" data-start=\"709\" data-end=\"737\">IMO II<\/td>\n<\/tr>\n<tr data-start=\"738\" data-end=\"866\">\n<td data-start=\"738\" data-end=\"759\" data-col-size=\"sm\">SY6G13CF219-15<\/td>\n<td data-col-size=\"sm\" data-start=\"759\" data-end=\"783\">PRP<\/td>\n<td data-col-size=\"sm\" data-start=\"783\" data-end=\"792\">199<\/td>\n<td data-col-size=\"sm\" data-start=\"792\" data-end=\"801\">270<\/td>\n<td data-col-size=\"sm\" data-start=\"801\" data-end=\"810\">1500<\/td>\n<td data-col-size=\"sm\" data-start=\"810\" data-end=\"838\">T\u0103ng \u00e1p c\u00f3 l\u00e0m m\u00e1t<\/td>\n<td data-col-size=\"sm\" data-start=\"838\" data-end=\"866\">IMO II<\/td>\n<\/tr>\n<tr data-start=\"867\" data-end=\"995\">\n<td data-start=\"867\" data-end=\"888\" data-col-size=\"sm\">SY6G13CF254-15<\/td>\n<td data-col-size=\"sm\" data-start=\"888\" data-end=\"912\">PRP<\/td>\n<td data-col-size=\"sm\" data-start=\"912\" data-end=\"921\">240<\/td>\n<td data-col-size=\"sm\" data-start=\"921\" data-end=\"930\">326<\/td>\n<td data-col-size=\"sm\" data-start=\"930\" data-end=\"939\">1500<\/td>\n<td data-col-size=\"sm\" data-start=\"939\" data-end=\"967\">T\u0103ng \u00e1p c\u00f3 l\u00e0m m\u00e1t<\/td>\n<td data-col-size=\"sm\" data-start=\"967\" data-end=\"995\">IMO II<\/td>\n<\/tr>\n<tr data-start=\"996\" data-end=\"1124\">\n<td data-start=\"996\" data-end=\"1017\" data-col-size=\"sm\">SY6G13CF304-15<\/td>\n<td data-col-size=\"sm\" data-start=\"1017\" data-end=\"1041\">PRP<\/td>\n<td data-col-size=\"sm\" data-start=\"1041\" data-end=\"1050\">276<\/td>\n<td data-col-size=\"sm\" data-start=\"1050\" data-end=\"1059\">375<\/td>\n<td data-col-size=\"sm\" data-start=\"1059\" data-end=\"1068\">1500<\/td>\n<td data-col-size=\"sm\" data-start=\"1068\" data-end=\"1096\">T\u0103ng \u00e1p c\u00f3 l\u00e0m m\u00e1t<\/td>\n<td data-col-size=\"sm\" data-start=\"1096\" data-end=\"1124\">IMO II<\/td>\n<\/tr>\n<\/tbody>\n<\/table>\n<div class=\"sticky end-(--thread-content-margin) h-0 self-end select-none\">\n<div class=\"absolute end-0 flex items-end\"><\/div>\n<\/div>\n<\/div>\n<\/div>\n<p class=\"\" data-start=\"1126\" data-end=\"1170\"><strong data-start=\"1126\" data-end=\"1170\">C\u00f4ng su\u1ea5t li\u00ean t\u1ee5c t\u1ed1i \u0111a \u1edf t\u1ea7n s\u1ed1 60 Hz<\/strong><\/p>\n<div class=\"_tableContainer_16hzy_1\">\n<div class=\"_tableWrapper_16hzy_14 group flex w-fit flex-col-reverse\" tabindex=\"-1\">\n<table class=\"w-fit min-w-(--thread-content-width)\" data-start=\"1172\" data-end=\"2072\">\n<thead data-start=\"1172\" data-end=\"1298\">\n<tr data-start=\"1172\" data-end=\"1298\">\n<th data-start=\"1172\" data-end=\"1193\" data-col-size=\"sm\"><strong data-start=\"1174\" data-end=\"1190\">Ki\u1ec3u \u0111\u1ed9ng c\u01a1<\/strong><\/th>\n<th data-start=\"1193\" data-end=\"1216\" data-col-size=\"sm\"><strong data-start=\"1195\" data-end=\"1215\">Ch\u1ebf \u0111\u1ed9 khai th\u00e1c<\/strong><\/th>\n<th data-start=\"1216\" data-end=\"1225\" data-col-size=\"sm\"><strong data-start=\"1218\" data-end=\"1224\">kW<\/strong><\/th>\n<th data-start=\"1225\" data-end=\"1234\" data-col-size=\"sm\"><strong data-start=\"1227\" data-end=\"1233\">Hp<\/strong><\/th>\n<th data-start=\"1234\" data-end=\"1244\" data-col-size=\"sm\"><strong data-start=\"1236\" data-end=\"1243\">rpm<\/strong><\/th>\n<th data-start=\"1244\" data-end=\"1271\" data-col-size=\"sm\"><strong data-start=\"1246\" data-end=\"1266\">H\u1ec7 th\u1ed1ng kh\u00ed n\u1ea1p<\/strong><\/th>\n<th data-start=\"1271\" data-end=\"1298\" data-col-size=\"sm\"><strong data-start=\"1273\" data-end=\"1296\">Ti\u00eau chu\u1ea9n kh\u00ed th\u1ea3i<\/strong><\/th>\n<\/tr>\n<\/thead>\n<tbody data-start=\"1428\" data-end=\"2072\">\n<tr data-start=\"1428\" data-end=\"1556\">\n<td data-start=\"1428\" data-end=\"1449\" data-col-size=\"sm\">SY6G13CF178-18<\/td>\n<td data-col-size=\"sm\" data-start=\"1449\" data-end=\"1473\">PRP<\/td>\n<td data-col-size=\"sm\" data-start=\"1473\" data-end=\"1482\">162<\/td>\n<td data-col-size=\"sm\" data-start=\"1482\" data-end=\"1491\">220<\/td>\n<td data-col-size=\"sm\" data-start=\"1491\" data-end=\"1500\">1800<\/td>\n<td data-col-size=\"sm\" data-start=\"1500\" data-end=\"1528\">Turbo t\u0103ng \u00e1p<\/td>\n<td data-col-size=\"sm\" data-start=\"1528\" data-end=\"1556\">IMO II<\/td>\n<\/tr>\n<tr data-start=\"1557\" data-end=\"1685\">\n<td data-start=\"1557\" data-end=\"1578\" data-col-size=\"sm\">SY6G13CF198-18<\/td>\n<td data-col-size=\"sm\" data-start=\"1578\" data-end=\"1602\">PRP<\/td>\n<td data-col-size=\"sm\" data-start=\"1602\" data-end=\"1611\">180<\/td>\n<td data-col-size=\"sm\" data-start=\"1611\" data-end=\"1620\">245<\/td>\n<td data-col-size=\"sm\" data-start=\"1620\" data-end=\"1629\">1800<\/td>\n<td data-col-size=\"sm\" data-start=\"1629\" data-end=\"1657\">T\u0103ng \u00e1p c\u00f3 l\u00e0m m\u00e1t<\/td>\n<td data-col-size=\"sm\" data-start=\"1657\" data-end=\"1685\">IMO II<\/td>\n<\/tr>\n<tr data-start=\"1686\" data-end=\"1814\">\n<td data-start=\"1686\" data-end=\"1707\" data-col-size=\"sm\">SY6G13CF219-18<\/td>\n<td data-col-size=\"sm\" data-start=\"1707\" data-end=\"1731\">PRP<\/td>\n<td data-col-size=\"sm\" data-start=\"1731\" data-end=\"1740\">199<\/td>\n<td data-col-size=\"sm\" data-start=\"1740\" data-end=\"1749\">270<\/td>\n<td data-col-size=\"sm\" data-start=\"1749\" data-end=\"1758\">1800<\/td>\n<td data-col-size=\"sm\" data-start=\"1758\" data-end=\"1786\">T\u0103ng \u00e1p c\u00f3 l\u00e0m m\u00e1t<\/td>\n<td data-col-size=\"sm\" data-start=\"1786\" data-end=\"1814\">IMO II<\/td>\n<\/tr>\n<tr data-start=\"1815\" data-end=\"1943\">\n<td data-start=\"1815\" data-end=\"1836\" data-col-size=\"sm\">SY6G13CF254-18<\/td>\n<td data-col-size=\"sm\" data-start=\"1836\" data-end=\"1860\">PRP<\/td>\n<td data-col-size=\"sm\" data-start=\"1860\" data-end=\"1869\">240<\/td>\n<td data-col-size=\"sm\" data-start=\"1869\" data-end=\"1878\">326<\/td>\n<td data-col-size=\"sm\" data-start=\"1878\" data-end=\"1887\">1800<\/td>\n<td data-col-size=\"sm\" data-start=\"1887\" data-end=\"1915\">T\u0103ng \u00e1p c\u00f3 l\u00e0m m\u00e1t<\/td>\n<td data-col-size=\"sm\" data-start=\"1915\" data-end=\"1943\">IMO II<\/td>\n<\/tr>\n<tr data-start=\"1944\" data-end=\"2072\">\n<td data-start=\"1944\" data-end=\"1965\" data-col-size=\"sm\">SY6G13CF304-18<\/td>\n<td data-col-size=\"sm\" data-start=\"1965\" data-end=\"1989\">PRP<\/td>\n<td data-col-size=\"sm\" data-start=\"1989\" data-end=\"1998\">276<\/td>\n<td data-col-size=\"sm\" data-start=\"1998\" data-end=\"2007\">375<\/td>\n<td data-col-size=\"sm\" data-start=\"2007\" data-end=\"2016\">1800<\/td>\n<td data-col-size=\"sm\" data-start=\"2016\" data-end=\"2044\">T\u0103ng \u00e1p c\u00f3 l\u00e0m m\u00e1t<\/td>\n<td data-col-size=\"sm\" data-start=\"2044\" data-end=\"2072\">IMO II<\/td>\n<\/tr>\n<\/tbody>\n<\/table>\n<\/div>\n<\/div>\n<div class=\"_tableContainer_16hzy_1\"><\/div>\n<div>\n<div><\/div>\n<h2>TH\u00d4NG TIN V\u1ec0 NH\u00c0 CUNG C\u1ea4P<\/h2>\n<p><strong>Shangyan Power Technology Jiangsu Co., Ltd.<\/strong> l\u00e0 doanh nghi\u1ec7p c\u00f4ng ngh\u1ec7 cao chuy\u00ean s\u1ea3n xu\u1ea5t c\u00e1c h\u1ec7 th\u1ed1ng n\u0103ng l\u01b0\u1ee3ng bao g\u1ed3m \u0111\u1ed9ng c\u01a1 diesel v\u00e0 m\u00e1y ph\u00e1t \u0111i\u1ec7n.<\/p>\n<ul>\n<li><strong>Ti\u1ec1n th\u00e2n:<\/strong> Vi\u1ec7n \u0110\u1ed9ng c\u01a1 Diesel Ph\u1ed1 \u0110\u00f4ng Th\u01b0\u1ee3ng H\u1ea3i, th\u00e0nh l\u1eadp t\u1eeb n\u0103m <strong>1993<\/strong><\/li>\n<li><strong>C\u01a1 s\u1edf:<\/strong> 2 trung t\u00e2m nghi\u00ean c\u1ee9u v\u00e0 ph\u00e1t tri\u1ec3n (R&amp;D) t\u1ea1i Th\u01b0\u1ee3ng H\u1ea3i, 1 nh\u00e0 m\u00e1y s\u1ea3n xu\u1ea5t t\u1ea1i Nantong<\/li>\n<\/ul>\n<p><strong style=\"font-size: 16px;\">T\u1ea1i Vi\u1ec7t Nam, Vina TD H\u1ea3i Ph\u00f2ng<\/strong><span style=\"font-size: 16px;\"> t\u1ef1 h\u00e0o l\u00e0 <\/span><strong style=\"font-size: 16px;\">\u0111\u1ea1i l\u00fd ch\u00ednh th\u1ee9c c\u1ee7a Shyan Power. <\/strong><span style=\"font-size: 16px;\">Ch\u00fang t\u00f4i cam k\u1ebft mang \u0111\u1ebfn cho kh\u00e1ch h\u00e0ng c\u00e1c s\u1ea3n ph\u1ea9m \u0111\u1ed9ng c\u01a1 ch\u1ea5t l\u01b0\u1ee3ng cao nh\u1ea5t c\u00f9ng v\u1edbi c\u00e1c d\u1ecbch v\u1ee5 h\u1ed7 tr\u1ee3 chuy\u00ean s\u00e2u nh\u01b0:<\/span><\/p>\n<ul>\n<li><strong>T\u01b0 v\u1ea5n k\u1ef9 thu\u1eadt:<\/strong> \u0110\u1ed9i ng\u0169 k\u1ef9 s\u01b0 gi\u00e0u kinh nghi\u1ec7m lu\u00f4n s\u1eb5n s\u00e0ng h\u1ed7 tr\u1ee3 kh\u00e1ch h\u00e0ng v\u1edbi th\u00f4ng tin chi ti\u1ebft v\u00e0 ch\u00ednh x\u00e1c nh\u1ea5t.<\/li>\n<li><strong>H\u1ed7 tr\u1ee3 l\u1eafp \u0111\u1eb7t v\u00e0 b\u1ea3o tr\u00ec \u0111\u1ecbnh k\u1ef3:<\/strong> \u0110\u1ea3m b\u1ea3o \u0111\u1ed9ng c\u01a1 ho\u1ea1t \u0111\u1ed9ng \u1ed5n \u0111\u1ecbnh v\u00e0 hi\u1ec7u qu\u1ea3 trong th\u1eddi gian d\u00e0i.<\/li>\n<li><strong>D\u1ecbch v\u1ee5 h\u1eadu m\u00e3i t\u1eadn t\u00e2m:<\/strong> H\u1ed7 tr\u1ee3 kh\u00e1ch h\u00e0ng t\u1ed1i \u01b0u h\u00f3a hi\u1ec7u qu\u1ea3 v\u1eadn h\u00e0nh c\u1ee7a thi\u1ebft b\u1ecb.<\/li>\n<\/ul>\n<\/div>\n<div class=\"group pointer-events-none relative flex justify-center *:pointer-events-auto\"><\/div>\n","protected":false},"excerpt":{"rendered":"<p>Th\u00f4ng tin chung H\u1ea1ng m\u1ee5c Th\u00f4ng s\u1ed1 Ki\u1ec3u \u0111\u1ed9ng c\u01a1 4 k\u1ef3; 6 xi lanh th\u1eb3ng h\u00e0ng H\u1ec7 th\u1ed1ng kh\u00ed n\u1ea1p Turbo t\u0103ng \u00e1p \/ T\u0103ng \u00e1p c\u00f3 l\u00e0m m\u00e1t \u0110\u01b0\u1eddng k\u00ednh xi lanh \u00d7 H\u00e0nh tr\u00ecnh piston (mm) 135 \u00d7 150 Dung t\u00edch xi lanh (L) 12.9 Ti\u00eau chu\u1ea9n l\u1eafp gh\u00e9p SAE 1# \/ [&hellip;]<\/p>\n","protected":false},"featured_media":32170,"template":"","meta":{"site-sidebar-layout":"default","site-content-layout":"","ast-site-content-layout":"default","site-content-style":"default","site-sidebar-style":"default","ast-global-header-display":"","ast-banner-title-visibility":"","ast-main-header-display":"","ast-hfb-above-header-display":"","ast-hfb-below-header-display":"","ast-hfb-mobile-header-display":"","site-post-title":"","ast-breadcrumbs-content":"","ast-featured-img":"","footer-sml-layout":"","theme-transparent-header-meta":"default","adv-header-id-meta":"","stick-header-meta":"","header-above-stick-meta":"","header-main-stick-meta":"","header-below-stick-meta":"","astra-migrate-meta-layouts":"set","ast-page-background-enabled":"default","ast-page-background-meta":{"desktop":{"background-color":"var(--ast-global-color-4)","background-image":"","background-repeat":"repeat","background-position":"center center","background-size":"auto","background-attachment":"scroll","background-type":"","background-media":"","overlay-type":"","overlay-color":"","overlay-opacity":"","overlay-gradient":""},"tablet":{"background-color":"","background-image":"","background-repeat":"repeat","background-position":"center center","background-size":"auto","background-attachment":"scroll","background-type":"","background-media":"","overlay-type":"","overlay-color":"","overlay-opacity":"","overlay-gradient":""},"mobile":{"background-color":"","background-image":"","background-repeat":"repeat","background-position":"center center","background-size":"auto","background-attachment":"scroll","background-type":"","background-media":"","overlay-type":"","overlay-color":"","overlay-opacity":"","overlay-gradient":""}},"ast-content-background-meta":{"desktop":{"background-color":"var(--ast-global-color-5)","background-image":"","background-repeat":"repeat","background-position":"center center","background-size":"auto","background-attachment":"scroll","background-type":"","background-media":"","overlay-type":"","overlay-color":"","overlay-opacity":"","overlay-gradient":""},"tablet":{"background-color":"var(--ast-global-color-5)","background-image":"","background-repeat":"repeat","background-position":"center center","background-size":"auto","background-attachment":"scroll","background-type":"","background-media":"","overlay-type":"","overlay-color":"","overlay-opacity":"","overlay-gradient":""},"mobile":{"background-color":"var(--ast-global-color-5)","background-image":"","background-repeat":"repeat","background-position":"center center","background-size":"auto","background-attachment":"scroll","background-type":"","background-media":"","overlay-type":"","overlay-color":"","overlay-opacity":"","overlay-gradient":""}}},"product_cat":[402,407],"product_tag":[],"class_list":{"0":"post-32279","1":"product","2":"type-product","3":"status-publish","4":"has-post-thumbnail","6":"product_cat-dong-co-shyan-power","7":"product_cat-may-phat-dien-hang-hai-shyan-power","8":"desktop-align-left","9":"tablet-align-left","10":"mobile-align-left","12":"first","13":"instock","14":"shipping-taxable","15":"product-type-simple"},"_links":{"self":[{"href":"https:\/\/vinatd.com\/index.php?rest_route=\/wp\/v2\/product\/32279","targetHints":{"allow":["GET"]}}],"collection":[{"href":"https:\/\/vinatd.com\/index.php?rest_route=\/wp\/v2\/product"}],"about":[{"href":"https:\/\/vinatd.com\/index.php?rest_route=\/wp\/v2\/types\/product"}],"wp:featuredmedia":[{"embeddable":true,"href":"https:\/\/vinatd.com\/index.php?rest_route=\/wp\/v2\/media\/32170"}],"wp:attachment":[{"href":"https:\/\/vinatd.com\/index.php?rest_route=%2Fwp%2Fv2%2Fmedia&parent=32279"}],"wp:term":[{"taxonomy":"product_cat","embeddable":true,"href":"https:\/\/vinatd.com\/index.php?rest_route=%2Fwp%2Fv2%2Fproduct_cat&post=32279"},{"taxonomy":"product_tag","embeddable":true,"href":"https:\/\/vinatd.com\/index.php?rest_route=%2Fwp%2Fv2%2Fproduct_tag&post=32279"}],"curies":[{"name":"wp","href":"https:\/\/api.w.org\/{rel}","templated":true}]}}