{"id":32273,"date":"2025-05-09T08:11:09","date_gmt":"2025-05-09T01:11:09","guid":{"rendered":"https:\/\/vinatd.com\/?post_type=product&#038;p=32273"},"modified":"2025-05-09T08:25:31","modified_gmt":"2025-05-09T01:25:31","slug":"dong-co-may-phu-hang-hai-shyan-4y5cf-73kw-120kw","status":"publish","type":"product","link":"https:\/\/vinatd.com\/?product=dong-co-may-phu-hang-hai-shyan-4y5cf-73kw-120kw","title":{"rendered":"\u0110\u1ed9ng c\u01a1 m\u00e1y ph\u1ee5 h\u00e0ng h\u1ea3i SHYAN | 4Y5CF (73KW &#8211; 120KW)"},"content":{"rendered":"<h1><strong>Th\u00f4ng tin chung<\/strong><\/h1>\n<table class=\"w-fit min-w-(--thread-content-width)\" data-start=\"244\" data-end=\"1295\">\n<thead data-start=\"244\" data-end=\"338\">\n<tr data-start=\"244\" data-end=\"338\">\n<th data-start=\"244\" data-end=\"291\" data-col-size=\"sm\"><strong data-start=\"246\" data-end=\"258\">H\u1ea1ng m\u1ee5c<\/strong><\/th>\n<th data-start=\"291\" data-end=\"338\" data-col-size=\"sm\"><strong data-start=\"293\" data-end=\"305\">Th\u00f4ng s\u1ed1<\/strong><\/th>\n<\/tr>\n<\/thead>\n<tbody data-start=\"434\" data-end=\"1295\">\n<tr data-start=\"434\" data-end=\"529\">\n<td data-start=\"434\" data-end=\"482\" data-col-size=\"sm\"><strong data-start=\"436\" data-end=\"452\">Ki\u1ec3u \u0111\u1ed9ng c\u01a1<\/strong><\/td>\n<td data-col-size=\"sm\" data-start=\"482\" data-end=\"529\">4 k\u1ef3; 4 xi lanh th\u1eb3ng h\u00e0ng<\/td>\n<\/tr>\n<tr data-start=\"530\" data-end=\"624\">\n<td data-start=\"530\" data-end=\"578\" data-col-size=\"sm\"><strong data-start=\"532\" data-end=\"552\">H\u1ec7 th\u1ed1ng kh\u00ed n\u1ea1p<\/strong><\/td>\n<td data-col-size=\"sm\" data-start=\"578\" data-end=\"624\">Turbo t\u0103ng \u00e1p \/ T\u0103ng \u00e1p c\u00f3 l\u00e0m m\u00e1t<\/td>\n<\/tr>\n<tr data-start=\"625\" data-end=\"719\">\n<td data-start=\"625\" data-end=\"672\" data-col-size=\"sm\"><strong data-start=\"627\" data-end=\"669\">\u0110\u01b0\u1eddng k\u00ednh xi lanh \u00d7 H\u00e0nh tr\u00ecnh piston<\/strong><\/td>\n<td data-col-size=\"sm\" data-start=\"672\" data-end=\"719\">108 \u00d7 132 mm<\/td>\n<\/tr>\n<tr data-start=\"720\" data-end=\"815\">\n<td data-start=\"720\" data-end=\"768\" data-col-size=\"sm\"><strong data-start=\"722\" data-end=\"747\">Dung t\u00edch xi lanh (L)<\/strong><\/td>\n<td data-col-size=\"sm\" data-start=\"768\" data-end=\"815\">4.8<\/td>\n<\/tr>\n<tr data-start=\"816\" data-end=\"911\">\n<td data-start=\"816\" data-end=\"864\" data-col-size=\"sm\"><strong data-start=\"818\" data-end=\"841\">Ti\u00eau chu\u1ea9n l\u1eafp gh\u00e9p<\/strong><\/td>\n<td data-col-size=\"sm\" data-start=\"864\" data-end=\"911\">SAE 3# \/ 11.5&#8221;<\/td>\n<\/tr>\n<tr data-start=\"912\" data-end=\"1007\">\n<td data-start=\"912\" data-end=\"960\" data-col-size=\"sm\"><strong data-start=\"914\" data-end=\"937\">H\u1ec7 th\u1ed1ng nhi\u00ean li\u1ec7u<\/strong><\/td>\n<td data-col-size=\"sm\" data-start=\"960\" data-end=\"1007\">C\u01a1 kh\u00ed + \u0110i\u1ec1u t\u1ed1c \u0111i\u1ec7n t\u1eed<\/td>\n<\/tr>\n<tr data-start=\"1008\" data-end=\"1103\">\n<td data-start=\"1008\" data-end=\"1056\" data-col-size=\"sm\"><strong data-start=\"1010\" data-end=\"1042\">T\u1ed1c \u0111\u1ed9 kh\u00f4ng t\u1ea3i (v\u00f2ng\/ph\u00fat)<\/strong><\/td>\n<td data-col-size=\"sm\" data-start=\"1056\" data-end=\"1103\">850<\/td>\n<\/tr>\n<tr data-start=\"1104\" data-end=\"1199\">\n<td data-start=\"1104\" data-end=\"1152\" data-col-size=\"sm\"><strong data-start=\"1106\" data-end=\"1133\">K\u00edch th\u01b0\u1edbc (L\u00d7W\u00d7H) (mm)<\/strong><\/td>\n<td data-col-size=\"sm\" data-start=\"1152\" data-end=\"1199\">1126 \u00d7 829 \u00d7 1134<\/td>\n<\/tr>\n<tr data-start=\"1200\" data-end=\"1295\">\n<td data-start=\"1200\" data-end=\"1248\" data-col-size=\"sm\"><strong data-start=\"1202\" data-end=\"1222\">Tr\u1ecdng l\u01b0\u1ee3ng (kg)<\/strong><\/td>\n<td data-col-size=\"sm\" data-start=\"1248\" data-end=\"1295\">582<\/td>\n<\/tr>\n<\/tbody>\n<\/table>\n<p>&nbsp;<\/p>\n<p>&nbsp;<\/p>\n<p><span style=\"font-size: 2em; font-weight: bold;\">Th\u00f4ng s\u1ed1 k\u1ef9 thu\u1eadt chi ti\u1ebft<\/span><\/p>\n<p><strong>C\u00f4ng su\u1ea5t li\u00ean t\u1ee5c t\u1ed1i \u0111a \u1edf t\u1ea7n s\u1ed1 50 Hz<\/strong><\/p>\n<table class=\"w-fit min-w-(--thread-content-width)\" data-start=\"206\" data-end=\"966\">\n<thead data-start=\"206\" data-end=\"330\">\n<tr data-start=\"206\" data-end=\"330\">\n<th data-start=\"206\" data-end=\"225\" data-col-size=\"sm\"><strong data-start=\"208\" data-end=\"224\">Ki\u1ec3u \u0111\u1ed9ng c\u01a1<\/strong><\/th>\n<th data-start=\"225\" data-end=\"248\" data-col-size=\"sm\"><strong data-start=\"227\" data-end=\"247\">Ch\u1ebf \u0111\u1ed9 khai th\u00e1c<\/strong><\/th>\n<th data-start=\"248\" data-end=\"257\" data-col-size=\"sm\"><strong data-start=\"250\" data-end=\"256\">kW<\/strong><\/th>\n<th data-start=\"257\" data-end=\"266\" data-col-size=\"sm\"><strong data-start=\"259\" data-end=\"265\">Hp<\/strong><\/th>\n<th data-start=\"266\" data-end=\"276\" data-col-size=\"sm\"><strong data-start=\"268\" data-end=\"275\">rpm<\/strong><\/th>\n<th data-start=\"276\" data-end=\"303\" data-col-size=\"sm\"><strong data-start=\"278\" data-end=\"298\">H\u1ec7 th\u1ed1ng kh\u00ed n\u1ea1p<\/strong><\/th>\n<th data-start=\"303\" data-end=\"330\" data-col-size=\"sm\"><strong data-start=\"305\" data-end=\"328\">Ti\u00eau chu\u1ea9n kh\u00ed th\u1ea3i<\/strong><\/th>\n<\/tr>\n<\/thead>\n<tbody data-start=\"459\" data-end=\"966\">\n<tr data-start=\"459\" data-end=\"585\">\n<td data-start=\"459\" data-end=\"478\" data-col-size=\"sm\">SY4Y5CF98-15<\/td>\n<td data-col-size=\"sm\" data-start=\"478\" data-end=\"502\">PRP<\/td>\n<td data-col-size=\"sm\" data-start=\"502\" data-end=\"511\">73<\/td>\n<td data-col-size=\"sm\" data-start=\"511\" data-end=\"520\">99<\/td>\n<td data-col-size=\"sm\" data-start=\"520\" data-end=\"530\">1500<\/td>\n<td data-col-size=\"sm\" data-start=\"530\" data-end=\"557\">Turbo t\u0103ng \u00e1p<\/td>\n<td data-col-size=\"sm\" data-start=\"557\" data-end=\"585\">IMO II<\/td>\n<\/tr>\n<tr data-start=\"586\" data-end=\"712\">\n<td data-start=\"586\" data-end=\"605\" data-col-size=\"sm\">SY4Y5CF99-15<\/td>\n<td data-col-size=\"sm\" data-start=\"605\" data-end=\"629\">PRP<\/td>\n<td data-col-size=\"sm\" data-start=\"629\" data-end=\"638\">90<\/td>\n<td data-col-size=\"sm\" data-start=\"638\" data-end=\"647\">122<\/td>\n<td data-col-size=\"sm\" data-start=\"647\" data-end=\"657\">1500<\/td>\n<td data-col-size=\"sm\" data-start=\"657\" data-end=\"684\">T\u0103ng \u00e1p c\u00f3 l\u00e0m m\u00e1t<\/td>\n<td data-col-size=\"sm\" data-start=\"684\" data-end=\"712\">IMO II<\/td>\n<\/tr>\n<tr data-start=\"713\" data-end=\"839\">\n<td data-start=\"713\" data-end=\"732\" data-col-size=\"sm\">SY4Y5CF110-15<\/td>\n<td data-col-size=\"sm\" data-start=\"732\" data-end=\"756\">PRP<\/td>\n<td data-col-size=\"sm\" data-start=\"756\" data-end=\"765\">100<\/td>\n<td data-col-size=\"sm\" data-start=\"765\" data-end=\"774\">136<\/td>\n<td data-col-size=\"sm\" data-start=\"774\" data-end=\"784\">1500<\/td>\n<td data-col-size=\"sm\" data-start=\"784\" data-end=\"811\">T\u0103ng \u00e1p c\u00f3 l\u00e0m m\u00e1t<\/td>\n<td data-col-size=\"sm\" data-start=\"811\" data-end=\"839\">IMO II<\/td>\n<\/tr>\n<tr data-start=\"840\" data-end=\"966\">\n<td data-start=\"840\" data-end=\"859\" data-col-size=\"sm\">SY4Y5CF132-15<\/td>\n<td data-col-size=\"sm\" data-start=\"859\" data-end=\"883\">PRP<\/td>\n<td data-col-size=\"sm\" data-start=\"883\" data-end=\"892\">120<\/td>\n<td data-col-size=\"sm\" data-start=\"892\" data-end=\"901\">163<\/td>\n<td data-col-size=\"sm\" data-start=\"901\" data-end=\"911\">1500<\/td>\n<td data-col-size=\"sm\" data-start=\"911\" data-end=\"938\">T\u0103ng \u00e1p c\u00f3 l\u00e0m m\u00e1t<\/td>\n<td data-col-size=\"sm\" data-start=\"938\" data-end=\"966\">IMO II<\/td>\n<\/tr>\n<\/tbody>\n<\/table>\n<p>&nbsp;<\/p>\n<p>&nbsp;<\/p>\n<div>\n<div><\/div>\n<h2>TH\u00d4NG TIN V\u1ec0 NH\u00c0 CUNG C\u1ea4P<\/h2>\n<p><strong>Shangyan Power Technology Jiangsu Co., Ltd.<\/strong> l\u00e0 doanh nghi\u1ec7p c\u00f4ng ngh\u1ec7 cao chuy\u00ean s\u1ea3n xu\u1ea5t c\u00e1c h\u1ec7 th\u1ed1ng n\u0103ng l\u01b0\u1ee3ng bao g\u1ed3m \u0111\u1ed9ng c\u01a1 diesel v\u00e0 m\u00e1y ph\u00e1t \u0111i\u1ec7n.<\/p>\n<ul>\n<li><strong>Ti\u1ec1n th\u00e2n:<\/strong> Vi\u1ec7n \u0110\u1ed9ng c\u01a1 Diesel Ph\u1ed1 \u0110\u00f4ng Th\u01b0\u1ee3ng H\u1ea3i, th\u00e0nh l\u1eadp t\u1eeb n\u0103m <strong>1993<\/strong><\/li>\n<li><strong>C\u01a1 s\u1edf:<\/strong> 2 trung t\u00e2m nghi\u00ean c\u1ee9u v\u00e0 ph\u00e1t tri\u1ec3n (R&amp;D) t\u1ea1i Th\u01b0\u1ee3ng H\u1ea3i, 1 nh\u00e0 m\u00e1y s\u1ea3n xu\u1ea5t t\u1ea1i Nantong<\/li>\n<\/ul>\n<p><strong style=\"font-size: 16px;\">T\u1ea1i Vi\u1ec7t Nam, Vina TD H\u1ea3i Ph\u00f2ng<\/strong><span style=\"font-size: 16px;\"> t\u1ef1 h\u00e0o l\u00e0 <\/span><strong style=\"font-size: 16px;\">\u0111\u1ea1i l\u00fd ch\u00ednh th\u1ee9c c\u1ee7a Shyan Power. <\/strong><span style=\"font-size: 16px;\">Ch\u00fang t\u00f4i cam k\u1ebft mang \u0111\u1ebfn cho kh\u00e1ch h\u00e0ng c\u00e1c s\u1ea3n ph\u1ea9m \u0111\u1ed9ng c\u01a1 ch\u1ea5t l\u01b0\u1ee3ng cao nh\u1ea5t c\u00f9ng v\u1edbi c\u00e1c d\u1ecbch v\u1ee5 h\u1ed7 tr\u1ee3 chuy\u00ean s\u00e2u nh\u01b0:<\/span><\/p>\n<ul>\n<li><strong>T\u01b0 v\u1ea5n k\u1ef9 thu\u1eadt:<\/strong> \u0110\u1ed9i ng\u0169 k\u1ef9 s\u01b0 gi\u00e0u kinh nghi\u1ec7m lu\u00f4n s\u1eb5n s\u00e0ng h\u1ed7 tr\u1ee3 kh\u00e1ch h\u00e0ng v\u1edbi th\u00f4ng tin chi ti\u1ebft v\u00e0 ch\u00ednh x\u00e1c nh\u1ea5t.<\/li>\n<li><strong>H\u1ed7 tr\u1ee3 l\u1eafp \u0111\u1eb7t v\u00e0 b\u1ea3o tr\u00ec \u0111\u1ecbnh k\u1ef3:<\/strong> \u0110\u1ea3m b\u1ea3o \u0111\u1ed9ng c\u01a1 ho\u1ea1t \u0111\u1ed9ng \u1ed5n \u0111\u1ecbnh v\u00e0 hi\u1ec7u qu\u1ea3 trong th\u1eddi gian d\u00e0i.<\/li>\n<li><strong>D\u1ecbch v\u1ee5 h\u1eadu m\u00e3i t\u1eadn t\u00e2m:<\/strong> H\u1ed7 tr\u1ee3 kh\u00e1ch h\u00e0ng t\u1ed1i \u01b0u h\u00f3a hi\u1ec7u qu\u1ea3 v\u1eadn h\u00e0nh c\u1ee7a thi\u1ebft b\u1ecb.<\/li>\n<\/ul>\n<\/div>\n<div class=\"group pointer-events-none relative flex justify-center *:pointer-events-auto\"><\/div>\n","protected":false},"excerpt":{"rendered":"<p>Th\u00f4ng tin chung H\u1ea1ng m\u1ee5c Th\u00f4ng s\u1ed1 Ki\u1ec3u \u0111\u1ed9ng c\u01a1 4 k\u1ef3; 4 xi lanh th\u1eb3ng h\u00e0ng H\u1ec7 th\u1ed1ng kh\u00ed n\u1ea1p Turbo t\u0103ng \u00e1p \/ T\u0103ng \u00e1p c\u00f3 l\u00e0m m\u00e1t \u0110\u01b0\u1eddng k\u00ednh xi lanh \u00d7 H\u00e0nh tr\u00ecnh piston 108 \u00d7 132 mm Dung t\u00edch xi lanh (L) 4.8 Ti\u00eau chu\u1ea9n l\u1eafp gh\u00e9p SAE 3# \/ [&hellip;]<\/p>\n","protected":false},"featured_media":32274,"template":"","meta":{"site-sidebar-layout":"default","site-content-layout":"","ast-site-content-layout":"default","site-content-style":"default","site-sidebar-style":"default","ast-global-header-display":"","ast-banner-title-visibility":"","ast-main-header-display":"","ast-hfb-above-header-display":"","ast-hfb-below-header-display":"","ast-hfb-mobile-header-display":"","site-post-title":"","ast-breadcrumbs-content":"","ast-featured-img":"","footer-sml-layout":"","theme-transparent-header-meta":"default","adv-header-id-meta":"","stick-header-meta":"","header-above-stick-meta":"","header-main-stick-meta":"","header-below-stick-meta":"","astra-migrate-meta-layouts":"set","ast-page-background-enabled":"default","ast-page-background-meta":{"desktop":{"background-color":"var(--ast-global-color-4)","background-image":"","background-repeat":"repeat","background-position":"center center","background-size":"auto","background-attachment":"scroll","background-type":"","background-media":"","overlay-type":"","overlay-color":"","overlay-opacity":"","overlay-gradient":""},"tablet":{"background-color":"","background-image":"","background-repeat":"repeat","background-position":"center center","background-size":"auto","background-attachment":"scroll","background-type":"","background-media":"","overlay-type":"","overlay-color":"","overlay-opacity":"","overlay-gradient":""},"mobile":{"background-color":"","background-image":"","background-repeat":"repeat","background-position":"center center","background-size":"auto","background-attachment":"scroll","background-type":"","background-media":"","overlay-type":"","overlay-color":"","overlay-opacity":"","overlay-gradient":""}},"ast-content-background-meta":{"desktop":{"background-color":"var(--ast-global-color-5)","background-image":"","background-repeat":"repeat","background-position":"center center","background-size":"auto","background-attachment":"scroll","background-type":"","background-media":"","overlay-type":"","overlay-color":"","overlay-opacity":"","overlay-gradient":""},"tablet":{"background-color":"var(--ast-global-color-5)","background-image":"","background-repeat":"repeat","background-position":"center center","background-size":"auto","background-attachment":"scroll","background-type":"","background-media":"","overlay-type":"","overlay-color":"","overlay-opacity":"","overlay-gradient":""},"mobile":{"background-color":"var(--ast-global-color-5)","background-image":"","background-repeat":"repeat","background-position":"center center","background-size":"auto","background-attachment":"scroll","background-type":"","background-media":"","overlay-type":"","overlay-color":"","overlay-opacity":"","overlay-gradient":""}}},"product_cat":[402,407],"product_tag":[],"class_list":{"0":"post-32273","1":"product","2":"type-product","3":"status-publish","4":"has-post-thumbnail","6":"product_cat-dong-co-shyan-power","7":"product_cat-may-phat-dien-hang-hai-shyan-power","8":"desktop-align-left","9":"tablet-align-left","10":"mobile-align-left","12":"first","13":"instock","14":"shipping-taxable","15":"product-type-simple"},"_links":{"self":[{"href":"https:\/\/vinatd.com\/index.php?rest_route=\/wp\/v2\/product\/32273","targetHints":{"allow":["GET"]}}],"collection":[{"href":"https:\/\/vinatd.com\/index.php?rest_route=\/wp\/v2\/product"}],"about":[{"href":"https:\/\/vinatd.com\/index.php?rest_route=\/wp\/v2\/types\/product"}],"wp:featuredmedia":[{"embeddable":true,"href":"https:\/\/vinatd.com\/index.php?rest_route=\/wp\/v2\/media\/32274"}],"wp:attachment":[{"href":"https:\/\/vinatd.com\/index.php?rest_route=%2Fwp%2Fv2%2Fmedia&parent=32273"}],"wp:term":[{"taxonomy":"product_cat","embeddable":true,"href":"https:\/\/vinatd.com\/index.php?rest_route=%2Fwp%2Fv2%2Fproduct_cat&post=32273"},{"taxonomy":"product_tag","embeddable":true,"href":"https:\/\/vinatd.com\/index.php?rest_route=%2Fwp%2Fv2%2Fproduct_tag&post=32273"}],"curies":[{"name":"wp","href":"https:\/\/api.w.org\/{rel}","templated":true}]}}