{"id":32260,"date":"2025-05-03T08:39:51","date_gmt":"2025-05-03T01:39:51","guid":{"rendered":"https:\/\/vinatd.com\/?post_type=product&#038;p=32260"},"modified":"2025-05-08T16:07:14","modified_gmt":"2025-05-08T09:07:14","slug":"dong-co-day-hang-hai-shyan-8160c","status":"publish","type":"product","link":"https:\/\/vinatd.com\/?product=dong-co-day-hang-hai-shyan-8160c","title":{"rendered":"\u0110\u1ed9ng c\u01a1 \u0111\u1ea9y h\u00e0ng h\u1ea3i SHYAN | 8160C (1000HP &#8211; 1200HP)"},"content":{"rendered":"<h1><strong>Th\u00f4ng tin chung<\/strong><\/h1>\n<table class=\"w-fit min-w-(--thread-content-width)\" data-start=\"227\" data-end=\"1225\">\n<thead data-start=\"227\" data-end=\"316\">\n<tr data-start=\"227\" data-end=\"316\">\n<th data-start=\"227\" data-end=\"274\" data-col-size=\"sm\"><strong data-start=\"229\" data-end=\"241\">H\u1ea1ng m\u1ee5c<\/strong><\/th>\n<th data-start=\"274\" data-end=\"316\" data-col-size=\"sm\"><strong data-start=\"276\" data-end=\"287\">Gi\u00e1 tr\u1ecb<\/strong><\/th>\n<\/tr>\n<\/thead>\n<tbody data-start=\"407\" data-end=\"1225\">\n<tr data-start=\"407\" data-end=\"497\">\n<td data-start=\"407\" data-end=\"455\" data-col-size=\"sm\"><strong data-start=\"409\" data-end=\"425\">Ki\u1ec3u \u0111\u1ed9ng c\u01a1<\/strong><\/td>\n<td data-col-size=\"sm\" data-start=\"455\" data-end=\"497\">4 k\u1ef3; 8 xi lanh th\u1eb3ng h\u00e0ng<\/td>\n<\/tr>\n<tr data-start=\"498\" data-end=\"588\">\n<td data-start=\"498\" data-end=\"546\" data-col-size=\"sm\"><strong data-start=\"500\" data-end=\"520\">H\u1ec7 th\u1ed1ng kh\u00ed n\u1ea1p<\/strong><\/td>\n<td data-col-size=\"sm\" data-start=\"546\" data-end=\"588\">T\u0103ng \u00e1p c\u00f3 l\u00e0m m\u00e1t<\/td>\n<\/tr>\n<tr data-start=\"589\" data-end=\"679\">\n<td data-start=\"589\" data-end=\"637\" data-col-size=\"sm\"><strong data-start=\"591\" data-end=\"630\">\u0110\u01b0\u1eddng k\u00ednh x H\u00e0nh tr\u00ecnh piston (mm)<\/strong><\/td>\n<td data-col-size=\"sm\" data-start=\"637\" data-end=\"679\">160 x 210<\/td>\n<\/tr>\n<tr data-start=\"680\" data-end=\"770\">\n<td data-start=\"680\" data-end=\"728\" data-col-size=\"sm\"><strong data-start=\"682\" data-end=\"707\">Dung t\u00edch xi lanh (L)<\/strong><\/td>\n<td data-col-size=\"sm\" data-start=\"728\" data-end=\"770\">33.8<\/td>\n<\/tr>\n<tr data-start=\"771\" data-end=\"861\">\n<td data-start=\"771\" data-end=\"819\" data-col-size=\"sm\"><strong data-start=\"773\" data-end=\"796\">Ti\u00eau chu\u1ea9n l\u1eafp gh\u00e9p<\/strong><\/td>\n<td data-col-size=\"sm\" data-start=\"819\" data-end=\"861\">SAE 0# \/ 18&#8243;<\/td>\n<\/tr>\n<tr data-start=\"862\" data-end=\"952\">\n<td data-start=\"862\" data-end=\"910\" data-col-size=\"sm\"><strong data-start=\"864\" data-end=\"887\">H\u1ec7 th\u1ed1ng nhi\u00ean li\u1ec7u<\/strong><\/td>\n<td data-col-size=\"sm\" data-start=\"910\" data-end=\"952\">C\u01a1 kh\u00ed<\/td>\n<\/tr>\n<tr data-start=\"953\" data-end=\"1043\">\n<td data-start=\"953\" data-end=\"1001\" data-col-size=\"sm\"><strong data-start=\"955\" data-end=\"987\">T\u1ed1c \u0111\u1ed9 kh\u00f4ng t\u1ea3i (v\u00f2ng\/ph\u00fat)<\/strong><\/td>\n<td data-col-size=\"sm\" data-start=\"1001\" data-end=\"1043\">650<\/td>\n<\/tr>\n<tr data-start=\"1044\" data-end=\"1134\">\n<td data-start=\"1044\" data-end=\"1092\" data-col-size=\"sm\"><strong data-start=\"1046\" data-end=\"1073\">K\u00edch th\u01b0\u1edbc (DxRxC) (mm)<\/strong><\/td>\n<td data-col-size=\"sm\" data-start=\"1092\" data-end=\"1134\">2340 x 1002 x 1650<\/td>\n<\/tr>\n<tr data-start=\"1135\" data-end=\"1225\">\n<td data-start=\"1135\" data-end=\"1183\" data-col-size=\"sm\"><strong data-start=\"1137\" data-end=\"1157\">Tr\u1ecdng l\u01b0\u1ee3ng (kg)<\/strong><\/td>\n<td data-col-size=\"sm\" data-start=\"1183\" data-end=\"1225\">3450<\/td>\n<\/tr>\n<\/tbody>\n<\/table>\n<p>&nbsp;<\/p>\n<p>&nbsp;<\/p>\n<p><span style=\"font-size: 2em; font-weight: bold;\">Th\u00f4ng s\u1ed1 k\u1ef9 thu\u1eadt chi ti\u1ebft<\/span><\/p>\n<table class=\"w-fit min-w-(--thread-content-width)\" data-start=\"194\" data-end=\"1855\">\n<thead data-start=\"194\" data-end=\"295\">\n<tr data-start=\"194\" data-end=\"295\">\n<th data-start=\"194\" data-end=\"217\" data-col-size=\"sm\"><strong data-start=\"196\" data-end=\"212\">Ki\u1ec3u \u0111\u1ed9ng c\u01a1<\/strong><\/th>\n<th data-start=\"217\" data-end=\"240\" data-col-size=\"sm\"><strong data-start=\"219\" data-end=\"239\">Ch\u1ebf \u0111\u1ed9 khai th\u00e1c<\/strong><\/th>\n<th data-start=\"240\" data-end=\"249\" data-col-size=\"sm\"><strong data-start=\"242\" data-end=\"248\">kW<\/strong><\/th>\n<th data-start=\"249\" data-end=\"258\" data-col-size=\"sm\"><strong data-start=\"251\" data-end=\"257\">HP<\/strong><\/th>\n<th data-start=\"258\" data-end=\"268\" data-col-size=\"sm\"><strong data-start=\"260\" data-end=\"267\">RPM<\/strong><\/th>\n<th data-start=\"268\" data-end=\"295\" data-col-size=\"sm\"><strong data-start=\"270\" data-end=\"293\">Ti\u00eau chu\u1ea9n kh\u00ed th\u1ea3i<\/strong><\/th>\n<\/tr>\n<\/thead>\n<tbody data-start=\"400\" data-end=\"1855\">\n<tr data-start=\"400\" data-end=\"503\">\n<td data-start=\"400\" data-end=\"423\" data-col-size=\"sm\">SY8160C598-1<\/td>\n<td data-col-size=\"sm\" data-start=\"423\" data-end=\"447\">P1<\/td>\n<td data-col-size=\"sm\" data-start=\"447\" data-end=\"456\">440<\/td>\n<td data-col-size=\"sm\" data-start=\"456\" data-end=\"465\">598<\/td>\n<td data-col-size=\"sm\" data-start=\"465\" data-end=\"475\">1000<\/td>\n<td data-col-size=\"sm\" data-start=\"475\" data-end=\"503\">IMO II<\/td>\n<\/tr>\n<tr data-start=\"504\" data-end=\"607\">\n<td data-start=\"504\" data-end=\"527\" data-col-size=\"sm\">SY8160C666-1<\/td>\n<td data-col-size=\"sm\" data-start=\"527\" data-end=\"551\">P1<\/td>\n<td data-col-size=\"sm\" data-start=\"551\" data-end=\"560\">490<\/td>\n<td data-col-size=\"sm\" data-start=\"560\" data-end=\"569\">666<\/td>\n<td data-col-size=\"sm\" data-start=\"569\" data-end=\"579\">1000<\/td>\n<td data-col-size=\"sm\" data-start=\"579\" data-end=\"607\">IMO II<\/td>\n<\/tr>\n<tr data-start=\"608\" data-end=\"711\">\n<td data-start=\"608\" data-end=\"631\" data-col-size=\"sm\">SY8160C734-3<\/td>\n<td data-col-size=\"sm\" data-start=\"631\" data-end=\"655\">P2<\/td>\n<td data-col-size=\"sm\" data-start=\"655\" data-end=\"664\">540<\/td>\n<td data-col-size=\"sm\" data-start=\"664\" data-end=\"673\">734<\/td>\n<td data-col-size=\"sm\" data-start=\"673\" data-end=\"683\">1000<\/td>\n<td data-col-size=\"sm\" data-start=\"683\" data-end=\"711\">IMO II<\/td>\n<\/tr>\n<tr data-start=\"712\" data-end=\"815\">\n<td data-start=\"712\" data-end=\"735\" data-col-size=\"sm\">SY8160C789-3<\/td>\n<td data-col-size=\"sm\" data-start=\"735\" data-end=\"759\">P3<\/td>\n<td data-col-size=\"sm\" data-start=\"759\" data-end=\"768\">580<\/td>\n<td data-col-size=\"sm\" data-start=\"768\" data-end=\"777\">789<\/td>\n<td data-col-size=\"sm\" data-start=\"777\" data-end=\"787\">1000<\/td>\n<td data-col-size=\"sm\" data-start=\"787\" data-end=\"815\">IMO II<\/td>\n<\/tr>\n<tr data-start=\"816\" data-end=\"919\">\n<td data-start=\"816\" data-end=\"839\" data-col-size=\"sm\">SY8160C721-1<\/td>\n<td data-col-size=\"sm\" data-start=\"839\" data-end=\"863\">P1<\/td>\n<td data-col-size=\"sm\" data-start=\"863\" data-end=\"872\">530<\/td>\n<td data-col-size=\"sm\" data-start=\"872\" data-end=\"881\">721<\/td>\n<td data-col-size=\"sm\" data-start=\"881\" data-end=\"891\">1200<\/td>\n<td data-col-size=\"sm\" data-start=\"891\" data-end=\"919\">IMO II<\/td>\n<\/tr>\n<tr data-start=\"920\" data-end=\"1023\">\n<td data-start=\"920\" data-end=\"943\" data-col-size=\"sm\">SY8160C789-4<\/td>\n<td data-start=\"943\" data-end=\"967\" data-col-size=\"sm\">P2<\/td>\n<td data-col-size=\"sm\" data-start=\"967\" data-end=\"976\">580<\/td>\n<td data-col-size=\"sm\" data-start=\"976\" data-end=\"985\">789<\/td>\n<td data-col-size=\"sm\" data-start=\"985\" data-end=\"995\">1200<\/td>\n<td data-col-size=\"sm\" data-start=\"995\" data-end=\"1023\">IMO II<\/td>\n<\/tr>\n<tr data-start=\"1024\" data-end=\"1127\">\n<td data-start=\"1024\" data-end=\"1047\" data-col-size=\"sm\">SY8160C884-1<\/td>\n<td data-col-size=\"sm\" data-start=\"1047\" data-end=\"1071\">P2<\/td>\n<td data-col-size=\"sm\" data-start=\"1071\" data-end=\"1080\">650<\/td>\n<td data-col-size=\"sm\" data-start=\"1080\" data-end=\"1089\">884<\/td>\n<td data-col-size=\"sm\" data-start=\"1089\" data-end=\"1099\">1200<\/td>\n<td data-col-size=\"sm\" data-start=\"1099\" data-end=\"1127\">IMO II<\/td>\n<\/tr>\n<tr data-start=\"1128\" data-end=\"1231\">\n<td data-start=\"1128\" data-end=\"1151\" data-col-size=\"sm\">SY8160C952-1<\/td>\n<td data-col-size=\"sm\" data-start=\"1151\" data-end=\"1175\">P3<\/td>\n<td data-col-size=\"sm\" data-start=\"1175\" data-end=\"1184\">700<\/td>\n<td data-col-size=\"sm\" data-start=\"1184\" data-end=\"1193\">952<\/td>\n<td data-col-size=\"sm\" data-start=\"1193\" data-end=\"1203\">1200<\/td>\n<td data-col-size=\"sm\" data-start=\"1203\" data-end=\"1231\">IMO II<\/td>\n<\/tr>\n<tr data-start=\"1232\" data-end=\"1335\">\n<td data-start=\"1232\" data-end=\"1255\" data-col-size=\"sm\">SY8160C816-1<\/td>\n<td data-col-size=\"sm\" data-start=\"1255\" data-end=\"1279\">P1<\/td>\n<td data-col-size=\"sm\" data-start=\"1279\" data-end=\"1288\">600<\/td>\n<td data-col-size=\"sm\" data-start=\"1288\" data-end=\"1297\">816<\/td>\n<td data-col-size=\"sm\" data-start=\"1297\" data-end=\"1307\">1350<\/td>\n<td data-col-size=\"sm\" data-start=\"1307\" data-end=\"1335\">IMO II<\/td>\n<\/tr>\n<tr data-start=\"1336\" data-end=\"1439\">\n<td data-start=\"1336\" data-end=\"1359\" data-col-size=\"sm\">SY8160C904-1<\/td>\n<td data-col-size=\"sm\" data-start=\"1359\" data-end=\"1383\">P2<\/td>\n<td data-col-size=\"sm\" data-start=\"1383\" data-end=\"1392\">665<\/td>\n<td data-col-size=\"sm\" data-start=\"1392\" data-end=\"1401\">904<\/td>\n<td data-col-size=\"sm\" data-start=\"1401\" data-end=\"1411\">1350<\/td>\n<td data-col-size=\"sm\" data-start=\"1411\" data-end=\"1439\">IMO II<\/td>\n<\/tr>\n<tr data-start=\"1440\" data-end=\"1543\">\n<td data-start=\"1440\" data-end=\"1463\" data-col-size=\"sm\">SY8160C1000-1<\/td>\n<td data-col-size=\"sm\" data-start=\"1463\" data-end=\"1487\">P3<\/td>\n<td data-col-size=\"sm\" data-start=\"1487\" data-end=\"1496\">735<\/td>\n<td data-col-size=\"sm\" data-start=\"1496\" data-end=\"1505\">1000<\/td>\n<td data-col-size=\"sm\" data-start=\"1505\" data-end=\"1515\">1350<\/td>\n<td data-col-size=\"sm\" data-start=\"1515\" data-end=\"1543\">IMO II<\/td>\n<\/tr>\n<tr data-start=\"1544\" data-end=\"1647\">\n<td data-start=\"1544\" data-end=\"1567\" data-col-size=\"sm\">SY8160C904<\/td>\n<td data-start=\"1567\" data-end=\"1591\" data-col-size=\"sm\">P1<\/td>\n<td data-col-size=\"sm\" data-start=\"1591\" data-end=\"1600\">665<\/td>\n<td data-col-size=\"sm\" data-start=\"1600\" data-end=\"1609\">904<\/td>\n<td data-col-size=\"sm\" data-start=\"1609\" data-end=\"1619\">1500<\/td>\n<td data-col-size=\"sm\" data-start=\"1619\" data-end=\"1647\">IMO II<\/td>\n<\/tr>\n<tr data-start=\"1648\" data-end=\"1751\">\n<td data-start=\"1648\" data-end=\"1671\" data-col-size=\"sm\">SY8160C1100<\/td>\n<td data-start=\"1671\" data-end=\"1695\" data-col-size=\"sm\">P2<\/td>\n<td data-col-size=\"sm\" data-start=\"1695\" data-end=\"1704\">809<\/td>\n<td data-col-size=\"sm\" data-start=\"1704\" data-end=\"1713\">1100<\/td>\n<td data-col-size=\"sm\" data-start=\"1713\" data-end=\"1723\">1500<\/td>\n<td data-col-size=\"sm\" data-start=\"1723\" data-end=\"1751\">IMO II<\/td>\n<\/tr>\n<tr data-start=\"1752\" data-end=\"1855\">\n<td data-start=\"1752\" data-end=\"1775\" data-col-size=\"sm\">SY8160C1200<\/td>\n<td data-col-size=\"sm\" data-start=\"1775\" data-end=\"1799\">P3<\/td>\n<td data-col-size=\"sm\" data-start=\"1799\" data-end=\"1808\">882<\/td>\n<td data-col-size=\"sm\" data-start=\"1808\" data-end=\"1817\">1200<\/td>\n<td data-col-size=\"sm\" data-start=\"1817\" data-end=\"1827\">1500<\/td>\n<td data-col-size=\"sm\" data-start=\"1827\" data-end=\"1855\">IMO II<\/td>\n<\/tr>\n<\/tbody>\n<\/table>\n<div>\n<div><\/div>\n<h2>TH\u00d4NG TIN V\u1ec0 NH\u00c0 CUNG C\u1ea4P<\/h2>\n<p><strong>Shangyan Power Technology Jiangsu Co., Ltd.<\/strong> l\u00e0 doanh nghi\u1ec7p c\u00f4ng ngh\u1ec7 cao chuy\u00ean s\u1ea3n xu\u1ea5t c\u00e1c h\u1ec7 th\u1ed1ng n\u0103ng l\u01b0\u1ee3ng bao g\u1ed3m \u0111\u1ed9ng c\u01a1 diesel v\u00e0 m\u00e1y ph\u00e1t \u0111i\u1ec7n.<\/p>\n<ul>\n<li><strong>Ti\u1ec1n th\u00e2n:<\/strong> Vi\u1ec7n \u0110\u1ed9ng c\u01a1 Diesel Ph\u1ed1 \u0110\u00f4ng Th\u01b0\u1ee3ng H\u1ea3i, th\u00e0nh l\u1eadp t\u1eeb n\u0103m <strong>1993<\/strong><\/li>\n<li><strong>C\u01a1 s\u1edf:<\/strong> 2 trung t\u00e2m nghi\u00ean c\u1ee9u v\u00e0 ph\u00e1t tri\u1ec3n (R&amp;D) t\u1ea1i Th\u01b0\u1ee3ng H\u1ea3i, 1 nh\u00e0 m\u00e1y s\u1ea3n xu\u1ea5t t\u1ea1i Nantong<\/li>\n<\/ul>\n<p><strong style=\"font-size: 16px;\">T\u1ea1i Vi\u1ec7t Nam, Vina TD H\u1ea3i Ph\u00f2ng<\/strong><span style=\"font-size: 16px;\"> t\u1ef1 h\u00e0o l\u00e0 <\/span><strong style=\"font-size: 16px;\">\u0111\u1ea1i l\u00fd ch\u00ednh th\u1ee9c c\u1ee7a Shyan Power. <\/strong><span style=\"font-size: 16px;\">Ch\u00fang t\u00f4i cam k\u1ebft mang \u0111\u1ebfn cho kh\u00e1ch h\u00e0ng c\u00e1c s\u1ea3n ph\u1ea9m \u0111\u1ed9ng c\u01a1 ch\u1ea5t l\u01b0\u1ee3ng cao nh\u1ea5t c\u00f9ng v\u1edbi c\u00e1c d\u1ecbch v\u1ee5 h\u1ed7 tr\u1ee3 chuy\u00ean s\u00e2u nh\u01b0:<\/span><\/p>\n<ul>\n<li><strong>T\u01b0 v\u1ea5n k\u1ef9 thu\u1eadt:<\/strong> \u0110\u1ed9i ng\u0169 k\u1ef9 s\u01b0 gi\u00e0u kinh nghi\u1ec7m lu\u00f4n s\u1eb5n s\u00e0ng h\u1ed7 tr\u1ee3 kh\u00e1ch h\u00e0ng v\u1edbi th\u00f4ng tin chi ti\u1ebft v\u00e0 ch\u00ednh x\u00e1c nh\u1ea5t.<\/li>\n<li><strong>H\u1ed7 tr\u1ee3 l\u1eafp \u0111\u1eb7t v\u00e0 b\u1ea3o tr\u00ec \u0111\u1ecbnh k\u1ef3:<\/strong> \u0110\u1ea3m b\u1ea3o \u0111\u1ed9ng c\u01a1 ho\u1ea1t \u0111\u1ed9ng \u1ed5n \u0111\u1ecbnh v\u00e0 hi\u1ec7u qu\u1ea3 trong th\u1eddi gian d\u00e0i.<\/li>\n<li><strong>D\u1ecbch v\u1ee5 h\u1eadu m\u00e3i t\u1eadn t\u00e2m:<\/strong> H\u1ed7 tr\u1ee3 kh\u00e1ch h\u00e0ng t\u1ed1i \u01b0u h\u00f3a hi\u1ec7u qu\u1ea3 v\u1eadn h\u00e0nh c\u1ee7a thi\u1ebft b\u1ecb.<\/li>\n<\/ul>\n<\/div>\n<div class=\"group pointer-events-none relative flex justify-center *:pointer-events-auto\"><\/div>\n","protected":false},"excerpt":{"rendered":"<p>Th\u00f4ng tin chung H\u1ea1ng m\u1ee5c Gi\u00e1 tr\u1ecb Ki\u1ec3u \u0111\u1ed9ng c\u01a1 4 k\u1ef3; 8 xi lanh th\u1eb3ng h\u00e0ng H\u1ec7 th\u1ed1ng kh\u00ed n\u1ea1p T\u0103ng \u00e1p c\u00f3 l\u00e0m m\u00e1t \u0110\u01b0\u1eddng k\u00ednh x H\u00e0nh tr\u00ecnh piston (mm) 160 x 210 Dung t\u00edch xi lanh (L) 33.8 Ti\u00eau chu\u1ea9n l\u1eafp gh\u00e9p SAE 0# \/ 18&#8243; H\u1ec7 th\u1ed1ng nhi\u00ean li\u1ec7u C\u01a1 [&hellip;]<\/p>\n","protected":false},"featured_media":32041,"template":"","meta":{"site-sidebar-layout":"default","site-content-layout":"","ast-site-content-layout":"default","site-content-style":"default","site-sidebar-style":"default","ast-global-header-display":"","ast-banner-title-visibility":"","ast-main-header-display":"","ast-hfb-above-header-display":"","ast-hfb-below-header-display":"","ast-hfb-mobile-header-display":"","site-post-title":"","ast-breadcrumbs-content":"","ast-featured-img":"","footer-sml-layout":"","theme-transparent-header-meta":"default","adv-header-id-meta":"","stick-header-meta":"","header-above-stick-meta":"","header-main-stick-meta":"","header-below-stick-meta":"","astra-migrate-meta-layouts":"set","ast-page-background-enabled":"default","ast-page-background-meta":{"desktop":{"background-color":"var(--ast-global-color-4)","background-image":"","background-repeat":"repeat","background-position":"center center","background-size":"auto","background-attachment":"scroll","background-type":"","background-media":"","overlay-type":"","overlay-color":"","overlay-opacity":"","overlay-gradient":""},"tablet":{"background-color":"","background-image":"","background-repeat":"repeat","background-position":"center center","background-size":"auto","background-attachment":"scroll","background-type":"","background-media":"","overlay-type":"","overlay-color":"","overlay-opacity":"","overlay-gradient":""},"mobile":{"background-color":"","background-image":"","background-repeat":"repeat","background-position":"center center","background-size":"auto","background-attachment":"scroll","background-type":"","background-media":"","overlay-type":"","overlay-color":"","overlay-opacity":"","overlay-gradient":""}},"ast-content-background-meta":{"desktop":{"background-color":"var(--ast-global-color-5)","background-image":"","background-repeat":"repeat","background-position":"center center","background-size":"auto","background-attachment":"scroll","background-type":"","background-media":"","overlay-type":"","overlay-color":"","overlay-opacity":"","overlay-gradient":""},"tablet":{"background-color":"var(--ast-global-color-5)","background-image":"","background-repeat":"repeat","background-position":"center center","background-size":"auto","background-attachment":"scroll","background-type":"","background-media":"","overlay-type":"","overlay-color":"","overlay-opacity":"","overlay-gradient":""},"mobile":{"background-color":"var(--ast-global-color-5)","background-image":"","background-repeat":"repeat","background-position":"center center","background-size":"auto","background-attachment":"scroll","background-type":"","background-media":"","overlay-type":"","overlay-color":"","overlay-opacity":"","overlay-gradient":""}}},"product_cat":[402,404],"product_tag":[],"class_list":{"0":"post-32260","1":"product","2":"type-product","3":"status-publish","4":"has-post-thumbnail","6":"product_cat-dong-co-shyan-power","7":"product_cat-may-chinh-hang-hai-cua-shyan-power","8":"desktop-align-left","9":"tablet-align-left","10":"mobile-align-left","12":"first","13":"instock","14":"shipping-taxable","15":"product-type-simple"},"_links":{"self":[{"href":"https:\/\/vinatd.com\/index.php?rest_route=\/wp\/v2\/product\/32260","targetHints":{"allow":["GET"]}}],"collection":[{"href":"https:\/\/vinatd.com\/index.php?rest_route=\/wp\/v2\/product"}],"about":[{"href":"https:\/\/vinatd.com\/index.php?rest_route=\/wp\/v2\/types\/product"}],"wp:featuredmedia":[{"embeddable":true,"href":"https:\/\/vinatd.com\/index.php?rest_route=\/wp\/v2\/media\/32041"}],"wp:attachment":[{"href":"https:\/\/vinatd.com\/index.php?rest_route=%2Fwp%2Fv2%2Fmedia&parent=32260"}],"wp:term":[{"taxonomy":"product_cat","embeddable":true,"href":"https:\/\/vinatd.com\/index.php?rest_route=%2Fwp%2Fv2%2Fproduct_cat&post=32260"},{"taxonomy":"product_tag","embeddable":true,"href":"https:\/\/vinatd.com\/index.php?rest_route=%2Fwp%2Fv2%2Fproduct_tag&post=32260"}],"curies":[{"name":"wp","href":"https:\/\/api.w.org\/{rel}","templated":true}]}}