{"id":32258,"date":"2025-05-03T08:31:23","date_gmt":"2025-05-03T01:31:23","guid":{"rendered":"https:\/\/vinatd.com\/?post_type=product&#038;p=32258"},"modified":"2025-05-08T16:06:56","modified_gmt":"2025-05-08T09:06:56","slug":"dong-co-day-hang-hai-shyan-6160cg","status":"publish","type":"product","link":"https:\/\/vinatd.com\/?product=dong-co-day-hang-hai-shyan-6160cg","title":{"rendered":"\u0110\u1ed9ng c\u01a1 \u0111\u1ea9y h\u00e0ng h\u1ea3i SHYAN | 6160CG (449HP &#8211; 925HP)"},"content":{"rendered":"<h1><strong>Th\u00f4ng tin chung<\/strong><\/h1>\n<table class=\"w-fit min-w-(--thread-content-width)\" data-start=\"199\" data-end=\"1089\">\n<thead data-start=\"199\" data-end=\"279\">\n<tr data-start=\"199\" data-end=\"279\">\n<th data-start=\"199\" data-end=\"238\" data-col-size=\"sm\"><strong data-start=\"201\" data-end=\"213\">H\u1ea1ng m\u1ee5c<\/strong><\/th>\n<th data-start=\"238\" data-end=\"279\" data-col-size=\"sm\"><strong data-start=\"240\" data-end=\"252\">Th\u00f4ng s\u1ed1<\/strong><\/th>\n<\/tr>\n<\/thead>\n<tbody data-start=\"361\" data-end=\"1089\">\n<tr data-start=\"361\" data-end=\"441\">\n<td data-start=\"361\" data-end=\"400\" data-col-size=\"sm\">Ki\u1ec3u \u0111\u1ed9ng c\u01a1<\/td>\n<td data-col-size=\"sm\" data-start=\"400\" data-end=\"441\">4 k\u1ef3; 6 xi lanh th\u1eb3ng h\u00e0ng<\/td>\n<\/tr>\n<tr data-start=\"442\" data-end=\"522\">\n<td data-start=\"442\" data-end=\"481\" data-col-size=\"sm\">H\u1ec7 th\u1ed1ng kh\u00ed n\u1ea1p<\/td>\n<td data-col-size=\"sm\" data-start=\"481\" data-end=\"522\">T\u0103ng \u00e1p c\u00f3 l\u00e0m m\u00e1t<\/td>\n<\/tr>\n<tr data-start=\"523\" data-end=\"603\">\n<td data-start=\"523\" data-end=\"562\" data-col-size=\"sm\">\u0110\u01b0\u1eddng k\u00ednh xi lanh \u00d7 H\u00e0nh tr\u00ecnh<\/td>\n<td data-col-size=\"sm\" data-start=\"562\" data-end=\"603\">160 \u00d7 210 mm<\/td>\n<\/tr>\n<tr data-start=\"604\" data-end=\"684\">\n<td data-start=\"604\" data-end=\"643\" data-col-size=\"sm\">Dung t\u00edch xi lanh<\/td>\n<td data-col-size=\"sm\" data-start=\"643\" data-end=\"684\">25.3 L<\/td>\n<\/tr>\n<tr data-start=\"685\" data-end=\"765\">\n<td data-start=\"685\" data-end=\"724\" data-col-size=\"sm\">Ti\u00eau chu\u1ea9n l\u1eafp gh\u00e9p<\/td>\n<td data-col-size=\"sm\" data-start=\"724\" data-end=\"765\">SAE 0# \/ 18&#8221;<\/td>\n<\/tr>\n<tr data-start=\"766\" data-end=\"846\">\n<td data-start=\"766\" data-end=\"805\" data-col-size=\"sm\">H\u1ec7 th\u1ed1ng nhi\u00ean li\u1ec7u<\/td>\n<td data-col-size=\"sm\" data-start=\"805\" data-end=\"846\">\u0110\u01b0\u1eddng \u1ed1ng cao \u00e1p (HPCR)<\/td>\n<\/tr>\n<tr data-start=\"847\" data-end=\"927\">\n<td data-start=\"847\" data-end=\"886\" data-col-size=\"sm\">T\u1ed1c \u0111\u1ed9 kh\u00f4ng t\u1ea3i<\/td>\n<td data-col-size=\"sm\" data-start=\"886\" data-end=\"927\">650 v\u00f2ng\/ph\u00fat<\/td>\n<\/tr>\n<tr data-start=\"928\" data-end=\"1008\">\n<td data-start=\"928\" data-end=\"967\" data-col-size=\"sm\">K\u00edch th\u01b0\u1edbc (DxRxC)<\/td>\n<td data-col-size=\"sm\" data-start=\"967\" data-end=\"1008\">1955 \u00d7 960 \u00d7 1650 mm<\/td>\n<\/tr>\n<tr data-start=\"1009\" data-end=\"1089\">\n<td data-start=\"1009\" data-end=\"1048\" data-col-size=\"sm\">Tr\u1ecdng l\u01b0\u1ee3ng<\/td>\n<td data-col-size=\"sm\" data-start=\"1048\" data-end=\"1089\">2450 kg<\/td>\n<\/tr>\n<\/tbody>\n<\/table>\n<p>&nbsp;<\/p>\n<p>&nbsp;<\/p>\n<p><span style=\"font-size: 2em; font-weight: bold;\">Th\u00f4ng s\u1ed1 k\u1ef9 thu\u1eadt chi ti\u1ebft<\/span><\/p>\n<table class=\"w-fit min-w-(--thread-content-width)\" data-start=\"244\" data-end=\"2217\">\n<thead data-start=\"244\" data-end=\"345\">\n<tr data-start=\"244\" data-end=\"345\">\n<th data-start=\"244\" data-end=\"267\" data-col-size=\"sm\"><strong data-start=\"246\" data-end=\"262\">Ki\u1ec3u \u0111\u1ed9ng c\u01a1<\/strong><\/th>\n<th data-start=\"267\" data-end=\"290\" data-col-size=\"sm\"><strong data-start=\"269\" data-end=\"289\">Ch\u1ebf \u0111\u1ed9 khai th\u00e1c<\/strong><\/th>\n<th data-start=\"290\" data-end=\"299\" data-col-size=\"sm\"><strong data-start=\"292\" data-end=\"298\">kW<\/strong><\/th>\n<th data-start=\"299\" data-end=\"308\" data-col-size=\"sm\"><strong data-start=\"301\" data-end=\"307\">HP<\/strong><\/th>\n<th data-start=\"308\" data-end=\"318\" data-col-size=\"sm\"><strong data-start=\"310\" data-end=\"317\">RPM<\/strong><\/th>\n<th data-start=\"318\" data-end=\"345\" data-col-size=\"sm\"><strong data-start=\"320\" data-end=\"343\">Ti\u00eau chu\u1ea9n kh\u00ed th\u1ea3i<\/strong><\/th>\n<\/tr>\n<\/thead>\n<tbody data-start=\"450\" data-end=\"2217\">\n<tr data-start=\"450\" data-end=\"553\">\n<td data-start=\"450\" data-end=\"473\" data-col-size=\"sm\">SY6160CG449-2<\/td>\n<td data-col-size=\"sm\" data-start=\"473\" data-end=\"497\">P1<\/td>\n<td data-col-size=\"sm\" data-start=\"497\" data-end=\"506\">330<\/td>\n<td data-col-size=\"sm\" data-start=\"506\" data-end=\"515\">449<\/td>\n<td data-col-size=\"sm\" data-start=\"515\" data-end=\"525\">1000<\/td>\n<td data-col-size=\"sm\" data-start=\"525\" data-end=\"553\">IMO II<\/td>\n<\/tr>\n<tr data-start=\"554\" data-end=\"657\">\n<td data-start=\"554\" data-end=\"577\" data-col-size=\"sm\">SY6160CG506<\/td>\n<td data-col-size=\"sm\" data-start=\"577\" data-end=\"601\">P1<\/td>\n<td data-col-size=\"sm\" data-start=\"601\" data-end=\"610\">372<\/td>\n<td data-col-size=\"sm\" data-start=\"610\" data-end=\"619\">506<\/td>\n<td data-col-size=\"sm\" data-start=\"619\" data-end=\"629\">1000<\/td>\n<td data-col-size=\"sm\" data-start=\"629\" data-end=\"657\">IMO II<\/td>\n<\/tr>\n<tr data-start=\"658\" data-end=\"761\">\n<td data-start=\"658\" data-end=\"681\" data-col-size=\"sm\">SY6160CG551-1<\/td>\n<td data-col-size=\"sm\" data-start=\"681\" data-end=\"705\">P2<\/td>\n<td data-col-size=\"sm\" data-start=\"705\" data-end=\"714\">405<\/td>\n<td data-col-size=\"sm\" data-start=\"714\" data-end=\"723\">551<\/td>\n<td data-col-size=\"sm\" data-start=\"723\" data-end=\"733\">1000<\/td>\n<td data-col-size=\"sm\" data-start=\"733\" data-end=\"761\">IMO II<\/td>\n<\/tr>\n<tr data-start=\"762\" data-end=\"865\">\n<td data-start=\"762\" data-end=\"785\" data-col-size=\"sm\">SY6160CG600-3<\/td>\n<td data-col-size=\"sm\" data-start=\"785\" data-end=\"809\">P3<\/td>\n<td data-col-size=\"sm\" data-start=\"809\" data-end=\"818\">441<\/td>\n<td data-col-size=\"sm\" data-start=\"818\" data-end=\"827\">600<\/td>\n<td data-col-size=\"sm\" data-start=\"827\" data-end=\"837\">1000<\/td>\n<td data-col-size=\"sm\" data-start=\"837\" data-end=\"865\">IMO II<\/td>\n<\/tr>\n<tr data-start=\"866\" data-end=\"969\">\n<td data-start=\"866\" data-end=\"889\" data-col-size=\"sm\">SY6160CG551<\/td>\n<td data-col-size=\"sm\" data-start=\"889\" data-end=\"913\">P1<\/td>\n<td data-col-size=\"sm\" data-start=\"913\" data-end=\"922\">405<\/td>\n<td data-col-size=\"sm\" data-start=\"922\" data-end=\"931\">551<\/td>\n<td data-col-size=\"sm\" data-start=\"931\" data-end=\"941\">1200<\/td>\n<td data-col-size=\"sm\" data-start=\"941\" data-end=\"969\">IMO II<\/td>\n<\/tr>\n<tr data-start=\"970\" data-end=\"1073\">\n<td data-start=\"970\" data-end=\"993\" data-col-size=\"sm\">SY6160CG600-1<\/td>\n<td data-col-size=\"sm\" data-start=\"993\" data-end=\"1017\">P1<\/td>\n<td data-col-size=\"sm\" data-start=\"1017\" data-end=\"1026\">441<\/td>\n<td data-col-size=\"sm\" data-start=\"1026\" data-end=\"1035\">600<\/td>\n<td data-col-size=\"sm\" data-start=\"1035\" data-end=\"1045\">1200<\/td>\n<td data-col-size=\"sm\" data-start=\"1045\" data-end=\"1073\">IMO II<\/td>\n<\/tr>\n<tr data-start=\"1074\" data-end=\"1177\">\n<td data-start=\"1074\" data-end=\"1097\" data-col-size=\"sm\">SY6160CG653-1<\/td>\n<td data-col-size=\"sm\" data-start=\"1097\" data-end=\"1121\">P2<\/td>\n<td data-col-size=\"sm\" data-start=\"1121\" data-end=\"1130\">480<\/td>\n<td data-col-size=\"sm\" data-start=\"1130\" data-end=\"1139\">653<\/td>\n<td data-col-size=\"sm\" data-start=\"1139\" data-end=\"1149\">1200<\/td>\n<td data-col-size=\"sm\" data-start=\"1149\" data-end=\"1177\">IMO II<\/td>\n<\/tr>\n<tr data-start=\"1178\" data-end=\"1281\">\n<td data-start=\"1178\" data-end=\"1201\" data-col-size=\"sm\">SY6160CG734-1<\/td>\n<td data-col-size=\"sm\" data-start=\"1201\" data-end=\"1225\">P3<\/td>\n<td data-col-size=\"sm\" data-start=\"1225\" data-end=\"1234\">540<\/td>\n<td data-col-size=\"sm\" data-start=\"1234\" data-end=\"1243\">734<\/td>\n<td data-col-size=\"sm\" data-start=\"1243\" data-end=\"1253\">1200<\/td>\n<td data-col-size=\"sm\" data-start=\"1253\" data-end=\"1281\">IMO II<\/td>\n<\/tr>\n<tr data-start=\"1282\" data-end=\"1385\">\n<td data-start=\"1282\" data-end=\"1305\" data-col-size=\"sm\">SY6160CG620<\/td>\n<td data-col-size=\"sm\" data-start=\"1305\" data-end=\"1329\">P1<\/td>\n<td data-col-size=\"sm\" data-start=\"1329\" data-end=\"1338\">456<\/td>\n<td data-col-size=\"sm\" data-start=\"1338\" data-end=\"1347\">620<\/td>\n<td data-col-size=\"sm\" data-start=\"1347\" data-end=\"1357\">1350<\/td>\n<td data-col-size=\"sm\" data-start=\"1357\" data-end=\"1385\">IMO II<\/td>\n<\/tr>\n<tr data-start=\"1386\" data-end=\"1489\">\n<td data-start=\"1386\" data-end=\"1409\" data-col-size=\"sm\">SY6160CG660<\/td>\n<td data-col-size=\"sm\" data-start=\"1409\" data-end=\"1433\">P1<\/td>\n<td data-col-size=\"sm\" data-start=\"1433\" data-end=\"1442\">485<\/td>\n<td data-col-size=\"sm\" data-start=\"1442\" data-end=\"1451\">660<\/td>\n<td data-col-size=\"sm\" data-start=\"1451\" data-end=\"1461\">1350<\/td>\n<td data-col-size=\"sm\" data-start=\"1461\" data-end=\"1489\">IMO II<\/td>\n<\/tr>\n<tr data-start=\"1490\" data-end=\"1593\">\n<td data-start=\"1490\" data-end=\"1513\" data-col-size=\"sm\">SY6160CG734-2<\/td>\n<td data-col-size=\"sm\" data-start=\"1513\" data-end=\"1537\">P2<\/td>\n<td data-col-size=\"sm\" data-start=\"1537\" data-end=\"1546\">540<\/td>\n<td data-col-size=\"sm\" data-start=\"1546\" data-end=\"1555\">734<\/td>\n<td data-col-size=\"sm\" data-start=\"1555\" data-end=\"1565\">1350<\/td>\n<td data-col-size=\"sm\" data-start=\"1565\" data-end=\"1593\">IMO II<\/td>\n<\/tr>\n<tr data-start=\"1594\" data-end=\"1697\">\n<td data-start=\"1594\" data-end=\"1617\" data-col-size=\"sm\">SY6160CG820-1<\/td>\n<td data-col-size=\"sm\" data-start=\"1617\" data-end=\"1641\">P3<\/td>\n<td data-col-size=\"sm\" data-start=\"1641\" data-end=\"1650\">603<\/td>\n<td data-col-size=\"sm\" data-start=\"1650\" data-end=\"1659\">820<\/td>\n<td data-col-size=\"sm\" data-start=\"1659\" data-end=\"1669\">1350<\/td>\n<td data-col-size=\"sm\" data-start=\"1669\" data-end=\"1697\">IMO II<\/td>\n<\/tr>\n<tr data-start=\"1698\" data-end=\"1801\">\n<td data-start=\"1698\" data-end=\"1721\" data-col-size=\"sm\">SY6160CG718<\/td>\n<td data-col-size=\"sm\" data-start=\"1721\" data-end=\"1745\">P1<\/td>\n<td data-col-size=\"sm\" data-start=\"1745\" data-end=\"1754\">528<\/td>\n<td data-col-size=\"sm\" data-start=\"1754\" data-end=\"1763\">718<\/td>\n<td data-col-size=\"sm\" data-start=\"1763\" data-end=\"1773\">1500<\/td>\n<td data-col-size=\"sm\" data-start=\"1773\" data-end=\"1801\">IMO II<\/td>\n<\/tr>\n<tr data-start=\"1802\" data-end=\"1905\">\n<td data-start=\"1802\" data-end=\"1825\" data-col-size=\"sm\">SY6160CG756<\/td>\n<td data-col-size=\"sm\" data-start=\"1825\" data-end=\"1849\">P1<\/td>\n<td data-col-size=\"sm\" data-start=\"1849\" data-end=\"1858\">556<\/td>\n<td data-col-size=\"sm\" data-start=\"1858\" data-end=\"1867\">756<\/td>\n<td data-col-size=\"sm\" data-start=\"1867\" data-end=\"1877\">1500<\/td>\n<td data-col-size=\"sm\" data-start=\"1877\" data-end=\"1905\">IMO II<\/td>\n<\/tr>\n<tr data-start=\"1906\" data-end=\"2009\">\n<td data-start=\"1906\" data-end=\"1929\" data-col-size=\"sm\">SY6160CG820<\/td>\n<td data-col-size=\"sm\" data-start=\"1929\" data-end=\"1953\">P2<\/td>\n<td data-col-size=\"sm\" data-start=\"1953\" data-end=\"1962\">603<\/td>\n<td data-col-size=\"sm\" data-start=\"1962\" data-end=\"1971\">820<\/td>\n<td data-col-size=\"sm\" data-start=\"1971\" data-end=\"1981\">1500<\/td>\n<td data-col-size=\"sm\" data-start=\"1981\" data-end=\"2009\">IMO II<\/td>\n<\/tr>\n<tr data-start=\"2010\" data-end=\"2113\">\n<td data-start=\"2010\" data-end=\"2033\" data-col-size=\"sm\">SY6160CG925<\/td>\n<td data-col-size=\"sm\" data-start=\"2033\" data-end=\"2057\">P3<\/td>\n<td data-col-size=\"sm\" data-start=\"2057\" data-end=\"2066\">680<\/td>\n<td data-col-size=\"sm\" data-start=\"2066\" data-end=\"2075\">925<\/td>\n<td data-col-size=\"sm\" data-start=\"2075\" data-end=\"2085\">1500<\/td>\n<td data-col-size=\"sm\" data-start=\"2085\" data-end=\"2113\">IMO II<\/td>\n<\/tr>\n<tr data-start=\"2114\" data-end=\"2217\">\n<td data-start=\"2114\" data-end=\"2137\" data-col-size=\"sm\">SY6160CG1000-1<\/td>\n<td data-col-size=\"sm\" data-start=\"2137\" data-end=\"2161\">P4<\/td>\n<td data-col-size=\"sm\" data-start=\"2161\" data-end=\"2170\">735<\/td>\n<td data-col-size=\"sm\" data-start=\"2170\" data-end=\"2179\">1000<\/td>\n<td data-col-size=\"sm\" data-start=\"2179\" data-end=\"2189\">1650<\/td>\n<td data-col-size=\"sm\" data-start=\"2189\" data-end=\"2217\">IMO II<\/td>\n<\/tr>\n<\/tbody>\n<\/table>\n<div>\n<div><\/div>\n<h2>TH\u00d4NG TIN V\u1ec0 NH\u00c0 CUNG C\u1ea4P<\/h2>\n<p><strong>Shangyan Power Technology Jiangsu Co., Ltd.<\/strong> l\u00e0 doanh nghi\u1ec7p c\u00f4ng ngh\u1ec7 cao chuy\u00ean s\u1ea3n xu\u1ea5t c\u00e1c h\u1ec7 th\u1ed1ng n\u0103ng l\u01b0\u1ee3ng bao g\u1ed3m \u0111\u1ed9ng c\u01a1 diesel v\u00e0 m\u00e1y ph\u00e1t \u0111i\u1ec7n.<\/p>\n<ul>\n<li><strong>Ti\u1ec1n th\u00e2n:<\/strong> Vi\u1ec7n \u0110\u1ed9ng c\u01a1 Diesel Ph\u1ed1 \u0110\u00f4ng Th\u01b0\u1ee3ng H\u1ea3i, th\u00e0nh l\u1eadp t\u1eeb n\u0103m <strong>1993<\/strong><\/li>\n<li><strong>C\u01a1 s\u1edf:<\/strong> 2 trung t\u00e2m nghi\u00ean c\u1ee9u v\u00e0 ph\u00e1t tri\u1ec3n (R&amp;D) t\u1ea1i Th\u01b0\u1ee3ng H\u1ea3i, 1 nh\u00e0 m\u00e1y s\u1ea3n xu\u1ea5t t\u1ea1i Nantong<\/li>\n<\/ul>\n<p><strong style=\"font-size: 16px;\">T\u1ea1i Vi\u1ec7t Nam, Vina TD H\u1ea3i Ph\u00f2ng<\/strong><span style=\"font-size: 16px;\"> t\u1ef1 h\u00e0o l\u00e0 <\/span><strong style=\"font-size: 16px;\">\u0111\u1ea1i l\u00fd ch\u00ednh th\u1ee9c c\u1ee7a Shyan Power. <\/strong><span style=\"font-size: 16px;\">Ch\u00fang t\u00f4i cam k\u1ebft mang \u0111\u1ebfn cho kh\u00e1ch h\u00e0ng c\u00e1c s\u1ea3n ph\u1ea9m \u0111\u1ed9ng c\u01a1 ch\u1ea5t l\u01b0\u1ee3ng cao nh\u1ea5t c\u00f9ng v\u1edbi c\u00e1c d\u1ecbch v\u1ee5 h\u1ed7 tr\u1ee3 chuy\u00ean s\u00e2u nh\u01b0:<\/span><\/p>\n<ul>\n<li><strong>T\u01b0 v\u1ea5n k\u1ef9 thu\u1eadt:<\/strong> \u0110\u1ed9i ng\u0169 k\u1ef9 s\u01b0 gi\u00e0u kinh nghi\u1ec7m lu\u00f4n s\u1eb5n s\u00e0ng h\u1ed7 tr\u1ee3 kh\u00e1ch h\u00e0ng v\u1edbi th\u00f4ng tin chi ti\u1ebft v\u00e0 ch\u00ednh x\u00e1c nh\u1ea5t.<\/li>\n<li><strong>H\u1ed7 tr\u1ee3 l\u1eafp \u0111\u1eb7t v\u00e0 b\u1ea3o tr\u00ec \u0111\u1ecbnh k\u1ef3:<\/strong> \u0110\u1ea3m b\u1ea3o \u0111\u1ed9ng c\u01a1 ho\u1ea1t \u0111\u1ed9ng \u1ed5n \u0111\u1ecbnh v\u00e0 hi\u1ec7u qu\u1ea3 trong th\u1eddi gian d\u00e0i.<\/li>\n<li><strong>D\u1ecbch v\u1ee5 h\u1eadu m\u00e3i t\u1eadn t\u00e2m:<\/strong> H\u1ed7 tr\u1ee3 kh\u00e1ch h\u00e0ng t\u1ed1i \u01b0u h\u00f3a hi\u1ec7u qu\u1ea3 v\u1eadn h\u00e0nh c\u1ee7a thi\u1ebft b\u1ecb.<\/li>\n<\/ul>\n<\/div>\n<div class=\"group pointer-events-none relative flex justify-center *:pointer-events-auto\"><\/div>\n","protected":false},"excerpt":{"rendered":"<p>Th\u00f4ng tin chung H\u1ea1ng m\u1ee5c Th\u00f4ng s\u1ed1 Ki\u1ec3u \u0111\u1ed9ng c\u01a1 4 k\u1ef3; 6 xi lanh th\u1eb3ng h\u00e0ng H\u1ec7 th\u1ed1ng kh\u00ed n\u1ea1p T\u0103ng \u00e1p c\u00f3 l\u00e0m m\u00e1t \u0110\u01b0\u1eddng k\u00ednh xi lanh \u00d7 H\u00e0nh tr\u00ecnh 160 \u00d7 210 mm Dung t\u00edch xi lanh 25.3 L Ti\u00eau chu\u1ea9n l\u1eafp gh\u00e9p SAE 0# \/ 18&#8221; H\u1ec7 th\u1ed1ng nhi\u00ean li\u1ec7u [&hellip;]<\/p>\n","protected":false},"featured_media":32129,"template":"","meta":{"site-sidebar-layout":"default","site-content-layout":"","ast-site-content-layout":"default","site-content-style":"default","site-sidebar-style":"default","ast-global-header-display":"","ast-banner-title-visibility":"","ast-main-header-display":"","ast-hfb-above-header-display":"","ast-hfb-below-header-display":"","ast-hfb-mobile-header-display":"","site-post-title":"","ast-breadcrumbs-content":"","ast-featured-img":"","footer-sml-layout":"","theme-transparent-header-meta":"default","adv-header-id-meta":"","stick-header-meta":"","header-above-stick-meta":"","header-main-stick-meta":"","header-below-stick-meta":"","astra-migrate-meta-layouts":"set","ast-page-background-enabled":"default","ast-page-background-meta":{"desktop":{"background-color":"var(--ast-global-color-4)","background-image":"","background-repeat":"repeat","background-position":"center center","background-size":"auto","background-attachment":"scroll","background-type":"","background-media":"","overlay-type":"","overlay-color":"","overlay-opacity":"","overlay-gradient":""},"tablet":{"background-color":"","background-image":"","background-repeat":"repeat","background-position":"center center","background-size":"auto","background-attachment":"scroll","background-type":"","background-media":"","overlay-type":"","overlay-color":"","overlay-opacity":"","overlay-gradient":""},"mobile":{"background-color":"","background-image":"","background-repeat":"repeat","background-position":"center center","background-size":"auto","background-attachment":"scroll","background-type":"","background-media":"","overlay-type":"","overlay-color":"","overlay-opacity":"","overlay-gradient":""}},"ast-content-background-meta":{"desktop":{"background-color":"var(--ast-global-color-5)","background-image":"","background-repeat":"repeat","background-position":"center center","background-size":"auto","background-attachment":"scroll","background-type":"","background-media":"","overlay-type":"","overlay-color":"","overlay-opacity":"","overlay-gradient":""},"tablet":{"background-color":"var(--ast-global-color-5)","background-image":"","background-repeat":"repeat","background-position":"center center","background-size":"auto","background-attachment":"scroll","background-type":"","background-media":"","overlay-type":"","overlay-color":"","overlay-opacity":"","overlay-gradient":""},"mobile":{"background-color":"var(--ast-global-color-5)","background-image":"","background-repeat":"repeat","background-position":"center center","background-size":"auto","background-attachment":"scroll","background-type":"","background-media":"","overlay-type":"","overlay-color":"","overlay-opacity":"","overlay-gradient":""}}},"product_cat":[402,404],"product_tag":[],"class_list":{"0":"post-32258","1":"product","2":"type-product","3":"status-publish","4":"has-post-thumbnail","6":"product_cat-dong-co-shyan-power","7":"product_cat-may-chinh-hang-hai-cua-shyan-power","8":"desktop-align-left","9":"tablet-align-left","10":"mobile-align-left","12":"first","13":"instock","14":"shipping-taxable","15":"product-type-simple"},"_links":{"self":[{"href":"https:\/\/vinatd.com\/index.php?rest_route=\/wp\/v2\/product\/32258","targetHints":{"allow":["GET"]}}],"collection":[{"href":"https:\/\/vinatd.com\/index.php?rest_route=\/wp\/v2\/product"}],"about":[{"href":"https:\/\/vinatd.com\/index.php?rest_route=\/wp\/v2\/types\/product"}],"wp:featuredmedia":[{"embeddable":true,"href":"https:\/\/vinatd.com\/index.php?rest_route=\/wp\/v2\/media\/32129"}],"wp:attachment":[{"href":"https:\/\/vinatd.com\/index.php?rest_route=%2Fwp%2Fv2%2Fmedia&parent=32258"}],"wp:term":[{"taxonomy":"product_cat","embeddable":true,"href":"https:\/\/vinatd.com\/index.php?rest_route=%2Fwp%2Fv2%2Fproduct_cat&post=32258"},{"taxonomy":"product_tag","embeddable":true,"href":"https:\/\/vinatd.com\/index.php?rest_route=%2Fwp%2Fv2%2Fproduct_tag&post=32258"}],"curies":[{"name":"wp","href":"https:\/\/api.w.org\/{rel}","templated":true}]}}