{"id":32256,"date":"2025-05-03T08:14:59","date_gmt":"2025-05-03T01:14:59","guid":{"rendered":"https:\/\/vinatd.com\/?post_type=product&#038;p=32256"},"modified":"2025-05-08T16:06:45","modified_gmt":"2025-05-08T09:06:45","slug":"dong-co-day-hang-hai-shyan-6160c","status":"publish","type":"product","link":"https:\/\/vinatd.com\/?product=dong-co-day-hang-hai-shyan-6160c","title":{"rendered":"\u0110\u1ed9ng c\u01a1 \u0111\u1ea9y h\u00e0ng h\u1ea3i SHYAN | 6160C (449HP &#8211; 925HP)"},"content":{"rendered":"<h1><strong>Th\u00f4ng tin chung<\/strong><\/h1>\n<table class=\"w-fit min-w-(--thread-content-width)\" data-start=\"221\" data-end=\"1067\">\n<thead data-start=\"221\" data-end=\"297\">\n<tr data-start=\"221\" data-end=\"297\">\n<th data-start=\"221\" data-end=\"260\" data-col-size=\"sm\"><strong data-start=\"223\" data-end=\"235\">H\u1ea1ng m\u1ee5c<\/strong><\/th>\n<th data-start=\"260\" data-end=\"297\" data-col-size=\"sm\"><strong data-start=\"262\" data-end=\"274\">Th\u00f4ng s\u1ed1<\/strong><\/th>\n<\/tr>\n<\/thead>\n<tbody data-start=\"375\" data-end=\"1067\">\n<tr data-start=\"375\" data-end=\"451\">\n<td data-start=\"375\" data-end=\"414\" data-col-size=\"sm\">Ki\u1ec3u \u0111\u1ed9ng c\u01a1<\/td>\n<td data-col-size=\"sm\" data-start=\"414\" data-end=\"451\">4 k\u1ef3; 6 xi lanh th\u1eb3ng h\u00e0ng<\/td>\n<\/tr>\n<tr data-start=\"452\" data-end=\"528\">\n<td data-start=\"452\" data-end=\"491\" data-col-size=\"sm\">H\u1ec7 th\u1ed1ng kh\u00ed n\u1ea1p<\/td>\n<td data-col-size=\"sm\" data-start=\"491\" data-end=\"528\">T\u0103ng \u00e1p c\u00f3 l\u00e0m m\u00e1t<\/td>\n<\/tr>\n<tr data-start=\"529\" data-end=\"605\">\n<td data-start=\"529\" data-end=\"568\" data-col-size=\"sm\">\u0110\u01b0\u1eddng k\u00ednh xi lanh \u00d7 H\u00e0nh tr\u00ecnh<\/td>\n<td data-col-size=\"sm\" data-start=\"568\" data-end=\"605\">160 \u00d7 210 mm<\/td>\n<\/tr>\n<tr data-start=\"606\" data-end=\"682\">\n<td data-start=\"606\" data-end=\"645\" data-col-size=\"sm\">Dung t\u00edch xi lanh<\/td>\n<td data-col-size=\"sm\" data-start=\"645\" data-end=\"682\">25.3 L<\/td>\n<\/tr>\n<tr data-start=\"683\" data-end=\"759\">\n<td data-start=\"683\" data-end=\"722\" data-col-size=\"sm\">Ti\u00eau chu\u1ea9n l\u1eafp gh\u00e9p<\/td>\n<td data-col-size=\"sm\" data-start=\"722\" data-end=\"759\">SAE 0# \/ 18&#8221;<\/td>\n<\/tr>\n<tr data-start=\"760\" data-end=\"836\">\n<td data-start=\"760\" data-end=\"799\" data-col-size=\"sm\">H\u1ec7 th\u1ed1ng nhi\u00ean li\u1ec7u<\/td>\n<td data-col-size=\"sm\" data-start=\"799\" data-end=\"836\">C\u01a1 kh\u00ed<\/td>\n<\/tr>\n<tr data-start=\"837\" data-end=\"913\">\n<td data-start=\"837\" data-end=\"876\" data-col-size=\"sm\">T\u1ed1c \u0111\u1ed9 kh\u00f4ng t\u1ea3i<\/td>\n<td data-col-size=\"sm\" data-start=\"876\" data-end=\"913\">650 v\u00f2ng\/ph\u00fat<\/td>\n<\/tr>\n<tr data-start=\"914\" data-end=\"990\">\n<td data-start=\"914\" data-end=\"953\" data-col-size=\"sm\">K\u00edch th\u01b0\u1edbc (DxRxC)<\/td>\n<td data-col-size=\"sm\" data-start=\"953\" data-end=\"990\">1955 \u00d7 960 \u00d7 1650 mm<\/td>\n<\/tr>\n<tr data-start=\"991\" data-end=\"1067\">\n<td data-start=\"991\" data-end=\"1030\" data-col-size=\"sm\">Tr\u1ecdng l\u01b0\u1ee3ng<\/td>\n<td data-col-size=\"sm\" data-start=\"1030\" data-end=\"1067\">2450 kg<\/td>\n<\/tr>\n<\/tbody>\n<\/table>\n<p><span style=\"font-size: 2em; font-weight: bold;\">Th\u00f4ng s\u1ed1 k\u1ef9 thu\u1eadt chi ti\u1ebft<\/span><\/p>\n<table class=\"w-fit min-w-(--thread-content-width)\" data-start=\"209\" data-end=\"2485\">\n<thead data-start=\"209\" data-end=\"341\">\n<tr data-start=\"209\" data-end=\"341\">\n<th data-start=\"209\" data-end=\"230\" data-col-size=\"sm\"><strong data-start=\"211\" data-end=\"227\">Ki\u1ec3u \u0111\u1ed9ng c\u01a1<\/strong><\/th>\n<th data-start=\"230\" data-end=\"253\" data-col-size=\"sm\"><strong data-start=\"232\" data-end=\"252\">Ch\u1ebf \u0111\u1ed9 khai th\u00e1c<\/strong><\/th>\n<th data-start=\"253\" data-end=\"274\" data-col-size=\"sm\"><strong data-start=\"255\" data-end=\"273\">C\u00f4ng su\u1ea5t (kW)<\/strong><\/th>\n<th data-start=\"274\" data-end=\"295\" data-col-size=\"sm\"><strong data-start=\"276\" data-end=\"294\">C\u00f4ng su\u1ea5t (HP)<\/strong><\/th>\n<th data-start=\"295\" data-end=\"314\" data-col-size=\"sm\"><strong data-start=\"297\" data-end=\"313\">T\u1ed1c \u0111\u1ed9 (RPM)<\/strong><\/th>\n<th data-start=\"314\" data-end=\"341\" data-col-size=\"sm\"><strong data-start=\"316\" data-end=\"339\">Ti\u00eau chu\u1ea9n kh\u00ed th\u1ea3i<\/strong><\/th>\n<\/tr>\n<\/thead>\n<tbody data-start=\"476\" data-end=\"2485\">\n<tr data-start=\"476\" data-end=\"609\">\n<td data-start=\"476\" data-end=\"497\" data-col-size=\"sm\">SY6160C449-2<\/td>\n<td data-col-size=\"sm\" data-start=\"497\" data-end=\"521\">P1<\/td>\n<td data-col-size=\"sm\" data-start=\"521\" data-end=\"542\">330<\/td>\n<td data-col-size=\"sm\" data-start=\"542\" data-end=\"563\">449<\/td>\n<td data-col-size=\"sm\" data-start=\"563\" data-end=\"582\">1000<\/td>\n<td data-col-size=\"sm\" data-start=\"582\" data-end=\"609\">IMO II<\/td>\n<\/tr>\n<tr data-start=\"610\" data-end=\"743\">\n<td data-start=\"610\" data-end=\"631\" data-col-size=\"sm\">SY6160C506<\/td>\n<td data-col-size=\"sm\" data-start=\"631\" data-end=\"655\">P1<\/td>\n<td data-col-size=\"sm\" data-start=\"655\" data-end=\"676\">372<\/td>\n<td data-col-size=\"sm\" data-start=\"676\" data-end=\"697\">506<\/td>\n<td data-col-size=\"sm\" data-start=\"697\" data-end=\"716\">1000<\/td>\n<td data-col-size=\"sm\" data-start=\"716\" data-end=\"743\">IMO II<\/td>\n<\/tr>\n<tr data-start=\"744\" data-end=\"877\">\n<td data-start=\"744\" data-end=\"765\" data-col-size=\"sm\">SY6160C551-1<\/td>\n<td data-col-size=\"sm\" data-start=\"765\" data-end=\"789\">P2<\/td>\n<td data-col-size=\"sm\" data-start=\"789\" data-end=\"810\">405<\/td>\n<td data-col-size=\"sm\" data-start=\"810\" data-end=\"831\">551<\/td>\n<td data-col-size=\"sm\" data-start=\"831\" data-end=\"850\">1000<\/td>\n<td data-col-size=\"sm\" data-start=\"850\" data-end=\"877\">IMO II<\/td>\n<\/tr>\n<tr data-start=\"878\" data-end=\"1011\">\n<td data-start=\"878\" data-end=\"899\" data-col-size=\"sm\">SY6160C551<\/td>\n<td data-col-size=\"sm\" data-start=\"899\" data-end=\"923\">P3<\/td>\n<td data-col-size=\"sm\" data-start=\"923\" data-end=\"944\">405<\/td>\n<td data-col-size=\"sm\" data-start=\"944\" data-end=\"965\">551<\/td>\n<td data-col-size=\"sm\" data-start=\"965\" data-end=\"984\">1200<\/td>\n<td data-col-size=\"sm\" data-start=\"984\" data-end=\"1011\">IMO II<\/td>\n<\/tr>\n<tr data-start=\"1012\" data-end=\"1145\">\n<td data-start=\"1012\" data-end=\"1033\" data-col-size=\"sm\">SY6160C600-1<\/td>\n<td data-col-size=\"sm\" data-start=\"1033\" data-end=\"1057\">P2<\/td>\n<td data-col-size=\"sm\" data-start=\"1057\" data-end=\"1078\">441<\/td>\n<td data-col-size=\"sm\" data-start=\"1078\" data-end=\"1099\">600<\/td>\n<td data-col-size=\"sm\" data-start=\"1099\" data-end=\"1118\">1200<\/td>\n<td data-col-size=\"sm\" data-start=\"1118\" data-end=\"1145\">IMO II<\/td>\n<\/tr>\n<tr data-start=\"1146\" data-end=\"1279\">\n<td data-start=\"1146\" data-end=\"1167\" data-col-size=\"sm\">SY6160C653<\/td>\n<td data-col-size=\"sm\" data-start=\"1167\" data-end=\"1191\">P3<\/td>\n<td data-col-size=\"sm\" data-start=\"1191\" data-end=\"1212\">480<\/td>\n<td data-col-size=\"sm\" data-start=\"1212\" data-end=\"1233\">653<\/td>\n<td data-col-size=\"sm\" data-start=\"1233\" data-end=\"1252\">1200<\/td>\n<td data-col-size=\"sm\" data-start=\"1252\" data-end=\"1279\">IMO II<\/td>\n<\/tr>\n<tr data-start=\"1280\" data-end=\"1413\">\n<td data-start=\"1280\" data-end=\"1301\" data-col-size=\"sm\">SY6160C734-1<\/td>\n<td data-col-size=\"sm\" data-start=\"1301\" data-end=\"1325\">P1<\/td>\n<td data-col-size=\"sm\" data-start=\"1325\" data-end=\"1346\">540<\/td>\n<td data-col-size=\"sm\" data-start=\"1346\" data-end=\"1367\">734<\/td>\n<td data-col-size=\"sm\" data-start=\"1367\" data-end=\"1386\">1350<\/td>\n<td data-col-size=\"sm\" data-start=\"1386\" data-end=\"1413\">IMO II<\/td>\n<\/tr>\n<tr data-start=\"1414\" data-end=\"1547\">\n<td data-start=\"1414\" data-end=\"1435\" data-col-size=\"sm\">SY6160C620<\/td>\n<td data-col-size=\"sm\" data-start=\"1435\" data-end=\"1459\">P2<\/td>\n<td data-col-size=\"sm\" data-start=\"1459\" data-end=\"1480\">456<\/td>\n<td data-col-size=\"sm\" data-start=\"1480\" data-end=\"1501\">620<\/td>\n<td data-col-size=\"sm\" data-start=\"1501\" data-end=\"1520\">1350<\/td>\n<td data-col-size=\"sm\" data-start=\"1520\" data-end=\"1547\">IMO II<\/td>\n<\/tr>\n<tr data-start=\"1548\" data-end=\"1681\">\n<td data-start=\"1548\" data-end=\"1569\" data-col-size=\"sm\">SY6160C660<\/td>\n<td data-col-size=\"sm\" data-start=\"1569\" data-end=\"1593\">P1<\/td>\n<td data-col-size=\"sm\" data-start=\"1593\" data-end=\"1614\">485<\/td>\n<td data-col-size=\"sm\" data-start=\"1614\" data-end=\"1635\">660<\/td>\n<td data-col-size=\"sm\" data-start=\"1635\" data-end=\"1654\">1350<\/td>\n<td data-col-size=\"sm\" data-start=\"1654\" data-end=\"1681\">IMO II<\/td>\n<\/tr>\n<tr data-start=\"1682\" data-end=\"1815\">\n<td data-start=\"1682\" data-end=\"1703\" data-col-size=\"sm\">SY6160C734<\/td>\n<td data-col-size=\"sm\" data-start=\"1703\" data-end=\"1727\">P2<\/td>\n<td data-col-size=\"sm\" data-start=\"1727\" data-end=\"1748\">540<\/td>\n<td data-col-size=\"sm\" data-start=\"1748\" data-end=\"1769\">734<\/td>\n<td data-col-size=\"sm\" data-start=\"1769\" data-end=\"1788\">1350<\/td>\n<td data-col-size=\"sm\" data-start=\"1788\" data-end=\"1815\">IMO II<\/td>\n<\/tr>\n<tr data-start=\"1816\" data-end=\"1949\">\n<td data-start=\"1816\" data-end=\"1837\" data-col-size=\"sm\">SY6160C820-1<\/td>\n<td data-col-size=\"sm\" data-start=\"1837\" data-end=\"1861\">P3<\/td>\n<td data-col-size=\"sm\" data-start=\"1861\" data-end=\"1882\">603<\/td>\n<td data-col-size=\"sm\" data-start=\"1882\" data-end=\"1903\">820<\/td>\n<td data-col-size=\"sm\" data-start=\"1903\" data-end=\"1922\">1350<\/td>\n<td data-col-size=\"sm\" data-start=\"1922\" data-end=\"1949\">IMO II<\/td>\n<\/tr>\n<tr data-start=\"1950\" data-end=\"2083\">\n<td data-start=\"1950\" data-end=\"1971\" data-col-size=\"sm\">SY6160C718<\/td>\n<td data-col-size=\"sm\" data-start=\"1971\" data-end=\"1995\">P1<\/td>\n<td data-col-size=\"sm\" data-start=\"1995\" data-end=\"2016\">528<\/td>\n<td data-col-size=\"sm\" data-start=\"2016\" data-end=\"2037\">718<\/td>\n<td data-col-size=\"sm\" data-start=\"2037\" data-end=\"2056\">1500<\/td>\n<td data-col-size=\"sm\" data-start=\"2056\" data-end=\"2083\">IMO II<\/td>\n<\/tr>\n<tr data-start=\"2084\" data-end=\"2217\">\n<td data-start=\"2084\" data-end=\"2105\" data-col-size=\"sm\">SY6160C756<\/td>\n<td data-col-size=\"sm\" data-start=\"2105\" data-end=\"2129\">P2<\/td>\n<td data-col-size=\"sm\" data-start=\"2129\" data-end=\"2150\">556<\/td>\n<td data-col-size=\"sm\" data-start=\"2150\" data-end=\"2171\">756<\/td>\n<td data-col-size=\"sm\" data-start=\"2171\" data-end=\"2190\">1500<\/td>\n<td data-col-size=\"sm\" data-start=\"2190\" data-end=\"2217\">IMO II<\/td>\n<\/tr>\n<tr data-start=\"2218\" data-end=\"2351\">\n<td data-start=\"2218\" data-end=\"2239\" data-col-size=\"sm\">SY6160C820<\/td>\n<td data-col-size=\"sm\" data-start=\"2239\" data-end=\"2263\">P3<\/td>\n<td data-col-size=\"sm\" data-start=\"2263\" data-end=\"2284\">603<\/td>\n<td data-col-size=\"sm\" data-start=\"2284\" data-end=\"2305\">820<\/td>\n<td data-col-size=\"sm\" data-start=\"2305\" data-end=\"2324\">1500<\/td>\n<td data-col-size=\"sm\" data-start=\"2324\" data-end=\"2351\">IMO II<\/td>\n<\/tr>\n<tr data-start=\"2352\" data-end=\"2485\">\n<td data-start=\"2352\" data-end=\"2373\" data-col-size=\"sm\">SY6160C925<\/td>\n<td data-col-size=\"sm\" data-start=\"2373\" data-end=\"2397\">P3<\/td>\n<td data-col-size=\"sm\" data-start=\"2397\" data-end=\"2418\">680<\/td>\n<td data-col-size=\"sm\" data-start=\"2418\" data-end=\"2439\">925<\/td>\n<td data-col-size=\"sm\" data-start=\"2439\" data-end=\"2458\">1500<\/td>\n<td data-col-size=\"sm\" data-start=\"2458\" data-end=\"2485\">IMO II<\/td>\n<\/tr>\n<\/tbody>\n<\/table>\n<p>&nbsp;<\/p>\n<p>&nbsp;<\/p>\n<div>\n<div><\/div>\n<h2>TH\u00d4NG TIN V\u1ec0 NH\u00c0 CUNG C\u1ea4P<\/h2>\n<p><strong>Shangyan Power Technology Jiangsu Co., Ltd.<\/strong> l\u00e0 doanh nghi\u1ec7p c\u00f4ng ngh\u1ec7 cao chuy\u00ean s\u1ea3n xu\u1ea5t c\u00e1c h\u1ec7 th\u1ed1ng n\u0103ng l\u01b0\u1ee3ng bao g\u1ed3m \u0111\u1ed9ng c\u01a1 diesel v\u00e0 m\u00e1y ph\u00e1t \u0111i\u1ec7n.<\/p>\n<ul>\n<li><strong>Ti\u1ec1n th\u00e2n:<\/strong> Vi\u1ec7n \u0110\u1ed9ng c\u01a1 Diesel Ph\u1ed1 \u0110\u00f4ng Th\u01b0\u1ee3ng H\u1ea3i, th\u00e0nh l\u1eadp t\u1eeb n\u0103m <strong>1993<\/strong><\/li>\n<li><strong>C\u01a1 s\u1edf:<\/strong> 2 trung t\u00e2m nghi\u00ean c\u1ee9u v\u00e0 ph\u00e1t tri\u1ec3n (R&amp;D) t\u1ea1i Th\u01b0\u1ee3ng H\u1ea3i, 1 nh\u00e0 m\u00e1y s\u1ea3n xu\u1ea5t t\u1ea1i Nantong<\/li>\n<\/ul>\n<p><strong style=\"font-size: 16px;\">T\u1ea1i Vi\u1ec7t Nam, Vina TD H\u1ea3i Ph\u00f2ng<\/strong><span style=\"font-size: 16px;\"> t\u1ef1 h\u00e0o l\u00e0 <\/span><strong style=\"font-size: 16px;\">\u0111\u1ea1i l\u00fd ch\u00ednh th\u1ee9c c\u1ee7a Shyan Power. <\/strong><span style=\"font-size: 16px;\">Ch\u00fang t\u00f4i cam k\u1ebft mang \u0111\u1ebfn cho kh\u00e1ch h\u00e0ng c\u00e1c s\u1ea3n ph\u1ea9m \u0111\u1ed9ng c\u01a1 ch\u1ea5t l\u01b0\u1ee3ng cao nh\u1ea5t c\u00f9ng v\u1edbi c\u00e1c d\u1ecbch v\u1ee5 h\u1ed7 tr\u1ee3 chuy\u00ean s\u00e2u nh\u01b0:<\/span><\/p>\n<ul>\n<li><strong>T\u01b0 v\u1ea5n k\u1ef9 thu\u1eadt:<\/strong> \u0110\u1ed9i ng\u0169 k\u1ef9 s\u01b0 gi\u00e0u kinh nghi\u1ec7m lu\u00f4n s\u1eb5n s\u00e0ng h\u1ed7 tr\u1ee3 kh\u00e1ch h\u00e0ng v\u1edbi th\u00f4ng tin chi ti\u1ebft v\u00e0 ch\u00ednh x\u00e1c nh\u1ea5t.<\/li>\n<li><strong>H\u1ed7 tr\u1ee3 l\u1eafp \u0111\u1eb7t v\u00e0 b\u1ea3o tr\u00ec \u0111\u1ecbnh k\u1ef3:<\/strong> \u0110\u1ea3m b\u1ea3o \u0111\u1ed9ng c\u01a1 ho\u1ea1t \u0111\u1ed9ng \u1ed5n \u0111\u1ecbnh v\u00e0 hi\u1ec7u qu\u1ea3 trong th\u1eddi gian d\u00e0i.<\/li>\n<li><strong>D\u1ecbch v\u1ee5 h\u1eadu m\u00e3i t\u1eadn t\u00e2m:<\/strong> H\u1ed7 tr\u1ee3 kh\u00e1ch h\u00e0ng t\u1ed1i \u01b0u h\u00f3a hi\u1ec7u qu\u1ea3 v\u1eadn h\u00e0nh c\u1ee7a thi\u1ebft b\u1ecb.<\/li>\n<\/ul>\n<\/div>\n<div class=\"group pointer-events-none relative flex justify-center *:pointer-events-auto\"><\/div>\n","protected":false},"excerpt":{"rendered":"<p>Th\u00f4ng tin chung H\u1ea1ng m\u1ee5c Th\u00f4ng s\u1ed1 Ki\u1ec3u \u0111\u1ed9ng c\u01a1 4 k\u1ef3; 6 xi lanh th\u1eb3ng h\u00e0ng H\u1ec7 th\u1ed1ng kh\u00ed n\u1ea1p T\u0103ng \u00e1p c\u00f3 l\u00e0m m\u00e1t \u0110\u01b0\u1eddng k\u00ednh xi lanh \u00d7 H\u00e0nh tr\u00ecnh 160 \u00d7 210 mm Dung t\u00edch xi lanh 25.3 L Ti\u00eau chu\u1ea9n l\u1eafp gh\u00e9p SAE 0# \/ 18&#8221; H\u1ec7 th\u1ed1ng nhi\u00ean li\u1ec7u [&hellip;]<\/p>\n","protected":false},"featured_media":32182,"template":"","meta":{"site-sidebar-layout":"default","site-content-layout":"","ast-site-content-layout":"default","site-content-style":"default","site-sidebar-style":"default","ast-global-header-display":"","ast-banner-title-visibility":"","ast-main-header-display":"","ast-hfb-above-header-display":"","ast-hfb-below-header-display":"","ast-hfb-mobile-header-display":"","site-post-title":"","ast-breadcrumbs-content":"","ast-featured-img":"","footer-sml-layout":"","theme-transparent-header-meta":"default","adv-header-id-meta":"","stick-header-meta":"","header-above-stick-meta":"","header-main-stick-meta":"","header-below-stick-meta":"","astra-migrate-meta-layouts":"set","ast-page-background-enabled":"default","ast-page-background-meta":{"desktop":{"background-color":"var(--ast-global-color-4)","background-image":"","background-repeat":"repeat","background-position":"center center","background-size":"auto","background-attachment":"scroll","background-type":"","background-media":"","overlay-type":"","overlay-color":"","overlay-opacity":"","overlay-gradient":""},"tablet":{"background-color":"","background-image":"","background-repeat":"repeat","background-position":"center center","background-size":"auto","background-attachment":"scroll","background-type":"","background-media":"","overlay-type":"","overlay-color":"","overlay-opacity":"","overlay-gradient":""},"mobile":{"background-color":"","background-image":"","background-repeat":"repeat","background-position":"center center","background-size":"auto","background-attachment":"scroll","background-type":"","background-media":"","overlay-type":"","overlay-color":"","overlay-opacity":"","overlay-gradient":""}},"ast-content-background-meta":{"desktop":{"background-color":"var(--ast-global-color-5)","background-image":"","background-repeat":"repeat","background-position":"center center","background-size":"auto","background-attachment":"scroll","background-type":"","background-media":"","overlay-type":"","overlay-color":"","overlay-opacity":"","overlay-gradient":""},"tablet":{"background-color":"var(--ast-global-color-5)","background-image":"","background-repeat":"repeat","background-position":"center center","background-size":"auto","background-attachment":"scroll","background-type":"","background-media":"","overlay-type":"","overlay-color":"","overlay-opacity":"","overlay-gradient":""},"mobile":{"background-color":"var(--ast-global-color-5)","background-image":"","background-repeat":"repeat","background-position":"center center","background-size":"auto","background-attachment":"scroll","background-type":"","background-media":"","overlay-type":"","overlay-color":"","overlay-opacity":"","overlay-gradient":""}}},"product_cat":[402,404],"product_tag":[],"class_list":{"0":"post-32256","1":"product","2":"type-product","3":"status-publish","4":"has-post-thumbnail","6":"product_cat-dong-co-shyan-power","7":"product_cat-may-chinh-hang-hai-cua-shyan-power","8":"desktop-align-left","9":"tablet-align-left","10":"mobile-align-left","12":"first","13":"instock","14":"shipping-taxable","15":"product-type-simple"},"_links":{"self":[{"href":"https:\/\/vinatd.com\/index.php?rest_route=\/wp\/v2\/product\/32256","targetHints":{"allow":["GET"]}}],"collection":[{"href":"https:\/\/vinatd.com\/index.php?rest_route=\/wp\/v2\/product"}],"about":[{"href":"https:\/\/vinatd.com\/index.php?rest_route=\/wp\/v2\/types\/product"}],"wp:featuredmedia":[{"embeddable":true,"href":"https:\/\/vinatd.com\/index.php?rest_route=\/wp\/v2\/media\/32182"}],"wp:attachment":[{"href":"https:\/\/vinatd.com\/index.php?rest_route=%2Fwp%2Fv2%2Fmedia&parent=32256"}],"wp:term":[{"taxonomy":"product_cat","embeddable":true,"href":"https:\/\/vinatd.com\/index.php?rest_route=%2Fwp%2Fv2%2Fproduct_cat&post=32256"},{"taxonomy":"product_tag","embeddable":true,"href":"https:\/\/vinatd.com\/index.php?rest_route=%2Fwp%2Fv2%2Fproduct_tag&post=32256"}],"curies":[{"name":"wp","href":"https:\/\/api.w.org\/{rel}","templated":true}]}}