{"id":32254,"date":"2025-05-03T08:08:22","date_gmt":"2025-05-03T01:08:22","guid":{"rendered":"https:\/\/vinatd.com\/?post_type=product&#038;p=32254"},"modified":"2025-05-08T16:06:12","modified_gmt":"2025-05-08T09:06:12","slug":"dong-co-day-hang-hai-shyan-6m13cg","status":"publish","type":"product","link":"https:\/\/vinatd.com\/?product=dong-co-day-hang-hai-shyan-6m13cg","title":{"rendered":"\u0110\u1ed9ng c\u01a1 \u0111\u1ea9y h\u00e0ng h\u1ea3i SHYAN | 6M13CG (449HP &#8211; 500HP)"},"content":{"rendered":"<h1><strong>Th\u00f4ng tin chung<\/strong><\/h1>\n<table class=\"min-w-full\" data-start=\"202\" data-end=\"1067\">\n<thead data-start=\"202\" data-end=\"277\">\n<tr data-start=\"202\" data-end=\"277\">\n<th data-start=\"202\" data-end=\"241\"><strong data-start=\"204\" data-end=\"216\">H\u1ea1ng m\u1ee5c<\/strong><\/th>\n<th data-start=\"241\" data-end=\"277\"><strong data-start=\"243\" data-end=\"255\">Th\u00f4ng s\u1ed1<\/strong><\/th>\n<\/tr>\n<\/thead>\n<tbody data-start=\"357\" data-end=\"1067\">\n<tr data-start=\"357\" data-end=\"435\">\n<td class=\"max-w-[calc(var(--thread-content-max-width)*2\/3)]\" data-start=\"357\" data-end=\"398\">Ki\u1ec3u \u0111\u1ed9ng c\u01a1<\/td>\n<td class=\"max-w-[calc(var(--thread-content-max-width)*2\/3)]\" data-start=\"398\" data-end=\"435\">4 k\u1ef3; 6 xi lanh th\u1eb3ng h\u00e0ng<\/td>\n<\/tr>\n<tr data-start=\"436\" data-end=\"514\">\n<td class=\"max-w-[calc(var(--thread-content-max-width)*2\/3)]\" data-start=\"436\" data-end=\"477\">H\u1ec7 th\u1ed1ng kh\u00ed n\u1ea1p<\/td>\n<td class=\"max-w-[calc(var(--thread-content-max-width)*2\/3)]\" data-start=\"477\" data-end=\"514\">T\u0103ng \u00e1p c\u00f3 l\u00e0m m\u00e1t<\/td>\n<\/tr>\n<tr data-start=\"515\" data-end=\"593\">\n<td class=\"max-w-[calc(var(--thread-content-max-width)*2\/3)]\" data-start=\"515\" data-end=\"556\">\u0110\u01b0\u1eddng k\u00ednh xi lanh x H\u00e0nh tr\u00ecnh piston<\/td>\n<td class=\"max-w-[calc(var(--thread-content-max-width)*2\/3)]\" data-start=\"556\" data-end=\"593\">130 \u00d7 161 mm<\/td>\n<\/tr>\n<tr data-start=\"594\" data-end=\"672\">\n<td class=\"max-w-[calc(var(--thread-content-max-width)*2\/3)]\" data-start=\"594\" data-end=\"635\">Dung t\u00edch xi lanh<\/td>\n<td class=\"max-w-[calc(var(--thread-content-max-width)*2\/3)]\" data-start=\"635\" data-end=\"672\">12.8 L<\/td>\n<\/tr>\n<tr data-start=\"673\" data-end=\"751\">\n<td class=\"max-w-[calc(var(--thread-content-max-width)*2\/3)]\" data-start=\"673\" data-end=\"714\">Ti\u00eau chu\u1ea9n l\u1eafp gh\u00e9p<\/td>\n<td class=\"max-w-[calc(var(--thread-content-max-width)*2\/3)]\" data-start=\"714\" data-end=\"751\">SAE 1# \/ 14&#8221;<\/td>\n<\/tr>\n<tr data-start=\"752\" data-end=\"830\">\n<td class=\"max-w-[calc(var(--thread-content-max-width)*2\/3)]\" data-start=\"752\" data-end=\"793\">H\u1ec7 th\u1ed1ng nhi\u00ean li\u1ec7u<\/td>\n<td class=\"max-w-[calc(var(--thread-content-max-width)*2\/3)]\" data-start=\"793\" data-end=\"830\">\u0110\u01b0\u1eddng \u1ed1ng cao \u00e1p (HPCR)<\/td>\n<\/tr>\n<tr data-start=\"831\" data-end=\"909\">\n<td class=\"max-w-[calc(var(--thread-content-max-width)*2\/3)]\" data-start=\"831\" data-end=\"872\">T\u1ed1c \u0111\u1ed9 kh\u00f4ng t\u1ea3i<\/td>\n<td class=\"max-w-[calc(var(--thread-content-max-width)*2\/3)]\" data-start=\"872\" data-end=\"909\">600 v\u00f2ng\/ph\u00fat<\/td>\n<\/tr>\n<tr data-start=\"910\" data-end=\"988\">\n<td class=\"max-w-[calc(var(--thread-content-max-width)*2\/3)]\" data-start=\"910\" data-end=\"951\">K\u00edch th\u01b0\u1edbc (DxRxC)<\/td>\n<td class=\"max-w-[calc(var(--thread-content-max-width)*2\/3)]\" data-start=\"951\" data-end=\"988\">1780 \u00d7 1015 \u00d7 1522 mm<\/td>\n<\/tr>\n<tr data-start=\"989\" data-end=\"1067\">\n<td class=\"max-w-[calc(var(--thread-content-max-width)*2\/3)]\" data-start=\"989\" data-end=\"1030\">Tr\u1ecdng l\u01b0\u1ee3ng<\/td>\n<td class=\"max-w-[calc(var(--thread-content-max-width)*2\/3)]\" data-start=\"1030\" data-end=\"1067\">1316 kg<\/td>\n<\/tr>\n<\/tbody>\n<\/table>\n<p>&nbsp;<\/p>\n<p><span style=\"font-size: 2em; font-weight: bold;\">Th\u00f4ng s\u1ed1 k\u1ef9 thu\u1eadt chi ti\u1ebft<\/span><\/p>\n<table class=\"w-fit min-w-(--thread-content-width)\" data-start=\"206\" data-end=\"1020\">\n<thead data-start=\"206\" data-end=\"340\">\n<tr data-start=\"206\" data-end=\"340\">\n<th data-start=\"206\" data-end=\"229\" data-col-size=\"sm\"><strong data-start=\"208\" data-end=\"224\">Ki\u1ec3u \u0111\u1ed9ng c\u01a1<\/strong><\/th>\n<th data-start=\"229\" data-end=\"252\" data-col-size=\"sm\"><strong data-start=\"231\" data-end=\"251\">Ch\u1ebf \u0111\u1ed9 khai th\u00e1c<\/strong><\/th>\n<th data-start=\"252\" data-end=\"273\" data-col-size=\"sm\"><strong data-start=\"254\" data-end=\"272\">C\u00f4ng su\u1ea5t (kW)<\/strong><\/th>\n<th data-start=\"273\" data-end=\"294\" data-col-size=\"sm\"><strong data-start=\"275\" data-end=\"293\">C\u00f4ng su\u1ea5t (HP)<\/strong><\/th>\n<th data-start=\"294\" data-end=\"313\" data-col-size=\"sm\"><strong data-start=\"296\" data-end=\"312\">T\u1ed1c \u0111\u1ed9 (RPM)<\/strong><\/th>\n<th data-start=\"313\" data-end=\"340\" data-col-size=\"sm\"><strong data-start=\"315\" data-end=\"338\">Ti\u00eau chu\u1ea9n kh\u00ed th\u1ea3i<\/strong><\/th>\n<\/tr>\n<\/thead>\n<tbody data-start=\"477\" data-end=\"1020\">\n<tr data-start=\"477\" data-end=\"612\">\n<td data-start=\"477\" data-end=\"500\" data-col-size=\"sm\">SY6M13CG450-15<\/td>\n<td data-col-size=\"sm\" data-start=\"500\" data-end=\"524\">P1<\/td>\n<td data-col-size=\"sm\" data-start=\"524\" data-end=\"545\">331<\/td>\n<td data-col-size=\"sm\" data-start=\"545\" data-end=\"566\">450<\/td>\n<td data-col-size=\"sm\" data-start=\"566\" data-end=\"585\">1500<\/td>\n<td data-col-size=\"sm\" data-start=\"585\" data-end=\"612\">IMO II<\/td>\n<\/tr>\n<tr data-start=\"613\" data-end=\"748\">\n<td data-start=\"613\" data-end=\"636\" data-col-size=\"sm\">SY6M13CG490-15<\/td>\n<td data-col-size=\"sm\" data-start=\"636\" data-end=\"660\">P2<\/td>\n<td data-col-size=\"sm\" data-start=\"660\" data-end=\"681\">360<\/td>\n<td data-col-size=\"sm\" data-start=\"681\" data-end=\"702\">490<\/td>\n<td data-col-size=\"sm\" data-start=\"702\" data-end=\"721\">1500<\/td>\n<td data-col-size=\"sm\" data-start=\"721\" data-end=\"748\">IMO II<\/td>\n<\/tr>\n<tr data-start=\"749\" data-end=\"884\">\n<td data-start=\"749\" data-end=\"772\" data-col-size=\"sm\">SY6M13CG520-18<\/td>\n<td data-col-size=\"sm\" data-start=\"772\" data-end=\"796\">P1<\/td>\n<td data-col-size=\"sm\" data-start=\"796\" data-end=\"817\">382<\/td>\n<td data-col-size=\"sm\" data-start=\"817\" data-end=\"838\">520<\/td>\n<td data-col-size=\"sm\" data-start=\"838\" data-end=\"857\">1800<\/td>\n<td data-col-size=\"sm\" data-start=\"857\" data-end=\"884\">IMO II<\/td>\n<\/tr>\n<tr data-start=\"885\" data-end=\"1020\">\n<td data-start=\"885\" data-end=\"908\" data-col-size=\"sm\">SY6M13CG560-18<\/td>\n<td data-col-size=\"sm\" data-start=\"908\" data-end=\"932\">P2<\/td>\n<td data-col-size=\"sm\" data-start=\"932\" data-end=\"953\">412<\/td>\n<td data-col-size=\"sm\" data-start=\"953\" data-end=\"974\">560<\/td>\n<td data-col-size=\"sm\" data-start=\"974\" data-end=\"993\">1800<\/td>\n<td data-col-size=\"sm\" data-start=\"993\" data-end=\"1020\">IMO II<\/td>\n<\/tr>\n<\/tbody>\n<\/table>\n<p>&nbsp;<\/p>\n<p>&nbsp;<\/p>\n<div>\n<div><\/div>\n<h2>TH\u00d4NG TIN V\u1ec0 NH\u00c0 CUNG C\u1ea4P<\/h2>\n<p><strong>Shangyan Power Technology Jiangsu Co., Ltd.<\/strong> l\u00e0 doanh nghi\u1ec7p c\u00f4ng ngh\u1ec7 cao chuy\u00ean s\u1ea3n xu\u1ea5t c\u00e1c h\u1ec7 th\u1ed1ng n\u0103ng l\u01b0\u1ee3ng bao g\u1ed3m \u0111\u1ed9ng c\u01a1 diesel v\u00e0 m\u00e1y ph\u00e1t \u0111i\u1ec7n.<\/p>\n<ul>\n<li><strong>Ti\u1ec1n th\u00e2n:<\/strong> Vi\u1ec7n \u0110\u1ed9ng c\u01a1 Diesel Ph\u1ed1 \u0110\u00f4ng Th\u01b0\u1ee3ng H\u1ea3i, th\u00e0nh l\u1eadp t\u1eeb n\u0103m <strong>1993<\/strong><\/li>\n<li><strong>C\u01a1 s\u1edf:<\/strong> 2 trung t\u00e2m nghi\u00ean c\u1ee9u v\u00e0 ph\u00e1t tri\u1ec3n (R&amp;D) t\u1ea1i Th\u01b0\u1ee3ng H\u1ea3i, 1 nh\u00e0 m\u00e1y s\u1ea3n xu\u1ea5t t\u1ea1i Nantong<\/li>\n<\/ul>\n<p><strong style=\"font-size: 16px;\">T\u1ea1i Vi\u1ec7t Nam, Vina TD H\u1ea3i Ph\u00f2ng<\/strong><span style=\"font-size: 16px;\"> t\u1ef1 h\u00e0o l\u00e0 <\/span><strong style=\"font-size: 16px;\">\u0111\u1ea1i l\u00fd ch\u00ednh th\u1ee9c c\u1ee7a Shyan Power. <\/strong><span style=\"font-size: 16px;\">Ch\u00fang t\u00f4i cam k\u1ebft mang \u0111\u1ebfn cho kh\u00e1ch h\u00e0ng c\u00e1c s\u1ea3n ph\u1ea9m \u0111\u1ed9ng c\u01a1 ch\u1ea5t l\u01b0\u1ee3ng cao nh\u1ea5t c\u00f9ng v\u1edbi c\u00e1c d\u1ecbch v\u1ee5 h\u1ed7 tr\u1ee3 chuy\u00ean s\u00e2u nh\u01b0:<\/span><\/p>\n<ul>\n<li><strong>T\u01b0 v\u1ea5n k\u1ef9 thu\u1eadt:<\/strong> \u0110\u1ed9i ng\u0169 k\u1ef9 s\u01b0 gi\u00e0u kinh nghi\u1ec7m lu\u00f4n s\u1eb5n s\u00e0ng h\u1ed7 tr\u1ee3 kh\u00e1ch h\u00e0ng v\u1edbi th\u00f4ng tin chi ti\u1ebft v\u00e0 ch\u00ednh x\u00e1c nh\u1ea5t.<\/li>\n<li><strong>H\u1ed7 tr\u1ee3 l\u1eafp \u0111\u1eb7t v\u00e0 b\u1ea3o tr\u00ec \u0111\u1ecbnh k\u1ef3:<\/strong> \u0110\u1ea3m b\u1ea3o \u0111\u1ed9ng c\u01a1 ho\u1ea1t \u0111\u1ed9ng \u1ed5n \u0111\u1ecbnh v\u00e0 hi\u1ec7u qu\u1ea3 trong th\u1eddi gian d\u00e0i.<\/li>\n<li><strong>D\u1ecbch v\u1ee5 h\u1eadu m\u00e3i t\u1eadn t\u00e2m:<\/strong> H\u1ed7 tr\u1ee3 kh\u00e1ch h\u00e0ng t\u1ed1i \u01b0u h\u00f3a hi\u1ec7u qu\u1ea3 v\u1eadn h\u00e0nh c\u1ee7a thi\u1ebft b\u1ecb.<\/li>\n<\/ul>\n<\/div>\n<div class=\"group pointer-events-none relative flex justify-center *:pointer-events-auto\"><\/div>\n","protected":false},"excerpt":{"rendered":"<p>Th\u00f4ng tin chung H\u1ea1ng m\u1ee5c Th\u00f4ng s\u1ed1 Ki\u1ec3u \u0111\u1ed9ng c\u01a1 4 k\u1ef3; 6 xi lanh th\u1eb3ng h\u00e0ng H\u1ec7 th\u1ed1ng kh\u00ed n\u1ea1p T\u0103ng \u00e1p c\u00f3 l\u00e0m m\u00e1t \u0110\u01b0\u1eddng k\u00ednh xi lanh x H\u00e0nh tr\u00ecnh piston 130 \u00d7 161 mm Dung t\u00edch xi lanh 12.8 L Ti\u00eau chu\u1ea9n l\u1eafp gh\u00e9p SAE 1# \/ 14&#8221; H\u1ec7 th\u1ed1ng nhi\u00ean [&hellip;]<\/p>\n","protected":false},"featured_media":32251,"template":"","meta":{"site-sidebar-layout":"default","site-content-layout":"","ast-site-content-layout":"default","site-content-style":"default","site-sidebar-style":"default","ast-global-header-display":"","ast-banner-title-visibility":"","ast-main-header-display":"","ast-hfb-above-header-display":"","ast-hfb-below-header-display":"","ast-hfb-mobile-header-display":"","site-post-title":"","ast-breadcrumbs-content":"","ast-featured-img":"","footer-sml-layout":"","theme-transparent-header-meta":"default","adv-header-id-meta":"","stick-header-meta":"","header-above-stick-meta":"","header-main-stick-meta":"","header-below-stick-meta":"","astra-migrate-meta-layouts":"set","ast-page-background-enabled":"default","ast-page-background-meta":{"desktop":{"background-color":"var(--ast-global-color-4)","background-image":"","background-repeat":"repeat","background-position":"center center","background-size":"auto","background-attachment":"scroll","background-type":"","background-media":"","overlay-type":"","overlay-color":"","overlay-opacity":"","overlay-gradient":""},"tablet":{"background-color":"","background-image":"","background-repeat":"repeat","background-position":"center center","background-size":"auto","background-attachment":"scroll","background-type":"","background-media":"","overlay-type":"","overlay-color":"","overlay-opacity":"","overlay-gradient":""},"mobile":{"background-color":"","background-image":"","background-repeat":"repeat","background-position":"center center","background-size":"auto","background-attachment":"scroll","background-type":"","background-media":"","overlay-type":"","overlay-color":"","overlay-opacity":"","overlay-gradient":""}},"ast-content-background-meta":{"desktop":{"background-color":"var(--ast-global-color-5)","background-image":"","background-repeat":"repeat","background-position":"center center","background-size":"auto","background-attachment":"scroll","background-type":"","background-media":"","overlay-type":"","overlay-color":"","overlay-opacity":"","overlay-gradient":""},"tablet":{"background-color":"var(--ast-global-color-5)","background-image":"","background-repeat":"repeat","background-position":"center center","background-size":"auto","background-attachment":"scroll","background-type":"","background-media":"","overlay-type":"","overlay-color":"","overlay-opacity":"","overlay-gradient":""},"mobile":{"background-color":"var(--ast-global-color-5)","background-image":"","background-repeat":"repeat","background-position":"center center","background-size":"auto","background-attachment":"scroll","background-type":"","background-media":"","overlay-type":"","overlay-color":"","overlay-opacity":"","overlay-gradient":""}}},"product_cat":[402,404],"product_tag":[],"class_list":{"0":"post-32254","1":"product","2":"type-product","3":"status-publish","4":"has-post-thumbnail","6":"product_cat-dong-co-shyan-power","7":"product_cat-may-chinh-hang-hai-cua-shyan-power","8":"desktop-align-left","9":"tablet-align-left","10":"mobile-align-left","12":"first","13":"instock","14":"shipping-taxable","15":"product-type-simple"},"_links":{"self":[{"href":"https:\/\/vinatd.com\/index.php?rest_route=\/wp\/v2\/product\/32254","targetHints":{"allow":["GET"]}}],"collection":[{"href":"https:\/\/vinatd.com\/index.php?rest_route=\/wp\/v2\/product"}],"about":[{"href":"https:\/\/vinatd.com\/index.php?rest_route=\/wp\/v2\/types\/product"}],"wp:featuredmedia":[{"embeddable":true,"href":"https:\/\/vinatd.com\/index.php?rest_route=\/wp\/v2\/media\/32251"}],"wp:attachment":[{"href":"https:\/\/vinatd.com\/index.php?rest_route=%2Fwp%2Fv2%2Fmedia&parent=32254"}],"wp:term":[{"taxonomy":"product_cat","embeddable":true,"href":"https:\/\/vinatd.com\/index.php?rest_route=%2Fwp%2Fv2%2Fproduct_cat&post=32254"},{"taxonomy":"product_tag","embeddable":true,"href":"https:\/\/vinatd.com\/index.php?rest_route=%2Fwp%2Fv2%2Fproduct_tag&post=32254"}],"curies":[{"name":"wp","href":"https:\/\/api.w.org\/{rel}","templated":true}]}}