{"id":32249,"date":"2025-05-03T07:56:44","date_gmt":"2025-05-03T00:56:44","guid":{"rendered":"https:\/\/vinatd.com\/?post_type=product&#038;p=32249"},"modified":"2025-05-08T16:05:53","modified_gmt":"2025-05-08T09:05:53","slug":"dong-co-day-hang-hai-shyan-6m13c","status":"publish","type":"product","link":"https:\/\/vinatd.com\/?product=dong-co-day-hang-hai-shyan-6m13c","title":{"rendered":"\u0110\u1ed9ng c\u01a1 \u0111\u1ea9y h\u00e0ng h\u1ea3i SHYAN | 6M13C (449HP &#8211; 500HP)"},"content":{"rendered":"<h1><strong>Th\u00f4ng tin chung<\/strong><\/h1>\n<table class=\"w-fit min-w-(--thread-content-width)\" data-start=\"208\" data-end=\"1073\">\n<thead data-start=\"208\" data-end=\"283\">\n<tr data-start=\"208\" data-end=\"283\">\n<th data-start=\"208\" data-end=\"247\" data-col-size=\"sm\"><strong data-start=\"210\" data-end=\"222\">H\u1ea1ng m\u1ee5c<\/strong><\/th>\n<th data-start=\"247\" data-end=\"283\" data-col-size=\"sm\"><strong data-start=\"249\" data-end=\"261\">Th\u00f4ng s\u1ed1<\/strong><\/th>\n<\/tr>\n<\/thead>\n<tbody data-start=\"363\" data-end=\"1073\">\n<tr data-start=\"363\" data-end=\"441\">\n<td data-start=\"363\" data-end=\"404\" data-col-size=\"sm\">Ki\u1ec3u \u0111\u1ed9ng c\u01a1<\/td>\n<td data-col-size=\"sm\" data-start=\"404\" data-end=\"441\">4 k\u1ef3; 6 xi lanh th\u1eb3ng h\u00e0ng<\/td>\n<\/tr>\n<tr data-start=\"442\" data-end=\"520\">\n<td data-start=\"442\" data-end=\"483\" data-col-size=\"sm\">H\u1ec7 th\u1ed1ng kh\u00ed n\u1ea1p<\/td>\n<td data-col-size=\"sm\" data-start=\"483\" data-end=\"520\">T\u0103ng \u00e1p c\u00f3 l\u00e0m m\u00e1t<\/td>\n<\/tr>\n<tr data-start=\"521\" data-end=\"599\">\n<td data-start=\"521\" data-end=\"562\" data-col-size=\"sm\">\u0110\u01b0\u1eddng k\u00ednh xi lanh x H\u00e0nh tr\u00ecnh piston<\/td>\n<td data-col-size=\"sm\" data-start=\"562\" data-end=\"599\">135 \u00d7 161 mm<\/td>\n<\/tr>\n<tr data-start=\"600\" data-end=\"678\">\n<td data-start=\"600\" data-end=\"641\" data-col-size=\"sm\">Dung t\u00edch xi lanh<\/td>\n<td data-col-size=\"sm\" data-start=\"641\" data-end=\"678\">12.8 L<\/td>\n<\/tr>\n<tr data-start=\"679\" data-end=\"757\">\n<td data-start=\"679\" data-end=\"720\" data-col-size=\"sm\">Ti\u00eau chu\u1ea9n l\u1eafp gh\u00e9p<\/td>\n<td data-col-size=\"sm\" data-start=\"720\" data-end=\"757\">SAE 1# \/ 14&#8221;<\/td>\n<\/tr>\n<tr data-start=\"758\" data-end=\"836\">\n<td data-start=\"758\" data-end=\"799\" data-col-size=\"sm\">H\u1ec7 th\u1ed1ng nhi\u00ean li\u1ec7u<\/td>\n<td data-col-size=\"sm\" data-start=\"799\" data-end=\"836\">C\u01a1 kh\u00ed<\/td>\n<\/tr>\n<tr data-start=\"837\" data-end=\"915\">\n<td data-start=\"837\" data-end=\"878\" data-col-size=\"sm\">T\u1ed1c \u0111\u1ed9 kh\u00f4ng t\u1ea3i<\/td>\n<td data-col-size=\"sm\" data-start=\"878\" data-end=\"915\">650 v\u00f2ng\/ph\u00fat<\/td>\n<\/tr>\n<tr data-start=\"916\" data-end=\"994\">\n<td data-start=\"916\" data-end=\"957\" data-col-size=\"sm\">K\u00edch th\u01b0\u1edbc (DxRxC)<\/td>\n<td data-col-size=\"sm\" data-start=\"957\" data-end=\"994\">1780 \u00d7 1015 \u00d7 1522 mm<\/td>\n<\/tr>\n<tr data-start=\"995\" data-end=\"1073\">\n<td data-start=\"995\" data-end=\"1036\" data-col-size=\"sm\">Tr\u1ecdng l\u01b0\u1ee3ng<\/td>\n<td data-col-size=\"sm\" data-start=\"1036\" data-end=\"1073\">1316 kg<\/td>\n<\/tr>\n<\/tbody>\n<\/table>\n<p>&nbsp;<\/p>\n<p>&nbsp;<\/p>\n<p><span style=\"font-size: 2em; font-weight: bold;\">Th\u00f4ng s\u1ed1 k\u1ef9 thu\u1eadt chi ti\u1ebft<\/span><\/p>\n<table class=\"w-fit min-w-(--thread-content-width)\" data-start=\"199\" data-end=\"1001\">\n<thead data-start=\"199\" data-end=\"331\">\n<tr data-start=\"199\" data-end=\"331\">\n<th data-start=\"199\" data-end=\"220\" data-col-size=\"sm\"><strong data-start=\"201\" data-end=\"217\">Ki\u1ec3u \u0111\u1ed9ng c\u01a1<\/strong><\/th>\n<th data-start=\"220\" data-end=\"243\" data-col-size=\"sm\"><strong data-start=\"222\" data-end=\"242\">Ch\u1ebf \u0111\u1ed9 khai th\u00e1c<\/strong><\/th>\n<th data-start=\"243\" data-end=\"264\" data-col-size=\"sm\"><strong data-start=\"245\" data-end=\"263\">C\u00f4ng su\u1ea5t (kW)<\/strong><\/th>\n<th data-start=\"264\" data-end=\"285\" data-col-size=\"sm\"><strong data-start=\"266\" data-end=\"284\">C\u00f4ng su\u1ea5t (HP)<\/strong><\/th>\n<th data-start=\"285\" data-end=\"304\" data-col-size=\"sm\"><strong data-start=\"287\" data-end=\"303\">T\u1ed1c \u0111\u1ed9 (RPM)<\/strong><\/th>\n<th data-start=\"304\" data-end=\"331\" data-col-size=\"sm\"><strong data-start=\"306\" data-end=\"329\">Ti\u00eau chu\u1ea9n kh\u00ed th\u1ea3i<\/strong><\/th>\n<\/tr>\n<\/thead>\n<tbody data-start=\"466\" data-end=\"1001\">\n<tr data-start=\"466\" data-end=\"599\">\n<td data-start=\"466\" data-end=\"487\" data-col-size=\"sm\">SY6M13C449-15<\/td>\n<td data-col-size=\"sm\" data-start=\"487\" data-end=\"511\">P1<\/td>\n<td data-col-size=\"sm\" data-start=\"511\" data-end=\"532\">330<\/td>\n<td data-col-size=\"sm\" data-start=\"532\" data-end=\"553\">449<\/td>\n<td data-col-size=\"sm\" data-start=\"553\" data-end=\"572\">1500<\/td>\n<td data-col-size=\"sm\" data-start=\"572\" data-end=\"599\">IMO II<\/td>\n<\/tr>\n<tr data-start=\"600\" data-end=\"733\">\n<td data-start=\"600\" data-end=\"621\" data-col-size=\"sm\">SY6M13C500-15<\/td>\n<td data-col-size=\"sm\" data-start=\"621\" data-end=\"645\">P2<\/td>\n<td data-col-size=\"sm\" data-start=\"645\" data-end=\"666\">368<\/td>\n<td data-col-size=\"sm\" data-start=\"666\" data-end=\"687\">500<\/td>\n<td data-col-size=\"sm\" data-start=\"687\" data-end=\"706\">1500<\/td>\n<td data-col-size=\"sm\" data-start=\"706\" data-end=\"733\">IMO II<\/td>\n<\/tr>\n<tr data-start=\"734\" data-end=\"867\">\n<td data-start=\"734\" data-end=\"755\" data-col-size=\"sm\">SY6M13C449-18<\/td>\n<td data-col-size=\"sm\" data-start=\"755\" data-end=\"779\">P1<\/td>\n<td data-col-size=\"sm\" data-start=\"779\" data-end=\"800\">330<\/td>\n<td data-col-size=\"sm\" data-start=\"800\" data-end=\"821\">449<\/td>\n<td data-col-size=\"sm\" data-start=\"821\" data-end=\"840\">1800<\/td>\n<td data-col-size=\"sm\" data-start=\"840\" data-end=\"867\">IMO II<\/td>\n<\/tr>\n<tr data-start=\"868\" data-end=\"1001\">\n<td data-start=\"868\" data-end=\"889\" data-col-size=\"sm\">SY6M13C500-18<\/td>\n<td data-col-size=\"sm\" data-start=\"889\" data-end=\"913\">P2<\/td>\n<td data-col-size=\"sm\" data-start=\"913\" data-end=\"934\">368<\/td>\n<td data-col-size=\"sm\" data-start=\"934\" data-end=\"955\">500<\/td>\n<td data-col-size=\"sm\" data-start=\"955\" data-end=\"974\">1800<\/td>\n<td data-col-size=\"sm\" data-start=\"974\" data-end=\"1001\">IMO II<\/td>\n<\/tr>\n<\/tbody>\n<\/table>\n<div>\n<div><\/div>\n<h2>TH\u00d4NG TIN V\u1ec0 NH\u00c0 CUNG C\u1ea4P<\/h2>\n<p><strong>Shangyan Power Technology Jiangsu Co., Ltd.<\/strong> l\u00e0 doanh nghi\u1ec7p c\u00f4ng ngh\u1ec7 cao chuy\u00ean s\u1ea3n xu\u1ea5t c\u00e1c h\u1ec7 th\u1ed1ng n\u0103ng l\u01b0\u1ee3ng bao g\u1ed3m \u0111\u1ed9ng c\u01a1 diesel v\u00e0 m\u00e1y ph\u00e1t \u0111i\u1ec7n.<\/p>\n<ul>\n<li><strong>Ti\u1ec1n th\u00e2n:<\/strong> Vi\u1ec7n \u0110\u1ed9ng c\u01a1 Diesel Ph\u1ed1 \u0110\u00f4ng Th\u01b0\u1ee3ng H\u1ea3i, th\u00e0nh l\u1eadp t\u1eeb n\u0103m <strong>1993<\/strong><\/li>\n<li><strong>C\u01a1 s\u1edf:<\/strong> 2 trung t\u00e2m nghi\u00ean c\u1ee9u v\u00e0 ph\u00e1t tri\u1ec3n (R&amp;D) t\u1ea1i Th\u01b0\u1ee3ng H\u1ea3i, 1 nh\u00e0 m\u00e1y s\u1ea3n xu\u1ea5t t\u1ea1i Nantong<\/li>\n<\/ul>\n<p><strong style=\"font-size: 16px;\">T\u1ea1i Vi\u1ec7t Nam, Vina TD H\u1ea3i Ph\u00f2ng<\/strong><span style=\"font-size: 16px;\"> t\u1ef1 h\u00e0o l\u00e0 <\/span><strong style=\"font-size: 16px;\">\u0111\u1ea1i l\u00fd ch\u00ednh th\u1ee9c c\u1ee7a Shyan Power. <\/strong><span style=\"font-size: 16px;\">Ch\u00fang t\u00f4i cam k\u1ebft mang \u0111\u1ebfn cho kh\u00e1ch h\u00e0ng c\u00e1c s\u1ea3n ph\u1ea9m \u0111\u1ed9ng c\u01a1 ch\u1ea5t l\u01b0\u1ee3ng cao nh\u1ea5t c\u00f9ng v\u1edbi c\u00e1c d\u1ecbch v\u1ee5 h\u1ed7 tr\u1ee3 chuy\u00ean s\u00e2u nh\u01b0:<\/span><\/p>\n<ul>\n<li><strong>T\u01b0 v\u1ea5n k\u1ef9 thu\u1eadt:<\/strong> \u0110\u1ed9i ng\u0169 k\u1ef9 s\u01b0 gi\u00e0u kinh nghi\u1ec7m lu\u00f4n s\u1eb5n s\u00e0ng h\u1ed7 tr\u1ee3 kh\u00e1ch h\u00e0ng v\u1edbi th\u00f4ng tin chi ti\u1ebft v\u00e0 ch\u00ednh x\u00e1c nh\u1ea5t.<\/li>\n<li><strong>H\u1ed7 tr\u1ee3 l\u1eafp \u0111\u1eb7t v\u00e0 b\u1ea3o tr\u00ec \u0111\u1ecbnh k\u1ef3:<\/strong> \u0110\u1ea3m b\u1ea3o \u0111\u1ed9ng c\u01a1 ho\u1ea1t \u0111\u1ed9ng \u1ed5n \u0111\u1ecbnh v\u00e0 hi\u1ec7u qu\u1ea3 trong th\u1eddi gian d\u00e0i.<\/li>\n<li><strong>D\u1ecbch v\u1ee5 h\u1eadu m\u00e3i t\u1eadn t\u00e2m:<\/strong> H\u1ed7 tr\u1ee3 kh\u00e1ch h\u00e0ng t\u1ed1i \u01b0u h\u00f3a hi\u1ec7u qu\u1ea3 v\u1eadn h\u00e0nh c\u1ee7a thi\u1ebft b\u1ecb.<\/li>\n<\/ul>\n<\/div>\n<div class=\"group pointer-events-none relative flex justify-center *:pointer-events-auto\"><\/div>\n","protected":false},"excerpt":{"rendered":"<p>Th\u00f4ng tin chung H\u1ea1ng m\u1ee5c Th\u00f4ng s\u1ed1 Ki\u1ec3u \u0111\u1ed9ng c\u01a1 4 k\u1ef3; 6 xi lanh th\u1eb3ng h\u00e0ng H\u1ec7 th\u1ed1ng kh\u00ed n\u1ea1p T\u0103ng \u00e1p c\u00f3 l\u00e0m m\u00e1t \u0110\u01b0\u1eddng k\u00ednh xi lanh x H\u00e0nh tr\u00ecnh piston 135 \u00d7 161 mm Dung t\u00edch xi lanh 12.8 L Ti\u00eau chu\u1ea9n l\u1eafp gh\u00e9p SAE 1# \/ 14&#8221; H\u1ec7 th\u1ed1ng nhi\u00ean [&hellip;]<\/p>\n","protected":false},"featured_media":32251,"template":"","meta":{"site-sidebar-layout":"default","site-content-layout":"","ast-site-content-layout":"default","site-content-style":"default","site-sidebar-style":"default","ast-global-header-display":"","ast-banner-title-visibility":"","ast-main-header-display":"","ast-hfb-above-header-display":"","ast-hfb-below-header-display":"","ast-hfb-mobile-header-display":"","site-post-title":"","ast-breadcrumbs-content":"","ast-featured-img":"","footer-sml-layout":"","theme-transparent-header-meta":"default","adv-header-id-meta":"","stick-header-meta":"","header-above-stick-meta":"","header-main-stick-meta":"","header-below-stick-meta":"","astra-migrate-meta-layouts":"set","ast-page-background-enabled":"default","ast-page-background-meta":{"desktop":{"background-color":"var(--ast-global-color-4)","background-image":"","background-repeat":"repeat","background-position":"center center","background-size":"auto","background-attachment":"scroll","background-type":"","background-media":"","overlay-type":"","overlay-color":"","overlay-opacity":"","overlay-gradient":""},"tablet":{"background-color":"","background-image":"","background-repeat":"repeat","background-position":"center center","background-size":"auto","background-attachment":"scroll","background-type":"","background-media":"","overlay-type":"","overlay-color":"","overlay-opacity":"","overlay-gradient":""},"mobile":{"background-color":"","background-image":"","background-repeat":"repeat","background-position":"center center","background-size":"auto","background-attachment":"scroll","background-type":"","background-media":"","overlay-type":"","overlay-color":"","overlay-opacity":"","overlay-gradient":""}},"ast-content-background-meta":{"desktop":{"background-color":"var(--ast-global-color-5)","background-image":"","background-repeat":"repeat","background-position":"center center","background-size":"auto","background-attachment":"scroll","background-type":"","background-media":"","overlay-type":"","overlay-color":"","overlay-opacity":"","overlay-gradient":""},"tablet":{"background-color":"var(--ast-global-color-5)","background-image":"","background-repeat":"repeat","background-position":"center center","background-size":"auto","background-attachment":"scroll","background-type":"","background-media":"","overlay-type":"","overlay-color":"","overlay-opacity":"","overlay-gradient":""},"mobile":{"background-color":"var(--ast-global-color-5)","background-image":"","background-repeat":"repeat","background-position":"center center","background-size":"auto","background-attachment":"scroll","background-type":"","background-media":"","overlay-type":"","overlay-color":"","overlay-opacity":"","overlay-gradient":""}}},"product_cat":[402,404],"product_tag":[],"class_list":{"0":"post-32249","1":"product","2":"type-product","3":"status-publish","4":"has-post-thumbnail","6":"product_cat-dong-co-shyan-power","7":"product_cat-may-chinh-hang-hai-cua-shyan-power","8":"desktop-align-left","9":"tablet-align-left","10":"mobile-align-left","12":"first","13":"instock","14":"shipping-taxable","15":"product-type-simple"},"_links":{"self":[{"href":"https:\/\/vinatd.com\/index.php?rest_route=\/wp\/v2\/product\/32249","targetHints":{"allow":["GET"]}}],"collection":[{"href":"https:\/\/vinatd.com\/index.php?rest_route=\/wp\/v2\/product"}],"about":[{"href":"https:\/\/vinatd.com\/index.php?rest_route=\/wp\/v2\/types\/product"}],"wp:featuredmedia":[{"embeddable":true,"href":"https:\/\/vinatd.com\/index.php?rest_route=\/wp\/v2\/media\/32251"}],"wp:attachment":[{"href":"https:\/\/vinatd.com\/index.php?rest_route=%2Fwp%2Fv2%2Fmedia&parent=32249"}],"wp:term":[{"taxonomy":"product_cat","embeddable":true,"href":"https:\/\/vinatd.com\/index.php?rest_route=%2Fwp%2Fv2%2Fproduct_cat&post=32249"},{"taxonomy":"product_tag","embeddable":true,"href":"https:\/\/vinatd.com\/index.php?rest_route=%2Fwp%2Fv2%2Fproduct_tag&post=32249"}],"curies":[{"name":"wp","href":"https:\/\/api.w.org\/{rel}","templated":true}]}}