{"id":32246,"date":"2025-05-02T13:02:35","date_gmt":"2025-05-02T06:02:35","guid":{"rendered":"https:\/\/vinatd.com\/?post_type=product&#038;p=32246"},"modified":"2025-05-08T16:05:19","modified_gmt":"2025-05-08T09:05:19","slug":"dong-co-day-hang-hai-shyan-6g15c","status":"publish","type":"product","link":"https:\/\/vinatd.com\/?product=dong-co-day-hang-hai-shyan-6g15c","title":{"rendered":"\u0110\u1ed9ng c\u01a1 \u0111\u1ea9y h\u00e0ng h\u1ea3i SHYAN | 6G15C (363HP &#8211; 449HP)"},"content":{"rendered":"<h1><strong>Th\u00f4ng tin chung<\/strong><\/h1>\n<table class=\"w-fit min-w-(--thread-content-width)\" data-start=\"207\" data-end=\"1072\">\n<thead data-start=\"207\" data-end=\"282\">\n<tr data-start=\"207\" data-end=\"282\">\n<th data-start=\"207\" data-end=\"246\" data-col-size=\"sm\"><strong data-start=\"209\" data-end=\"221\">H\u1ea1ng m\u1ee5c<\/strong><\/th>\n<th data-start=\"246\" data-end=\"282\" data-col-size=\"sm\"><strong data-start=\"248\" data-end=\"260\">Th\u00f4ng s\u1ed1<\/strong><\/th>\n<\/tr>\n<\/thead>\n<tbody data-start=\"362\" data-end=\"1072\">\n<tr data-start=\"362\" data-end=\"440\">\n<td data-start=\"362\" data-end=\"403\" data-col-size=\"sm\">Ki\u1ec3u \u0111\u1ed9ng c\u01a1<\/td>\n<td data-col-size=\"sm\" data-start=\"403\" data-end=\"440\">4 k\u1ef3; 6 xi lanh th\u1eb3ng h\u00e0ng<\/td>\n<\/tr>\n<tr data-start=\"441\" data-end=\"519\">\n<td data-start=\"441\" data-end=\"482\" data-col-size=\"sm\">H\u1ec7 th\u1ed1ng kh\u00ed n\u1ea1p<\/td>\n<td data-col-size=\"sm\" data-start=\"482\" data-end=\"519\">T\u0103ng \u00e1p c\u00f3 l\u00e0m m\u00e1t<\/td>\n<\/tr>\n<tr data-start=\"520\" data-end=\"598\">\n<td data-start=\"520\" data-end=\"561\" data-col-size=\"sm\">\u0110\u01b0\u1eddng k\u00ednh xi lanh x H\u00e0nh tr\u00ecnh piston<\/td>\n<td data-col-size=\"sm\" data-start=\"561\" data-end=\"598\">135 \u00d7 165 mm<\/td>\n<\/tr>\n<tr data-start=\"599\" data-end=\"677\">\n<td data-start=\"599\" data-end=\"640\" data-col-size=\"sm\">Dung t\u00edch xi lanh<\/td>\n<td data-col-size=\"sm\" data-start=\"640\" data-end=\"677\">14.2 L<\/td>\n<\/tr>\n<tr data-start=\"678\" data-end=\"756\">\n<td data-start=\"678\" data-end=\"719\" data-col-size=\"sm\">Ti\u00eau chu\u1ea9n l\u1eafp gh\u00e9p<\/td>\n<td data-col-size=\"sm\" data-start=\"719\" data-end=\"756\">SAE 1# \/ 14&#8221;<\/td>\n<\/tr>\n<tr data-start=\"757\" data-end=\"835\">\n<td data-start=\"757\" data-end=\"798\" data-col-size=\"sm\">H\u1ec7 th\u1ed1ng nhi\u00ean li\u1ec7u<\/td>\n<td data-col-size=\"sm\" data-start=\"798\" data-end=\"835\">C\u01a1 kh\u00ed<\/td>\n<\/tr>\n<tr data-start=\"836\" data-end=\"914\">\n<td data-start=\"836\" data-end=\"877\" data-col-size=\"sm\">T\u1ed1c \u0111\u1ed9 kh\u00f4ng t\u1ea3i<\/td>\n<td data-col-size=\"sm\" data-start=\"877\" data-end=\"914\">650 v\u00f2ng\/ph\u00fat<\/td>\n<\/tr>\n<tr data-start=\"915\" data-end=\"993\">\n<td data-start=\"915\" data-end=\"956\" data-col-size=\"sm\">K\u00edch th\u01b0\u1edbc (DxRxC)<\/td>\n<td data-col-size=\"sm\" data-start=\"956\" data-end=\"993\">1680 \u00d7 884 \u00d7 1550 mm<\/td>\n<\/tr>\n<tr data-start=\"994\" data-end=\"1072\">\n<td data-start=\"994\" data-end=\"1035\" data-col-size=\"sm\">Tr\u1ecdng l\u01b0\u1ee3ng<\/td>\n<td data-col-size=\"sm\" data-start=\"1035\" data-end=\"1072\">1350 kg<\/td>\n<\/tr>\n<\/tbody>\n<\/table>\n<p><span style=\"font-size: 2em; font-weight: bold;\">Th\u00f4ng s\u1ed1 k\u1ef9 thu\u1eadt chi ti\u1ebft<\/span><\/p>\n<table class=\"w-fit min-w-(--thread-content-width)\" data-start=\"221\" data-end=\"1515\">\n<thead data-start=\"221\" data-end=\"381\">\n<tr data-start=\"221\" data-end=\"381\">\n<th data-start=\"221\" data-end=\"241\" data-col-size=\"sm\"><strong data-start=\"223\" data-end=\"239\">Ki\u1ec3u \u0111\u1ed9ng c\u01a1<\/strong><\/th>\n<th data-start=\"241\" data-end=\"264\" data-col-size=\"sm\"><strong data-start=\"243\" data-end=\"263\">Ch\u1ebf \u0111\u1ed9 khai th\u00e1c<\/strong><\/th>\n<th data-start=\"264\" data-end=\"285\" data-col-size=\"sm\"><strong data-start=\"266\" data-end=\"284\">C\u00f4ng su\u1ea5t (kW)<\/strong><\/th>\n<th data-start=\"285\" data-end=\"306\" data-col-size=\"sm\"><strong data-start=\"287\" data-end=\"305\">C\u00f4ng su\u1ea5t (HP)<\/strong><\/th>\n<th data-start=\"306\" data-end=\"325\" data-col-size=\"sm\"><strong data-start=\"308\" data-end=\"324\">T\u1ed1c \u0111\u1ed9 (RPM)<\/strong><\/th>\n<th data-start=\"325\" data-end=\"354\" data-col-size=\"sm\"><strong data-start=\"327\" data-end=\"347\">H\u1ec7 th\u1ed1ng kh\u00ed n\u1ea1p<\/strong><\/th>\n<th data-start=\"354\" data-end=\"381\" data-col-size=\"sm\"><strong data-start=\"356\" data-end=\"379\">Ti\u00eau chu\u1ea9n kh\u00ed th\u1ea3i<\/strong><\/th>\n<\/tr>\n<\/thead>\n<tbody data-start=\"544\" data-end=\"1515\">\n<tr data-start=\"544\" data-end=\"705\">\n<td data-start=\"544\" data-end=\"564\" data-col-size=\"sm\">SY6G15C363-15<\/td>\n<td data-col-size=\"sm\" data-start=\"564\" data-end=\"588\">P1<\/td>\n<td data-col-size=\"sm\" data-start=\"588\" data-end=\"609\">267<\/td>\n<td data-col-size=\"sm\" data-start=\"609\" data-end=\"630\">363<\/td>\n<td data-col-size=\"sm\" data-start=\"630\" data-end=\"649\">1500<\/td>\n<td data-col-size=\"sm\" data-start=\"649\" data-end=\"678\">T\u0103ng \u00e1p c\u00f3 l\u00e0m m\u00e1t<\/td>\n<td data-col-size=\"sm\" data-start=\"678\" data-end=\"705\">IMO II<\/td>\n<\/tr>\n<tr data-start=\"706\" data-end=\"867\">\n<td data-start=\"706\" data-end=\"726\" data-col-size=\"sm\">SY6G15C380-15<\/td>\n<td data-col-size=\"sm\" data-start=\"726\" data-end=\"750\">P2<\/td>\n<td data-col-size=\"sm\" data-start=\"750\" data-end=\"771\">280<\/td>\n<td data-col-size=\"sm\" data-start=\"771\" data-end=\"792\">380<\/td>\n<td data-col-size=\"sm\" data-start=\"792\" data-end=\"811\">1500<\/td>\n<td data-col-size=\"sm\" data-start=\"811\" data-end=\"840\">T\u0103ng \u00e1p c\u00f3 l\u00e0m m\u00e1t<\/td>\n<td data-col-size=\"sm\" data-start=\"840\" data-end=\"867\">IMO II<\/td>\n<\/tr>\n<tr data-start=\"868\" data-end=\"1029\">\n<td data-start=\"868\" data-end=\"888\" data-col-size=\"sm\">SY6G15C449-15<\/td>\n<td data-col-size=\"sm\" data-start=\"888\" data-end=\"912\">P3<\/td>\n<td data-col-size=\"sm\" data-start=\"912\" data-end=\"933\">330<\/td>\n<td data-col-size=\"sm\" data-start=\"933\" data-end=\"954\">449<\/td>\n<td data-col-size=\"sm\" data-start=\"954\" data-end=\"973\">1500<\/td>\n<td data-col-size=\"sm\" data-start=\"973\" data-end=\"1002\">T\u0103ng \u00e1p c\u00f3 l\u00e0m m\u00e1t<\/td>\n<td data-col-size=\"sm\" data-start=\"1002\" data-end=\"1029\">IMO II<\/td>\n<\/tr>\n<tr data-start=\"1030\" data-end=\"1191\">\n<td data-start=\"1030\" data-end=\"1050\" data-col-size=\"sm\">SY6G15C380-18<\/td>\n<td data-col-size=\"sm\" data-start=\"1050\" data-end=\"1074\">P1<\/td>\n<td data-col-size=\"sm\" data-start=\"1074\" data-end=\"1095\">280<\/td>\n<td data-col-size=\"sm\" data-start=\"1095\" data-end=\"1116\">380<\/td>\n<td data-col-size=\"sm\" data-start=\"1116\" data-end=\"1135\">1800<\/td>\n<td data-col-size=\"sm\" data-start=\"1135\" data-end=\"1164\">T\u0103ng \u00e1p c\u00f3 l\u00e0m m\u00e1t<\/td>\n<td data-col-size=\"sm\" data-start=\"1164\" data-end=\"1191\">IMO II<\/td>\n<\/tr>\n<tr data-start=\"1192\" data-end=\"1353\">\n<td data-start=\"1192\" data-end=\"1212\" data-col-size=\"sm\">SY6G15C420-18<\/td>\n<td data-col-size=\"sm\" data-start=\"1212\" data-end=\"1236\">P2<\/td>\n<td data-col-size=\"sm\" data-start=\"1236\" data-end=\"1257\">308<\/td>\n<td data-col-size=\"sm\" data-start=\"1257\" data-end=\"1278\">420<\/td>\n<td data-col-size=\"sm\" data-start=\"1278\" data-end=\"1297\">1800<\/td>\n<td data-col-size=\"sm\" data-start=\"1297\" data-end=\"1326\">T\u0103ng \u00e1p c\u00f3 l\u00e0m m\u00e1t<\/td>\n<td data-col-size=\"sm\" data-start=\"1326\" data-end=\"1353\">IMO II<\/td>\n<\/tr>\n<tr data-start=\"1354\" data-end=\"1515\">\n<td data-start=\"1354\" data-end=\"1374\" data-col-size=\"sm\">SY6G15C449-18<\/td>\n<td data-col-size=\"sm\" data-start=\"1374\" data-end=\"1398\">P3<\/td>\n<td data-col-size=\"sm\" data-start=\"1398\" data-end=\"1419\">330<\/td>\n<td data-col-size=\"sm\" data-start=\"1419\" data-end=\"1440\">449<\/td>\n<td data-col-size=\"sm\" data-start=\"1440\" data-end=\"1459\">1800<\/td>\n<td data-col-size=\"sm\" data-start=\"1459\" data-end=\"1488\">T\u0103ng \u00e1p c\u00f3 l\u00e0m m\u00e1t<\/td>\n<td data-col-size=\"sm\" data-start=\"1488\" data-end=\"1515\">IMO II<\/td>\n<\/tr>\n<\/tbody>\n<\/table>\n<p>&nbsp;<\/p>\n<p>&nbsp;<\/p>\n<div>\n<div><\/div>\n<h2>TH\u00d4NG TIN V\u1ec0 NH\u00c0 CUNG C\u1ea4P<\/h2>\n<p><strong>Shangyan Power Technology Jiangsu Co., Ltd.<\/strong> l\u00e0 doanh nghi\u1ec7p c\u00f4ng ngh\u1ec7 cao chuy\u00ean s\u1ea3n xu\u1ea5t c\u00e1c h\u1ec7 th\u1ed1ng n\u0103ng l\u01b0\u1ee3ng bao g\u1ed3m \u0111\u1ed9ng c\u01a1 diesel v\u00e0 m\u00e1y ph\u00e1t \u0111i\u1ec7n.<\/p>\n<ul>\n<li><strong>Ti\u1ec1n th\u00e2n:<\/strong> Vi\u1ec7n \u0110\u1ed9ng c\u01a1 Diesel Ph\u1ed1 \u0110\u00f4ng Th\u01b0\u1ee3ng H\u1ea3i, th\u00e0nh l\u1eadp t\u1eeb n\u0103m <strong>1993<\/strong><\/li>\n<li><strong>C\u01a1 s\u1edf:<\/strong> 2 trung t\u00e2m nghi\u00ean c\u1ee9u v\u00e0 ph\u00e1t tri\u1ec3n (R&amp;D) t\u1ea1i Th\u01b0\u1ee3ng H\u1ea3i, 1 nh\u00e0 m\u00e1y s\u1ea3n xu\u1ea5t t\u1ea1i Nantong<\/li>\n<\/ul>\n<p><strong style=\"font-size: 16px;\">T\u1ea1i Vi\u1ec7t Nam, Vina TD H\u1ea3i Ph\u00f2ng<\/strong><span style=\"font-size: 16px;\"> t\u1ef1 h\u00e0o l\u00e0 <\/span><strong style=\"font-size: 16px;\">\u0111\u1ea1i l\u00fd ch\u00ednh th\u1ee9c c\u1ee7a Shyan Power. <\/strong><span style=\"font-size: 16px;\">Ch\u00fang t\u00f4i cam k\u1ebft mang \u0111\u1ebfn cho kh\u00e1ch h\u00e0ng c\u00e1c s\u1ea3n ph\u1ea9m \u0111\u1ed9ng c\u01a1 ch\u1ea5t l\u01b0\u1ee3ng cao nh\u1ea5t c\u00f9ng v\u1edbi c\u00e1c d\u1ecbch v\u1ee5 h\u1ed7 tr\u1ee3 chuy\u00ean s\u00e2u nh\u01b0:<\/span><\/p>\n<ul>\n<li><strong>T\u01b0 v\u1ea5n k\u1ef9 thu\u1eadt:<\/strong> \u0110\u1ed9i ng\u0169 k\u1ef9 s\u01b0 gi\u00e0u kinh nghi\u1ec7m lu\u00f4n s\u1eb5n s\u00e0ng h\u1ed7 tr\u1ee3 kh\u00e1ch h\u00e0ng v\u1edbi th\u00f4ng tin chi ti\u1ebft v\u00e0 ch\u00ednh x\u00e1c nh\u1ea5t.<\/li>\n<li><strong>H\u1ed7 tr\u1ee3 l\u1eafp \u0111\u1eb7t v\u00e0 b\u1ea3o tr\u00ec \u0111\u1ecbnh k\u1ef3:<\/strong> \u0110\u1ea3m b\u1ea3o \u0111\u1ed9ng c\u01a1 ho\u1ea1t \u0111\u1ed9ng \u1ed5n \u0111\u1ecbnh v\u00e0 hi\u1ec7u qu\u1ea3 trong th\u1eddi gian d\u00e0i.<\/li>\n<li><strong>D\u1ecbch v\u1ee5 h\u1eadu m\u00e3i t\u1eadn t\u00e2m:<\/strong> H\u1ed7 tr\u1ee3 kh\u00e1ch h\u00e0ng t\u1ed1i \u01b0u h\u00f3a hi\u1ec7u qu\u1ea3 v\u1eadn h\u00e0nh c\u1ee7a thi\u1ebft b\u1ecb.<\/li>\n<\/ul>\n<\/div>\n<div class=\"group pointer-events-none relative flex justify-center *:pointer-events-auto\"><\/div>\n","protected":false},"excerpt":{"rendered":"<p>Th\u00f4ng tin chung H\u1ea1ng m\u1ee5c Th\u00f4ng s\u1ed1 Ki\u1ec3u \u0111\u1ed9ng c\u01a1 4 k\u1ef3; 6 xi lanh th\u1eb3ng h\u00e0ng H\u1ec7 th\u1ed1ng kh\u00ed n\u1ea1p T\u0103ng \u00e1p c\u00f3 l\u00e0m m\u00e1t \u0110\u01b0\u1eddng k\u00ednh xi lanh x H\u00e0nh tr\u00ecnh piston 135 \u00d7 165 mm Dung t\u00edch xi lanh 14.2 L Ti\u00eau chu\u1ea9n l\u1eafp gh\u00e9p SAE 1# \/ 14&#8221; H\u1ec7 th\u1ed1ng nhi\u00ean [&hellip;]<\/p>\n","protected":false},"featured_media":32121,"template":"","meta":{"site-sidebar-layout":"default","site-content-layout":"","ast-site-content-layout":"default","site-content-style":"default","site-sidebar-style":"default","ast-global-header-display":"","ast-banner-title-visibility":"","ast-main-header-display":"","ast-hfb-above-header-display":"","ast-hfb-below-header-display":"","ast-hfb-mobile-header-display":"","site-post-title":"","ast-breadcrumbs-content":"","ast-featured-img":"","footer-sml-layout":"","theme-transparent-header-meta":"default","adv-header-id-meta":"","stick-header-meta":"","header-above-stick-meta":"","header-main-stick-meta":"","header-below-stick-meta":"","astra-migrate-meta-layouts":"set","ast-page-background-enabled":"default","ast-page-background-meta":{"desktop":{"background-color":"var(--ast-global-color-4)","background-image":"","background-repeat":"repeat","background-position":"center center","background-size":"auto","background-attachment":"scroll","background-type":"","background-media":"","overlay-type":"","overlay-color":"","overlay-opacity":"","overlay-gradient":""},"tablet":{"background-color":"","background-image":"","background-repeat":"repeat","background-position":"center center","background-size":"auto","background-attachment":"scroll","background-type":"","background-media":"","overlay-type":"","overlay-color":"","overlay-opacity":"","overlay-gradient":""},"mobile":{"background-color":"","background-image":"","background-repeat":"repeat","background-position":"center center","background-size":"auto","background-attachment":"scroll","background-type":"","background-media":"","overlay-type":"","overlay-color":"","overlay-opacity":"","overlay-gradient":""}},"ast-content-background-meta":{"desktop":{"background-color":"var(--ast-global-color-5)","background-image":"","background-repeat":"repeat","background-position":"center center","background-size":"auto","background-attachment":"scroll","background-type":"","background-media":"","overlay-type":"","overlay-color":"","overlay-opacity":"","overlay-gradient":""},"tablet":{"background-color":"var(--ast-global-color-5)","background-image":"","background-repeat":"repeat","background-position":"center center","background-size":"auto","background-attachment":"scroll","background-type":"","background-media":"","overlay-type":"","overlay-color":"","overlay-opacity":"","overlay-gradient":""},"mobile":{"background-color":"var(--ast-global-color-5)","background-image":"","background-repeat":"repeat","background-position":"center center","background-size":"auto","background-attachment":"scroll","background-type":"","background-media":"","overlay-type":"","overlay-color":"","overlay-opacity":"","overlay-gradient":""}}},"product_cat":[402,404],"product_tag":[],"class_list":{"0":"post-32246","1":"product","2":"type-product","3":"status-publish","4":"has-post-thumbnail","6":"product_cat-dong-co-shyan-power","7":"product_cat-may-chinh-hang-hai-cua-shyan-power","8":"desktop-align-left","9":"tablet-align-left","10":"mobile-align-left","12":"first","13":"instock","14":"shipping-taxable","15":"product-type-simple"},"_links":{"self":[{"href":"https:\/\/vinatd.com\/index.php?rest_route=\/wp\/v2\/product\/32246","targetHints":{"allow":["GET"]}}],"collection":[{"href":"https:\/\/vinatd.com\/index.php?rest_route=\/wp\/v2\/product"}],"about":[{"href":"https:\/\/vinatd.com\/index.php?rest_route=\/wp\/v2\/types\/product"}],"wp:featuredmedia":[{"embeddable":true,"href":"https:\/\/vinatd.com\/index.php?rest_route=\/wp\/v2\/media\/32121"}],"wp:attachment":[{"href":"https:\/\/vinatd.com\/index.php?rest_route=%2Fwp%2Fv2%2Fmedia&parent=32246"}],"wp:term":[{"taxonomy":"product_cat","embeddable":true,"href":"https:\/\/vinatd.com\/index.php?rest_route=%2Fwp%2Fv2%2Fproduct_cat&post=32246"},{"taxonomy":"product_tag","embeddable":true,"href":"https:\/\/vinatd.com\/index.php?rest_route=%2Fwp%2Fv2%2Fproduct_tag&post=32246"}],"curies":[{"name":"wp","href":"https:\/\/api.w.org\/{rel}","templated":true}]}}