{"id":32237,"date":"2025-05-02T08:43:48","date_gmt":"2025-05-02T01:43:48","guid":{"rendered":"https:\/\/vinatd.com\/?post_type=product&#038;p=32237"},"modified":"2025-05-08T16:04:45","modified_gmt":"2025-05-08T09:04:45","slug":"dong-co-day-hang-hai-shyan-6g13c","status":"publish","type":"product","link":"https:\/\/vinatd.com\/?product=dong-co-day-hang-hai-shyan-6g13c","title":{"rendered":"\u0110\u1ed9ng c\u01a1 d\u00e2y h\u00e0ng h\u1ea3i SHYAN | 6G13C (220HP &#8211; 363HP)"},"content":{"rendered":"<h1><strong>Th\u00f4ng tin chung<\/strong><\/h1>\n<table class=\"w-fit min-w-(--thread-content-width)\" data-start=\"205\" data-end=\"1070\">\n<thead data-start=\"205\" data-end=\"280\">\n<tr data-start=\"205\" data-end=\"280\">\n<th data-start=\"205\" data-end=\"244\" data-col-size=\"sm\"><strong data-start=\"207\" data-end=\"219\">H\u1ea1ng m\u1ee5c<\/strong><\/th>\n<th data-start=\"244\" data-end=\"280\" data-col-size=\"sm\"><strong data-start=\"246\" data-end=\"258\">Th\u00f4ng s\u1ed1<\/strong><\/th>\n<\/tr>\n<\/thead>\n<tbody data-start=\"360\" data-end=\"1070\">\n<tr data-start=\"360\" data-end=\"438\">\n<td data-start=\"360\" data-end=\"401\" data-col-size=\"sm\">Ki\u1ec3u \u0111\u1ed9ng c\u01a1<\/td>\n<td data-col-size=\"sm\" data-start=\"401\" data-end=\"438\">4 k\u1ef3; 6 xi lanh th\u1eb3ng h\u00e0ng<\/td>\n<\/tr>\n<tr data-start=\"439\" data-end=\"517\">\n<td data-start=\"439\" data-end=\"480\" data-col-size=\"sm\">H\u1ec7 th\u1ed1ng kh\u00ed n\u1ea1p<\/td>\n<td data-col-size=\"sm\" data-start=\"480\" data-end=\"517\">T\u0103ng \u00e1p \/ T\u0103ng \u00e1p c\u00f3 l\u00e0m m\u00e1t<\/td>\n<\/tr>\n<tr data-start=\"518\" data-end=\"596\">\n<td data-start=\"518\" data-end=\"559\" data-col-size=\"sm\">\u0110\u01b0\u1eddng k\u00ednh xi lanh x H\u00e0nh tr\u00ecnh piston<\/td>\n<td data-col-size=\"sm\" data-start=\"559\" data-end=\"596\">135 \u00d7 150 mm<\/td>\n<\/tr>\n<tr data-start=\"597\" data-end=\"675\">\n<td data-start=\"597\" data-end=\"638\" data-col-size=\"sm\">Dung t\u00edch xi lanh<\/td>\n<td data-col-size=\"sm\" data-start=\"638\" data-end=\"675\">12.9 L<\/td>\n<\/tr>\n<tr data-start=\"676\" data-end=\"754\">\n<td data-start=\"676\" data-end=\"717\" data-col-size=\"sm\">Ti\u00eau chu\u1ea9n l\u1eafp gh\u00e9p<\/td>\n<td data-col-size=\"sm\" data-start=\"717\" data-end=\"754\">SAE 1# \/ 14&#8221;<\/td>\n<\/tr>\n<tr data-start=\"755\" data-end=\"833\">\n<td data-start=\"755\" data-end=\"796\" data-col-size=\"sm\">H\u1ec7 th\u1ed1ng nhi\u00ean li\u1ec7u<\/td>\n<td data-col-size=\"sm\" data-start=\"796\" data-end=\"833\">C\u01a1 kh\u00ed<\/td>\n<\/tr>\n<tr data-start=\"834\" data-end=\"912\">\n<td data-start=\"834\" data-end=\"875\" data-col-size=\"sm\">T\u1ed1c \u0111\u1ed9 kh\u00f4ng t\u1ea3i<\/td>\n<td data-col-size=\"sm\" data-start=\"875\" data-end=\"912\">650 v\u00f2ng\/ph\u00fat<\/td>\n<\/tr>\n<tr data-start=\"913\" data-end=\"991\">\n<td data-start=\"913\" data-end=\"954\" data-col-size=\"sm\">K\u00edch th\u01b0\u1edbc (DxRxC)<\/td>\n<td data-col-size=\"sm\" data-start=\"954\" data-end=\"991\">1880 \u00d7 884 \u00d7 1550 mm<\/td>\n<\/tr>\n<tr data-start=\"992\" data-end=\"1070\">\n<td data-start=\"992\" data-end=\"1033\" data-col-size=\"sm\">Tr\u1ecdng l\u01b0\u1ee3ng<\/td>\n<td data-col-size=\"sm\" data-start=\"1033\" data-end=\"1070\">1315 \/ 1350 kg<\/td>\n<\/tr>\n<\/tbody>\n<\/table>\n<p><span style=\"font-size: 2em; font-weight: bold;\">Th\u00f4ng s\u1ed1 k\u1ef9 thu\u1eadt chi ti\u1ebft<\/span><\/p>\n<table class=\"w-fit min-w-(--thread-content-width)\" data-start=\"206\" data-end=\"2150\">\n<thead data-start=\"206\" data-end=\"367\">\n<tr data-start=\"206\" data-end=\"367\">\n<th data-start=\"206\" data-end=\"227\" data-col-size=\"sm\"><strong data-start=\"208\" data-end=\"224\">Ki\u1ec3u \u0111\u1ed9ng c\u01a1<\/strong><\/th>\n<th data-start=\"227\" data-end=\"250\" data-col-size=\"sm\"><strong data-start=\"229\" data-end=\"249\">Ch\u1ebf \u0111\u1ed9 khai th\u00e1c<\/strong><\/th>\n<th data-start=\"250\" data-end=\"271\" data-col-size=\"sm\"><strong data-start=\"252\" data-end=\"270\">C\u00f4ng su\u1ea5t (kW)<\/strong><\/th>\n<th data-start=\"271\" data-end=\"292\" data-col-size=\"sm\"><strong data-start=\"273\" data-end=\"291\">C\u00f4ng su\u1ea5t (HP)<\/strong><\/th>\n<th data-start=\"292\" data-end=\"311\" data-col-size=\"sm\"><strong data-start=\"294\" data-end=\"310\">T\u1ed1c \u0111\u1ed9 (RPM)<\/strong><\/th>\n<th data-start=\"311\" data-end=\"340\" data-col-size=\"sm\"><strong data-start=\"313\" data-end=\"333\">H\u1ec7 th\u1ed1ng kh\u00ed n\u1ea1p<\/strong><\/th>\n<th data-start=\"340\" data-end=\"367\" data-col-size=\"sm\"><strong data-start=\"342\" data-end=\"365\">Ti\u00eau chu\u1ea9n kh\u00ed th\u1ea3i<\/strong><\/th>\n<\/tr>\n<\/thead>\n<tbody data-start=\"531\" data-end=\"2150\">\n<tr data-start=\"531\" data-end=\"692\">\n<td data-start=\"531\" data-end=\"552\" data-col-size=\"sm\">SY6G13C220-15<\/td>\n<td data-col-size=\"sm\" data-start=\"552\" data-end=\"576\">P1<\/td>\n<td data-col-size=\"sm\" data-start=\"576\" data-end=\"597\">162<\/td>\n<td data-col-size=\"sm\" data-start=\"597\" data-end=\"618\">220<\/td>\n<td data-col-size=\"sm\" data-start=\"618\" data-end=\"637\">1500<\/td>\n<td data-col-size=\"sm\" data-start=\"637\" data-end=\"665\">T\u0103ng \u00e1p<\/td>\n<td data-col-size=\"sm\" data-start=\"665\" data-end=\"692\">IMO II<\/td>\n<\/tr>\n<tr data-start=\"693\" data-end=\"854\">\n<td data-start=\"693\" data-end=\"714\" data-col-size=\"sm\">SY6G13C254-15<\/td>\n<td data-col-size=\"sm\" data-start=\"714\" data-end=\"738\">P1<\/td>\n<td data-col-size=\"sm\" data-start=\"738\" data-end=\"759\">187<\/td>\n<td data-col-size=\"sm\" data-start=\"759\" data-end=\"780\">254<\/td>\n<td data-col-size=\"sm\" data-start=\"780\" data-end=\"799\">1500<\/td>\n<td data-col-size=\"sm\" data-start=\"799\" data-end=\"827\">T\u0103ng \u00e1p c\u00f3 l\u00e0m m\u00e1t<\/td>\n<td data-col-size=\"sm\" data-start=\"827\" data-end=\"854\">IMO II<\/td>\n<\/tr>\n<tr data-start=\"855\" data-end=\"1016\">\n<td data-start=\"855\" data-end=\"876\" data-col-size=\"sm\">SY6G13C272-15<\/td>\n<td data-col-size=\"sm\" data-start=\"876\" data-end=\"900\">P1<\/td>\n<td data-col-size=\"sm\" data-start=\"900\" data-end=\"921\">200<\/td>\n<td data-col-size=\"sm\" data-start=\"921\" data-end=\"942\">272<\/td>\n<td data-col-size=\"sm\" data-start=\"942\" data-end=\"961\">1500<\/td>\n<td data-col-size=\"sm\" data-start=\"961\" data-end=\"989\">T\u0103ng \u00e1p c\u00f3 l\u00e0m m\u00e1t<\/td>\n<td data-col-size=\"sm\" data-start=\"989\" data-end=\"1016\">IMO II<\/td>\n<\/tr>\n<tr data-start=\"1017\" data-end=\"1178\">\n<td data-start=\"1017\" data-end=\"1038\" data-col-size=\"sm\">SY6G13C320-15<\/td>\n<td data-col-size=\"sm\" data-start=\"1038\" data-end=\"1062\">P2<\/td>\n<td data-col-size=\"sm\" data-start=\"1062\" data-end=\"1083\">236<\/td>\n<td data-col-size=\"sm\" data-start=\"1083\" data-end=\"1104\">320<\/td>\n<td data-col-size=\"sm\" data-start=\"1104\" data-end=\"1123\">1500<\/td>\n<td data-col-size=\"sm\" data-start=\"1123\" data-end=\"1151\">T\u0103ng \u00e1p c\u00f3 l\u00e0m m\u00e1t<\/td>\n<td data-col-size=\"sm\" data-start=\"1151\" data-end=\"1178\">IMO II<\/td>\n<\/tr>\n<tr data-start=\"1179\" data-end=\"1340\">\n<td data-start=\"1179\" data-end=\"1200\" data-col-size=\"sm\">SY6G13C363-15<\/td>\n<td data-col-size=\"sm\" data-start=\"1200\" data-end=\"1224\">P3<\/td>\n<td data-col-size=\"sm\" data-start=\"1224\" data-end=\"1245\">267<\/td>\n<td data-col-size=\"sm\" data-start=\"1245\" data-end=\"1266\">363<\/td>\n<td data-col-size=\"sm\" data-start=\"1266\" data-end=\"1285\">1500<\/td>\n<td data-col-size=\"sm\" data-start=\"1285\" data-end=\"1313\">T\u0103ng \u00e1p c\u00f3 l\u00e0m m\u00e1t<\/td>\n<td data-col-size=\"sm\" data-start=\"1313\" data-end=\"1340\">IMO II<\/td>\n<\/tr>\n<tr data-start=\"1341\" data-end=\"1502\">\n<td data-start=\"1341\" data-end=\"1362\" data-col-size=\"sm\">SY6G13C220-18<\/td>\n<td data-start=\"1362\" data-end=\"1386\" data-col-size=\"sm\">P1<\/td>\n<td data-col-size=\"sm\" data-start=\"1386\" data-end=\"1407\">162<\/td>\n<td data-col-size=\"sm\" data-start=\"1407\" data-end=\"1428\">220<\/td>\n<td data-col-size=\"sm\" data-start=\"1428\" data-end=\"1447\">1800<\/td>\n<td data-col-size=\"sm\" data-start=\"1447\" data-end=\"1475\">T\u0103ng \u00e1p<\/td>\n<td data-col-size=\"sm\" data-start=\"1475\" data-end=\"1502\">IMO II<\/td>\n<\/tr>\n<tr data-start=\"1503\" data-end=\"1664\">\n<td data-start=\"1503\" data-end=\"1524\" data-col-size=\"sm\">SY6G13C254-18<\/td>\n<td data-col-size=\"sm\" data-start=\"1524\" data-end=\"1548\">P1<\/td>\n<td data-col-size=\"sm\" data-start=\"1548\" data-end=\"1569\">187<\/td>\n<td data-col-size=\"sm\" data-start=\"1569\" data-end=\"1590\">254<\/td>\n<td data-col-size=\"sm\" data-start=\"1590\" data-end=\"1609\">1800<\/td>\n<td data-col-size=\"sm\" data-start=\"1609\" data-end=\"1637\">T\u0103ng \u00e1p c\u00f3 l\u00e0m m\u00e1t<\/td>\n<td data-col-size=\"sm\" data-start=\"1637\" data-end=\"1664\">IMO II<\/td>\n<\/tr>\n<tr data-start=\"1665\" data-end=\"1826\">\n<td data-start=\"1665\" data-end=\"1686\" data-col-size=\"sm\">SY6G13C320-18<\/td>\n<td data-col-size=\"sm\" data-start=\"1686\" data-end=\"1710\">P1<\/td>\n<td data-col-size=\"sm\" data-start=\"1710\" data-end=\"1731\">236<\/td>\n<td data-col-size=\"sm\" data-start=\"1731\" data-end=\"1752\">320<\/td>\n<td data-col-size=\"sm\" data-start=\"1752\" data-end=\"1771\">1800<\/td>\n<td data-col-size=\"sm\" data-start=\"1771\" data-end=\"1799\">T\u0103ng \u00e1p c\u00f3 l\u00e0m m\u00e1t<\/td>\n<td data-col-size=\"sm\" data-start=\"1799\" data-end=\"1826\">IMO II<\/td>\n<\/tr>\n<tr data-start=\"1827\" data-end=\"1988\">\n<td data-start=\"1827\" data-end=\"1848\" data-col-size=\"sm\">SY6G13C350-18<\/td>\n<td data-col-size=\"sm\" data-start=\"1848\" data-end=\"1872\">P1<\/td>\n<td data-col-size=\"sm\" data-start=\"1872\" data-end=\"1893\">257<\/td>\n<td data-col-size=\"sm\" data-start=\"1893\" data-end=\"1914\">350<\/td>\n<td data-col-size=\"sm\" data-start=\"1914\" data-end=\"1933\">1800<\/td>\n<td data-col-size=\"sm\" data-start=\"1933\" data-end=\"1961\">T\u0103ng \u00e1p c\u00f3 l\u00e0m m\u00e1t<\/td>\n<td data-col-size=\"sm\" data-start=\"1961\" data-end=\"1988\">IMO II<\/td>\n<\/tr>\n<tr data-start=\"1989\" data-end=\"2150\">\n<td data-start=\"1989\" data-end=\"2010\" data-col-size=\"sm\">SY6G13C363-18<\/td>\n<td data-col-size=\"sm\" data-start=\"2010\" data-end=\"2034\">P3<\/td>\n<td data-col-size=\"sm\" data-start=\"2034\" data-end=\"2055\">267<\/td>\n<td data-col-size=\"sm\" data-start=\"2055\" data-end=\"2076\">363<\/td>\n<td data-col-size=\"sm\" data-start=\"2076\" data-end=\"2095\">1800<\/td>\n<td data-col-size=\"sm\" data-start=\"2095\" data-end=\"2123\">T\u0103ng \u00e1p c\u00f3 l\u00e0m m\u00e1t<\/td>\n<td data-col-size=\"sm\" data-start=\"2123\" data-end=\"2150\">IMO II<\/td>\n<\/tr>\n<\/tbody>\n<\/table>\n<p>&nbsp;<\/p>\n<p>&nbsp;<\/p>\n<div>\n<div><\/div>\n<h2>TH\u00d4NG TIN V\u1ec0 NH\u00c0 CUNG C\u1ea4P<\/h2>\n<p><strong>Shangyan Power Technology Jiangsu Co., Ltd.<\/strong> l\u00e0 doanh nghi\u1ec7p c\u00f4ng ngh\u1ec7 cao chuy\u00ean s\u1ea3n xu\u1ea5t c\u00e1c h\u1ec7 th\u1ed1ng n\u0103ng l\u01b0\u1ee3ng bao g\u1ed3m \u0111\u1ed9ng c\u01a1 diesel v\u00e0 m\u00e1y ph\u00e1t \u0111i\u1ec7n.<\/p>\n<ul>\n<li><strong>Ti\u1ec1n th\u00e2n:<\/strong> Vi\u1ec7n \u0110\u1ed9ng c\u01a1 Diesel Ph\u1ed1 \u0110\u00f4ng Th\u01b0\u1ee3ng H\u1ea3i, th\u00e0nh l\u1eadp t\u1eeb n\u0103m <strong>1993<\/strong><\/li>\n<li><strong>C\u01a1 s\u1edf:<\/strong> 2 trung t\u00e2m nghi\u00ean c\u1ee9u v\u00e0 ph\u00e1t tri\u1ec3n (R&amp;D) t\u1ea1i Th\u01b0\u1ee3ng H\u1ea3i, 1 nh\u00e0 m\u00e1y s\u1ea3n xu\u1ea5t t\u1ea1i Nantong<\/li>\n<\/ul>\n<p><strong style=\"font-size: 16px;\">T\u1ea1i Vi\u1ec7t Nam, Vina TD H\u1ea3i Ph\u00f2ng<\/strong><span style=\"font-size: 16px;\"> t\u1ef1 h\u00e0o l\u00e0 <\/span><strong style=\"font-size: 16px;\">\u0111\u1ea1i l\u00fd ch\u00ednh th\u1ee9c c\u1ee7a Shyan Power. <\/strong><span style=\"font-size: 16px;\">Ch\u00fang t\u00f4i cam k\u1ebft mang \u0111\u1ebfn cho kh\u00e1ch h\u00e0ng c\u00e1c s\u1ea3n ph\u1ea9m \u0111\u1ed9ng c\u01a1 ch\u1ea5t l\u01b0\u1ee3ng cao nh\u1ea5t c\u00f9ng v\u1edbi c\u00e1c d\u1ecbch v\u1ee5 h\u1ed7 tr\u1ee3 chuy\u00ean s\u00e2u nh\u01b0:<\/span><\/p>\n<ul>\n<li><strong>T\u01b0 v\u1ea5n k\u1ef9 thu\u1eadt:<\/strong> \u0110\u1ed9i ng\u0169 k\u1ef9 s\u01b0 gi\u00e0u kinh nghi\u1ec7m lu\u00f4n s\u1eb5n s\u00e0ng h\u1ed7 tr\u1ee3 kh\u00e1ch h\u00e0ng v\u1edbi th\u00f4ng tin chi ti\u1ebft v\u00e0 ch\u00ednh x\u00e1c nh\u1ea5t.<\/li>\n<li><strong>H\u1ed7 tr\u1ee3 l\u1eafp \u0111\u1eb7t v\u00e0 b\u1ea3o tr\u00ec \u0111\u1ecbnh k\u1ef3:<\/strong> \u0110\u1ea3m b\u1ea3o \u0111\u1ed9ng c\u01a1 ho\u1ea1t \u0111\u1ed9ng \u1ed5n \u0111\u1ecbnh v\u00e0 hi\u1ec7u qu\u1ea3 trong th\u1eddi gian d\u00e0i.<\/li>\n<li><strong>D\u1ecbch v\u1ee5 h\u1eadu m\u00e3i t\u1eadn t\u00e2m:<\/strong> H\u1ed7 tr\u1ee3 kh\u00e1ch h\u00e0ng t\u1ed1i \u01b0u h\u00f3a hi\u1ec7u qu\u1ea3 v\u1eadn h\u00e0nh c\u1ee7a thi\u1ebft b\u1ecb.<\/li>\n<\/ul>\n<\/div>\n<div class=\"group pointer-events-none relative flex justify-center *:pointer-events-auto\"><\/div>\n","protected":false},"excerpt":{"rendered":"<p>Th\u00f4ng tin chung H\u1ea1ng m\u1ee5c Th\u00f4ng s\u1ed1 Ki\u1ec3u \u0111\u1ed9ng c\u01a1 4 k\u1ef3; 6 xi lanh th\u1eb3ng h\u00e0ng H\u1ec7 th\u1ed1ng kh\u00ed n\u1ea1p T\u0103ng \u00e1p \/ T\u0103ng \u00e1p c\u00f3 l\u00e0m m\u00e1t \u0110\u01b0\u1eddng k\u00ednh xi lanh x H\u00e0nh tr\u00ecnh piston 135 \u00d7 150 mm Dung t\u00edch xi lanh 12.9 L Ti\u00eau chu\u1ea9n l\u1eafp gh\u00e9p SAE 1# \/ 14&#8221; [&hellip;]<\/p>\n","protected":false},"featured_media":32240,"template":"","meta":{"site-sidebar-layout":"default","site-content-layout":"","ast-site-content-layout":"default","site-content-style":"default","site-sidebar-style":"default","ast-global-header-display":"","ast-banner-title-visibility":"","ast-main-header-display":"","ast-hfb-above-header-display":"","ast-hfb-below-header-display":"","ast-hfb-mobile-header-display":"","site-post-title":"","ast-breadcrumbs-content":"","ast-featured-img":"","footer-sml-layout":"","theme-transparent-header-meta":"default","adv-header-id-meta":"","stick-header-meta":"","header-above-stick-meta":"","header-main-stick-meta":"","header-below-stick-meta":"","astra-migrate-meta-layouts":"set","ast-page-background-enabled":"default","ast-page-background-meta":{"desktop":{"background-color":"var(--ast-global-color-4)","background-image":"","background-repeat":"repeat","background-position":"center center","background-size":"auto","background-attachment":"scroll","background-type":"","background-media":"","overlay-type":"","overlay-color":"","overlay-opacity":"","overlay-gradient":""},"tablet":{"background-color":"","background-image":"","background-repeat":"repeat","background-position":"center center","background-size":"auto","background-attachment":"scroll","background-type":"","background-media":"","overlay-type":"","overlay-color":"","overlay-opacity":"","overlay-gradient":""},"mobile":{"background-color":"","background-image":"","background-repeat":"repeat","background-position":"center center","background-size":"auto","background-attachment":"scroll","background-type":"","background-media":"","overlay-type":"","overlay-color":"","overlay-opacity":"","overlay-gradient":""}},"ast-content-background-meta":{"desktop":{"background-color":"var(--ast-global-color-5)","background-image":"","background-repeat":"repeat","background-position":"center center","background-size":"auto","background-attachment":"scroll","background-type":"","background-media":"","overlay-type":"","overlay-color":"","overlay-opacity":"","overlay-gradient":""},"tablet":{"background-color":"var(--ast-global-color-5)","background-image":"","background-repeat":"repeat","background-position":"center center","background-size":"auto","background-attachment":"scroll","background-type":"","background-media":"","overlay-type":"","overlay-color":"","overlay-opacity":"","overlay-gradient":""},"mobile":{"background-color":"var(--ast-global-color-5)","background-image":"","background-repeat":"repeat","background-position":"center center","background-size":"auto","background-attachment":"scroll","background-type":"","background-media":"","overlay-type":"","overlay-color":"","overlay-opacity":"","overlay-gradient":""}}},"product_cat":[402,404],"product_tag":[],"class_list":{"0":"post-32237","1":"product","2":"type-product","3":"status-publish","4":"has-post-thumbnail","6":"product_cat-dong-co-shyan-power","7":"product_cat-may-chinh-hang-hai-cua-shyan-power","8":"desktop-align-left","9":"tablet-align-left","10":"mobile-align-left","12":"first","13":"instock","14":"shipping-taxable","15":"product-type-simple"},"_links":{"self":[{"href":"https:\/\/vinatd.com\/index.php?rest_route=\/wp\/v2\/product\/32237","targetHints":{"allow":["GET"]}}],"collection":[{"href":"https:\/\/vinatd.com\/index.php?rest_route=\/wp\/v2\/product"}],"about":[{"href":"https:\/\/vinatd.com\/index.php?rest_route=\/wp\/v2\/types\/product"}],"wp:featuredmedia":[{"embeddable":true,"href":"https:\/\/vinatd.com\/index.php?rest_route=\/wp\/v2\/media\/32240"}],"wp:attachment":[{"href":"https:\/\/vinatd.com\/index.php?rest_route=%2Fwp%2Fv2%2Fmedia&parent=32237"}],"wp:term":[{"taxonomy":"product_cat","embeddable":true,"href":"https:\/\/vinatd.com\/index.php?rest_route=%2Fwp%2Fv2%2Fproduct_cat&post=32237"},{"taxonomy":"product_tag","embeddable":true,"href":"https:\/\/vinatd.com\/index.php?rest_route=%2Fwp%2Fv2%2Fproduct_tag&post=32237"}],"curies":[{"name":"wp","href":"https:\/\/api.w.org\/{rel}","templated":true}]}}