{"id":32063,"date":"2025-03-12T23:53:34","date_gmt":"2025-03-12T16:53:34","guid":{"rendered":"https:\/\/vinatd.com\/?post_type=product&#038;p=32063"},"modified":"2025-03-14T13:54:06","modified_gmt":"2025-03-14T06:54:06","slug":"may-chinh-hang-hai-cua-shyan-power","status":"publish","type":"product","link":"https:\/\/vinatd.com\/?product=may-chinh-hang-hai-cua-shyan-power","title":{"rendered":"M\u00e1y Ch\u00ednh H\u00e0ng H\u1ea3i Shyan Power"},"content":{"rendered":"<h1>M\u00c1Y CH\u00cdNH H\u00c0NG H\u1ea2I C\u1ee6A SHYAN POWER \u2013 S\u1ee8C M\u1ea0NH V\u00c0 \u0110\u1ed8T PH\u00c1 C\u00d4NG NGH\u1ec6 CHO M\u1eccI H\u00c0NH TR\u00ccNH \u0110\u1ea0I D\u01af\u01a0NG<\/h1>\n<div><\/div>\n<p><!--more--><\/p>\n<h2>GI\u1edaI THI\u1ec6U CHUNG<\/h2>\n<p>Trong ng\u00e0nh h\u00e0ng h\u1ea3i, m\u00e1y ch\u00ednh kh\u00f4ng ch\u1ec9 l\u00e0 ngu\u1ed3n cung c\u1ea5p n\u0103ng l\u01b0\u1ee3ng t\u1ed1i th\u01b0\u1ee3ng m\u00e0 c\u00f2n l\u00e0 \u201ctr\u00e1i tim\u201d gi\u00fap t\u00e0u v\u1eadn h\u00e0nh \u1ed5n \u0111\u1ecbnh gi\u1eefa bi\u1ec3n kh\u01a1i m\u00eanh m\u00f4ng. V\u1edbi h\u01a1n 30 n\u0103m kinh nghi\u1ec7m nghi\u00ean c\u1ee9u v\u00e0 s\u1ea3n xu\u1ea5t \u0111\u1ed9ng c\u01a1, SHYAN POWER lu\u00f4n kh\u00f4ng ng\u1eebng \u0111\u1ed5i m\u1edbi, t\u1ea1o ra nh\u1eefng s\u1ea3n ph\u1ea9m m\u00e1y ch\u00ednh h\u00e0ng h\u1ea3i b\u1ec1n b\u1ec9, hi\u1ec7u qu\u1ea3 v\u00e0 th\u00e2n thi\u1ec7n v\u1edbi m\u00f4i tr\u01b0\u1eddng. S\u1ef1 k\u1ebft h\u1ee3p ho\u00e0n h\u1ea3o gi\u1eefa kinh nghi\u1ec7m d\u00e0y d\u1eb7n v\u00e0 quy tr\u00ecnh ki\u1ec3m \u0111\u1ecbnh ch\u1ea5t l\u01b0\u1ee3ng nghi\u00eam ng\u1eb7t \u0111\u00e3 bi\u1ebfn s\u1ea3n ph\u1ea9m c\u1ee7a Shyan Power tr\u1edf th\u00e0nh l\u1ef1a ch\u1ecdn \u01b0u vi\u1ec7t c\u1ee7a nhi\u1ec1u doanh nghi\u1ec7p v\u1eadn t\u1ea3i bi\u1ec3n tr\u00ean to\u00e0n c\u1ea7u.<\/p>\n<div><\/div>\n<h2>H\u00c0NH TR\u00ccNH PH\u00c1T TRI\u1ec2N V\u00c0 \u0110\u1ed8T PH\u00c1 C\u00d4NG NGH\u1ec6<\/h2>\n<p>B\u1eaft \u0111\u1ea7u t\u1eeb n\u0103m 1993, SHYAN POWER \u0111\u00e3 kh\u00f4ng ng\u1eebng ho\u00e0n thi\u1ec7n quy tr\u00ecnh nghi\u00ean c\u1ee9u v\u00e0 ph\u00e1t tri\u1ec3n, v\u01b0\u1ee3t qua nh\u1eefng th\u00e1ch th\u1ee9c kh\u1eafc nghi\u1ec7t c\u1ee7a m\u00f4i tr\u01b0\u1eddng bi\u1ec3n. Lu\u00f4n \u0111\u1ea7u t\u01b0 m\u1ea1nh m\u1ebd v\u00e0o c\u00f4ng ngh\u1ec7 m\u1edbi, h\u00e3ng li\u00ean t\u1ee5c gi\u1edbi thi\u1ec7u c\u00e1c gi\u1ea3i ph\u00e1p k\u1ef9 thu\u1eadt ti\u00ean phong, t\u1eeb h\u1ec7 th\u1ed1ng phun nhi\u00ean li\u1ec7u hi\u1ec7n \u0111\u1ea1i \u0111\u1ebfn t\u00edch h\u1ee3p c\u00e1c c\u1ea3m bi\u1ebfn gi\u00e1m s\u00e1t th\u00f4ng minh. Quy tr\u00ecnh s\u1ea3n xu\u1ea5t \u0111\u01b0\u1ee3c x\u00e2y d\u1ef1ng theo ti\u00eau chu\u1ea9n qu\u1ed1c t\u1ebf nh\u01b0 ISO, CE v\u00e0 c\u00e1c ch\u1ee9ng nh\u1eadn h\u00e0ng h\u1ea3i (IMO\/EPA), \u0111\u1ea3m b\u1ea3o r\u1eb1ng m\u1ed7i chi\u1ebfc m\u00e1y ch\u00ednh lu\u00f4n ho\u1ea1t \u0111\u1ed9ng \u1ed5n \u0111\u1ecbnh v\u00e0 an to\u00e0n trong m\u1ecdi h\u00e0nh tr\u00ecnh.<\/p>\n<div><\/div>\n<h2>\u0110\u1eb6C T\u00cdNH K\u1ef8 THU\u1eacT N\u1ed4I B\u1eacT<\/h2>\n<ul>\n<li><strong>C\u00d4NG NGH\u1ec6 PHUN NHI\u00caN LI\u1ec6U TR\u1ef0C TI\u1ebeP:<\/strong> H\u1ec7 th\u1ed1ng phun nhi\u00ean li\u1ec7u ti\u00ean ti\u1ebfn t\u1ed1i \u01b0u h\u00f3a qu\u00e1 tr\u00ecnh \u0111\u1ed1t ch\u00e1y, t\u0103ng c\u00f4ng su\u1ea5t v\u00e0 gi\u1ea3m m\u1ee9c ti\u00eau th\u1ee5 nhi\u00ean li\u1ec7u, g\u00f3p ph\u1ea7n gi\u1ea3m thi\u1ec3u kh\u00ed th\u1ea3i \u0111\u1ed9c h\u1ea1i, b\u1ea3o v\u1ec7 m\u00f4i tr\u01b0\u1eddng.<\/li>\n<li><strong>THI\u1ebeT K\u1ebe M\u1ea0NH M\u1ebc V\u00c0 CH\u1ed0NG M\u00c0I M\u00d2N:<\/strong> V\u1edbi c\u1ea5u tr\u00fac v\u1eefng ch\u1eafc v\u00e0 c\u00e1c b\u1ed9 ph\u1eadn \u0111\u01b0\u1ee3c gia c\u00f4ng ch\u00ednh x\u00e1c, m\u00e1y ch\u00ednh c\u00f3 kh\u1ea3 n\u0103ng ch\u1ecbu t\u1ea3i tr\u1ecdng l\u1edbn v\u00e0 ch\u1ed1ng ch\u1ecdi t\u1ed1t v\u1edbi c\u00e1c t\u00e1c \u0111\u1ed9ng t\u1eeb m\u00f4i tr\u01b0\u1eddng bi\u1ec3n m\u1eb7n, \u1ea9m \u01b0\u1edbt v\u00e0 rung \u0111\u1ed9ng li\u00ean t\u1ee5c.<\/li>\n<li><strong>H\u1ec6 TH\u1ed0NG \u0110I\u1ec0U KHI\u1ec2N V\u00c0 GI\u00c1M S\u00c1T TH\u00d4NG MINH:<\/strong> C\u00e1c c\u1ea3m bi\u1ebfn hi\u1ec7n \u0111\u1ea1i li\u00ean t\u1ee5c theo d\u00f5i nhi\u1ec7t \u0111\u1ed9, \u00e1p su\u1ea5t, l\u01b0u l\u01b0\u1ee3ng nhi\u00ean li\u1ec7u v\u00e0 tr\u1ea1ng th\u00e1i ho\u1ea1t \u0111\u1ed9ng c\u1ee7a c\u00e1c kh\u1ed1i m\u00e1y. H\u1ec7 th\u1ed1ng t\u1ef1 \u0111\u1ed9ng c\u1ea3nh b\u00e1o v\u00e0 \u0111i\u1ec1u ch\u1ec9nh gi\u00fap t\u1ed1i \u01b0u h\u00f3a hi\u1ec7u su\u1ea5t, \u0111\u1ed3ng th\u1eddi ph\u00e1t hi\u1ec7n s\u1edbm c\u00e1c l\u1ed7i k\u1ef9 thu\u1eadt.<\/li>\n<li><strong>TI\u1ebeT KI\u1ec6M NHI\u00caN LI\u1ec6U V\u00c0 DUY TR\u00cc HI\u1ec6U SU\u1ea4T:<\/strong> Thi\u1ebft k\u1ebf ti\u00ean phong kh\u00f4ng ch\u1ec9 duy tr\u00ec hi\u1ec7u su\u1ea5t nhi\u1ec7t cao m\u00e0 c\u00f2n t\u1ed1i \u01b0u h\u00f3a m\u1ee9c ti\u00eau th\u1ee5 nhi\u00ean li\u1ec7u, gi\u00fap doanh nghi\u1ec7p gi\u1ea3m chi ph\u00ed v\u1eadn h\u00e0nh v\u00e0 kh\u00ed th\u1ea3i.<\/li>\n<\/ul>\n<div><\/div>\n<h2>\u1ee8NG D\u1ee4NG V\u00c0 L\u1ee2I \u00cdCH TH\u1ef0C T\u1ebe<\/h2>\n<p>M\u00e1y ch\u00ednh c\u1ee7a Shyan Power \u0111\u00e3 \u0111\u01b0\u1ee3c \u1ee9ng d\u1ee5ng r\u1ed9ng r\u00e3i tr\u00ean nhi\u1ec1u lo\u1ea1i t\u00e0u:<\/p>\n<ul>\n<li><strong>T\u00c0U CH\u1ede H\u00c0NG:<\/strong> Gi\u00fap \u0111\u1ea3m b\u1ea3o v\u1eadn h\u00e0nh \u1ed5n \u0111\u1ecbnh, gi\u1ea3m thi\u1ec3u r\u1ee7i ro k\u1ef9 thu\u1eadt.<\/li>\n<li><strong>T\u00c0U CH\u1ede KH\u00c1CH:<\/strong> \u0110\u00e1p \u1ee9ng c\u00e1c ti\u00eau chu\u1ea9n an to\u00e0n v\u00e0 hi\u1ec7u su\u1ea5t cao, mang l\u1ea1i tr\u1ea3i nghi\u1ec7m v\u1eadn h\u00e0nh m\u01b0\u1ee3t m\u00e0.<\/li>\n<li><strong>C\u00c1C LO\u1ea0I T\u00c0U CHUY\u00caN D\u1ee4NG:<\/strong> \u0110\u01b0\u1ee3c t\u00f9y bi\u1ebfn ph\u00f9 h\u1ee3p v\u1edbi nhu c\u1ea7u \u0111\u1eb7c th\u00f9 c\u1ee7a t\u1eebng doanh nghi\u1ec7p.<\/li>\n<\/ul>\n<p>Nh\u1edd v\u00e0o s\u1ef1 \u1ed5n \u0111\u1ecbnh v\u00e0 hi\u1ec7u su\u1ea5t v\u01b0\u1ee3t tr\u1ed9i, m\u00e1y ch\u00ednh c\u1ee7a Shyan Power g\u00f3p ph\u1ea7n:<\/p>\n<ul>\n<li><strong>GI\u1ea2M THI\u1ec2U R\u1ee6I RO K\u1ef8 THU\u1eacT:<\/strong> H\u1ec7 th\u1ed1ng gi\u00e1m s\u00e1t t\u1ef1 \u0111\u1ed9ng v\u00e0 c\u00e1c ti\u00eau chu\u1ea9n an to\u00e0n cao gi\u00fap duy tr\u00ec tr\u1ea1ng th\u00e1i ho\u1ea1t \u0111\u1ed9ng t\u1ed1i \u01b0u qua m\u1ecdi chuy\u1ebfn \u0111i.<\/li>\n<li><strong>T\u0102NG HI\u1ec6U SU\u1ea4T V\u1eacN H\u00c0NH:<\/strong> T\u1ed1i \u01b0u h\u00f3a m\u1ee9c ti\u00eau th\u1ee5 nhi\u00ean li\u1ec7u v\u00e0 n\u00e2ng cao hi\u1ec7u qu\u1ea3 kinh t\u1ebf cho doanh nghi\u1ec7p v\u1eadn t\u1ea3i.<\/li>\n<li><strong>B\u1ea2O V\u1ec6 M\u00d4I TR\u01af\u1edcNG:<\/strong> \u00c1p d\u1ee5ng c\u00e1c c\u00f4ng ngh\u1ec7 ti\u00ean ti\u1ebfn \u0111\u1ec3 ki\u1ec3m so\u00e1t kh\u00ed th\u1ea3i, \u0111\u00e1p \u1ee9ng c\u00e1c ti\u00eau chu\u1ea9n m\u00f4i tr\u01b0\u1eddng qu\u1ed1c t\u1ebf ng\u00e0y c\u00e0ng kh\u1eaft khe.<\/li>\n<\/ul>\n<div><\/div>\n<h2>CAM K\u1ebeT C\u1ee6A VINATD H\u1ea2I PH\u00d2NG<\/h2>\n<p>L\u00e0 \u0111\u1ea1i l\u00fd ch\u00ednh th\u1ee9c c\u1ee7a Shyan Power t\u1ea1i Vi\u1ec7t Nam, VINATD H\u1ea2I PH\u00d2NG cam k\u1ebft mang \u0111\u1ebfn cho kh\u00e1ch h\u00e0ng:<\/p>\n<ul>\n<li><strong>T\u01af V\u1ea4N K\u1ef8 THU\u1eacT CHUY\u00caN S\u00c2U:<\/strong> \u0110\u1ed9i ng\u0169 k\u1ef9 s\u01b0 gi\u00e0u kinh nghi\u1ec7m lu\u00f4n s\u1eb5n s\u00e0ng gi\u1ea3i \u0111\u00e1p th\u1eafc m\u1eafc v\u00e0 cung c\u1ea5p th\u00f4ng tin chi ti\u1ebft v\u1ec1 m\u1ecdi th\u00f4ng s\u1ed1 k\u1ef9 thu\u1eadt c\u1ee7a m\u00e1y ch\u00ednh.<\/li>\n<li><strong>H\u1ed6 TR\u1ee2 L\u1eaeP \u0110\u1eb6T V\u00c0 B\u1ea2O TR\u00cc \u0110\u1ecaNH K\u1ef2:<\/strong> D\u1ecbch v\u1ee5 h\u1eadu m\u00e3i chuy\u00ean nghi\u1ec7p \u0111\u1ea3m b\u1ea3o m\u00e1y ch\u00ednh lu\u00f4n ho\u1ea1t \u0111\u1ed9ng \u1edf hi\u1ec7u su\u1ea5t t\u1ed1i \u01b0u, gi\u1ea3m thi\u1ec3u th\u1eddi gian gi\u00e1n \u0111o\u1ea1n v\u00e0 t\u1ed1i \u01b0u h\u00f3a chi ph\u00ed v\u1eadn h\u00e0nh.<\/li>\n<li><strong>GI\u1ea2I PH\u00c1P TO\u00c0N DI\u1ec6N:<\/strong> T\u1eeb vi\u1ec7c l\u1ef1a ch\u1ecdn s\u1ea3n ph\u1ea9m ph\u00f9 h\u1ee3p cho t\u1eebng lo\u1ea1i t\u00e0u \u0111\u1ebfn h\u1ed7 tr\u1ee3 k\u1ef9 thu\u1eadt sau b\u00e1n h\u00e0ng, ch\u00fang t\u00f4i \u0111\u1ed3ng h\u00e0nh c\u00f9ng qu\u00fd kh\u00e1ch trong m\u1ecdi h\u00e0nh tr\u00ecnh chinh ph\u1ee5c \u0111\u1ea1i d\u01b0\u01a1ng.<\/li>\n<\/ul>\n<div><\/div>\n<h2>K\u1ebeT LU\u1eacN<\/h2>\n<p>M\u00e1y ch\u00ednh h\u00e0ng h\u1ea3i c\u1ee7a Shyan Power l\u00e0 s\u1ef1 k\u1ebft h\u1ee3p ho\u00e0n h\u1ea3o c\u1ee7a c\u00f4ng ngh\u1ec7 ti\u00ean phong, quy tr\u00ecnh s\u1ea3n xu\u1ea5t tinh vi v\u00e0 ti\u00eau chu\u1ea9n an to\u00e0n h\u00e0ng \u0111\u1ea7u. S\u1ea3n ph\u1ea9m kh\u00f4ng ch\u1ec9 \u0111\u1ea3m b\u1ea3o hi\u1ec7u su\u1ea5t v\u01b0\u1ee3t tr\u1ed9i m\u00e0 c\u00f2n kh\u1eb3ng \u0111\u1ecbnh v\u1ecb th\u1ebf c\u1ee7a Shyan Power nh\u01b0 m\u1ed9t bi\u1ec3u t\u01b0\u1ee3ng c\u1ee7a ch\u1ea5t l\u01b0\u1ee3ng v\u00e0 \u0111\u1ed5i m\u1edbi, ni\u1ec1m t\u1ef1 h\u00e0o c\u1ee7a h\u00e0ng ngh\u00ecn doanh nghi\u1ec7p v\u1eadn t\u1ea3i bi\u1ec3n tr\u00ean to\u00e0n th\u1ebf gi\u1edbi.<\/p>\n","protected":false},"excerpt":{"rendered":"<p>M\u00c1Y CH\u00cdNH H\u00c0NG H\u1ea2I C\u1ee6A SHYAN POWER \u2013 S\u1ee8C M\u1ea0NH V\u00c0 \u0110\u1ed8T PH\u00c1 C\u00d4NG NGH\u1ec6 CHO M\u1eccI H\u00c0NH TR\u00ccNH \u0110\u1ea0I D\u01af\u01a0NG<\/p>\n","protected":false},"featured_media":32027,"template":"","meta":{"site-sidebar-layout":"default","site-content-layout":"","ast-site-content-layout":"default","site-content-style":"default","site-sidebar-style":"default","ast-global-header-display":"","ast-banner-title-visibility":"","ast-main-header-display":"","ast-hfb-above-header-display":"","ast-hfb-below-header-display":"","ast-hfb-mobile-header-display":"","site-post-title":"","ast-breadcrumbs-content":"","ast-featured-img":"","footer-sml-layout":"","theme-transparent-header-meta":"default","adv-header-id-meta":"","stick-header-meta":"","header-above-stick-meta":"","header-main-stick-meta":"","header-below-stick-meta":"","astra-migrate-meta-layouts":"set","ast-page-background-enabled":"default","ast-page-background-meta":{"desktop":{"background-color":"var(--ast-global-color-4)","background-image":"","background-repeat":"repeat","background-position":"center center","background-size":"auto","background-attachment":"scroll","background-type":"","background-media":"","overlay-type":"","overlay-color":"","overlay-opacity":"","overlay-gradient":""},"tablet":{"background-color":"","background-image":"","background-repeat":"repeat","background-position":"center center","background-size":"auto","background-attachment":"scroll","background-type":"","background-media":"","overlay-type":"","overlay-color":"","overlay-opacity":"","overlay-gradient":""},"mobile":{"background-color":"","background-image":"","background-repeat":"repeat","background-position":"center center","background-size":"auto","background-attachment":"scroll","background-type":"","background-media":"","overlay-type":"","overlay-color":"","overlay-opacity":"","overlay-gradient":""}},"ast-content-background-meta":{"desktop":{"background-color":"var(--ast-global-color-5)","background-image":"","background-repeat":"repeat","background-position":"center center","background-size":"auto","background-attachment":"scroll","background-type":"","background-media":"","overlay-type":"","overlay-color":"","overlay-opacity":"","overlay-gradient":""},"tablet":{"background-color":"var(--ast-global-color-5)","background-image":"","background-repeat":"repeat","background-position":"center center","background-size":"auto","background-attachment":"scroll","background-type":"","background-media":"","overlay-type":"","overlay-color":"","overlay-opacity":"","overlay-gradient":""},"mobile":{"background-color":"var(--ast-global-color-5)","background-image":"","background-repeat":"repeat","background-position":"center center","background-size":"auto","background-attachment":"scroll","background-type":"","background-media":"","overlay-type":"","overlay-color":"","overlay-opacity":"","overlay-gradient":""}}},"product_cat":[402],"product_tag":[],"class_list":{"0":"post-32063","1":"product","2":"type-product","3":"status-publish","4":"has-post-thumbnail","6":"product_cat-dong-co-shyan-power","7":"desktop-align-left","8":"tablet-align-left","9":"mobile-align-left","11":"first","12":"instock","13":"shipping-taxable","14":"product-type-grouped"},"_links":{"self":[{"href":"https:\/\/vinatd.com\/index.php?rest_route=\/wp\/v2\/product\/32063","targetHints":{"allow":["GET"]}}],"collection":[{"href":"https:\/\/vinatd.com\/index.php?rest_route=\/wp\/v2\/product"}],"about":[{"href":"https:\/\/vinatd.com\/index.php?rest_route=\/wp\/v2\/types\/product"}],"wp:featuredmedia":[{"embeddable":true,"href":"https:\/\/vinatd.com\/index.php?rest_route=\/wp\/v2\/media\/32027"}],"wp:attachment":[{"href":"https:\/\/vinatd.com\/index.php?rest_route=%2Fwp%2Fv2%2Fmedia&parent=32063"}],"wp:term":[{"taxonomy":"product_cat","embeddable":true,"href":"https:\/\/vinatd.com\/index.php?rest_route=%2Fwp%2Fv2%2Fproduct_cat&post=32063"},{"taxonomy":"product_tag","embeddable":true,"href":"https:\/\/vinatd.com\/index.php?rest_route=%2Fwp%2Fv2%2Fproduct_tag&post=32063"}],"curies":[{"name":"wp","href":"https:\/\/api.w.org\/{rel}","templated":true}]}}