{"id":17168,"date":"2023-09-22T03:06:05","date_gmt":"2023-09-22T03:06:05","guid":{"rendered":"http:\/\/vinatd.com\/?post_type=product&#038;p=17168"},"modified":"2023-09-23T04:00:12","modified_gmt":"2023-09-23T04:00:12","slug":"thiet-bi-gioi-han-cong-suat-dong-co-epl","status":"publish","type":"product","link":"https:\/\/vinatd.com\/?product=thiet-bi-gioi-han-cong-suat-dong-co-epl","title":{"rendered":"Thi\u1ebft b\u1ecb gi\u1edbi h\u1ea1n c\u00f4ng su\u1ea5t \u0111\u1ed9ng c\u01a1 (EPL)"},"content":{"rendered":"<p>Ng\u00e0nh c\u00f4ng nghi\u1ec7p t\u00e0u bi\u1ec3n ph\u1ea3i tu\u00e2n th\u1ee7 th\u1ef1c hi\u1ec7n c\u00e1c quy \u0111\u1ecbnh v\u1ec1 b\u1ea3o v\u1ec7 m\u00f4i tr\u01b0\u1eddng trong \u0111\u00f3 c\u00f3 y\u00eau c\u1ea7u t\u00e0u bi\u1ec3n ph\u1ea3i gi\u1ea3m l\u01b0\u1ee3ng ph\u00e1t th\u1ea3i. M\u1ed7i con t\u00e0u ph\u1ea3i c\u00f3 \u0111\u01b0\u1ee3c m\u1ed9t \u0111\u1ed9ng c\u01a1 ph\u00f9 h\u1ee3p \u0111\u1ec3 tho\u1ea3 m\u00e3n l\u1ecbch tr\u00ecnh khai th\u00e1c th\u01b0\u01a1ng m\u1ea1i \u0111\u1ed3ng th\u1eddi ph\u1ea3i \u0111\u1ea3m b\u1ea3o tu\u00e2n th\u1ee7 c\u00e1c quy \u0111\u1ecbnh v\u1ec1 b\u1ea3o v\u1ec7 m\u00f4i tr\u01b0\u1eddng c\u1ee7a IMO nh\u01b0 CII v\u00e0 EEXI. \u0110\u1ec3 \u0111\u1ea1t \u0111\u01b0\u1ee3c m\u1ee5c ti\u00eau \u0111\u00f3, c\u00f3 c\u00e1c bi\u1ec7n ph\u00e1p nh\u01b0 sau:<\/p>\n<ul>\n<li>L\u1eafp thi\u1ebft b\u1ecb gi\u1edbi h\u1ea1n c\u00f4ng su\u1ea5t \u0111\u1ed9ng c\u01a1 (Engine power limitation \u2013 EPL).<\/li>\n<li>L\u1eafp \u0111\u1eb7t th\u00eam ho\u1eb7c thay m\u1edbi c\u00e1c thi\u1ebft b\u1ecb ti\u1ebft ki\u1ec7m n\u0103ng l\u01b0\u1ee3ng c\u00f3 hi\u1ec7u qu\u1ea3 cao h\u01a1n.<\/li>\n<li>Chuy\u1ec3n \u0111\u1ed5i sang c\u00e1c d\u1ea1ng nhi\u00ean li\u1ec7u thay th\u1ebf kh\u00e1c, th\u00e2n thi\u1ec7n h\u01a1n v\u1edbi m\u00f4i tr\u01b0\u1eddng.<\/li>\n<\/ul>\n<p>Trong \u0111\u00f3, l\u1eafp \u0111\u1eb7t EPL l\u00e0 l\u1ef1a ch\u1ecdn h\u00e0ng \u0111\u1ea7u m\u00e0 h\u1ea7u h\u1ebft c\u00e1c ch\u1ee7 t\u00e0u hi\u1ec7n nay \u0111\u1ec1u l\u1ef1a ch\u1ecdn, v\u00ec t\u00ednh hi\u1ec7u qu\u1ea3 v\u00e0 ti\u1ebft ki\u1ec7m chi ph\u00ed c\u1ee7a gi\u1ea3i ph\u00e1p n\u00e0y.<\/p>\n<p>EPL l\u00e0 m\u1ed9t thi\u1ebft b\u1ecb \u0111\u01b0\u1ee3c s\u1eed d\u1ee5ng \u0111\u1ec3 gi\u1edbi h\u1ea1n c\u00f4ng su\u1ea5t v\u00e0 t\u1ed1c \u0111\u1ed9 quay c\u1ee7a \u0111\u1ed9ng c\u01a1, \u0111\u1ec3 \u0111\u1ea3m b\u1ea3o \u0111\u1ed9ng c\u01a1 s\u1ebd ho\u1ea1t \u0111\u1ed9ng trong ph\u1ea1m vi ph\u00e1t th\u1ea3i quy \u0111\u1ecbnh.<\/p>\n<ul>\n<li>\u0110\u1ed1i v\u1edbi \u0111\u1ed9ng c\u01a1 \u0111\u01b0\u1ee3c \u0111i\u1ec1u khi\u1ec3n b\u1eb1ng c\u01a1 h\u1ecdc, m\u1ed9t thi\u1ebft b\u1ecb kh\u00f3a c\u00f3 th\u1ec3 kh\u00f3a c\u01a1 h\u1ecdc ch\u1ec9 s\u1ed1 nhi\u00ean li\u1ec7u b\u1eb1ng c\u00e1ch s\u1eed d\u1ee5ng v\u00edt d\u1eebng c\u01a1 kh\u00ed, \u0111\u01b0\u1ee3c ni\u00eam phong b\u1eb1ng d\u00e2y ho\u1eb7c thi\u1ebft b\u1ecb t\u01b0\u01a1ng \u0111\u01b0\u01a1ng, c\u00f3 c\u00e0i \u0111\u1eb7t gi\u1edbi h\u1ea1n c\u1ee7a b\u1ed9 \u0111i\u1ec1u t\u1ed1c \u0111\u1ec3 thuy\u1ec1n vi\u00ean c\u1ee7a t\u00e0u kh\u00f4ng th\u1ec3 gi\u1ea3i ph\u00f3ng EPL m\u00e0 kh\u00f4ng \u0111\u01b0\u1ee3c ph\u00e9p c\u1ee7a thuy\u1ec1n tr\u01b0\u1edfng ho\u1eb7c OICNW.<\/li>\n<\/ul>\n<p><img loading=\"lazy\" decoding=\"async\" class=\"aligncenter wp-image-17169 size-full\" src=\"http:\/\/vinatd.com\/wp-content\/uploads\/2023\/09\/EPL-1.png\" alt=\"\" width=\"591\" height=\"262\" srcset=\"https:\/\/vinatd.com\/wp-content\/uploads\/2023\/09\/EPL-1.png 591w, https:\/\/vinatd.com\/wp-content\/uploads\/2023\/09\/EPL-1-300x133.png 300w\" sizes=\"auto, (max-width: 591px) 100vw, 591px\" \/><\/p>\n<p>&nbsp;<\/p>\n<ul>\n<li>\u0110\u1ed1i v\u1edbi \u0111\u1ed9ng c\u01a1 \u0111i\u1ec1u khi\u1ec3n \u0111i\u1ec7n t\u1eed, b\u1ed9 gi\u1edbi h\u1ea1n ch\u1ec9 s\u1ed1 nhi\u00ean li\u1ec7u c\u00f3 th\u1ec3 kh\u00f3a \u0111i\u1ec7n t\u1eed ch\u1ec9 s\u1ed1 nhi\u00ean li\u1ec7u ho\u1eb7c gi\u1edbi h\u1ea1n tr\u1ef1c ti\u1ebfp c\u00f4ng su\u1ea5t trong h\u1ec7 th\u1ed1ng \u0111i\u1ec1u khi\u1ec3n c\u1ee7a \u0111\u1ed9ng c\u01a1, \u0111\u1ec3 thuy\u1ec1n vi\u00ean c\u1ee7a t\u00e0u kh\u00f4ng th\u1ec3 gi\u1ea3i ph\u00f3ng EPL m\u00e0 kh\u00f4ng \u0111\u01b0\u1ee3c ph\u00e9p c\u1ee7a thuy\u1ec1n tr\u01b0\u1edfng ho\u1eb7c OICNW.<\/li>\n<\/ul>\n<p><img loading=\"lazy\" decoding=\"async\" class=\"aligncenter wp-image-17173 size-full\" src=\"http:\/\/vinatd.com\/wp-content\/uploads\/2023\/09\/EPL-2.jpg\" alt=\"\" width=\"687\" height=\"354\" srcset=\"https:\/\/vinatd.com\/wp-content\/uploads\/2023\/09\/EPL-2.jpg 687w, https:\/\/vinatd.com\/wp-content\/uploads\/2023\/09\/EPL-2-300x155.jpg 300w, https:\/\/vinatd.com\/wp-content\/uploads\/2023\/09\/EPL-2-600x309.jpg 600w\" sizes=\"auto, (max-width: 687px) 100vw, 687px\" \/><\/p>\n<p>&nbsp;<\/p>\n<p>Vi\u1ec7c l\u1eafp r\u00e1p EPL \u0111\u01b0\u1ee3c ni\u00eam phong b\u1eb1ng d\u00e2y ni\u00eam phong v\u00e0 con d\u1ea5u ch\u1ed1ng gi\u1ea3 m\u1ea1o. Vi\u1ec7c ni\u00eam phong d\u00e2y ph\u1ea3i \u0111i qua EPL v\u00e0 bu l\u00f4ng gi\u1edbi h\u1ea1n g\u1ed1c. M\u1ed7i con d\u1ea5u \u0111\u01b0\u1ee3c \u0111\u00e1nh d\u1ea5u b\u1eb1ng m\u1ed9t s\u1ed1 s\u00ea-ri duy nh\u1ea5t \u0111\u1ec3 c\u01a1 quan qu\u1ea3n l\u00fd\/RO d\u1ec5 d\u00e0ng x\u00e1c \u0111\u1ecbnh v\u00e0 x\u00e1c minh. C\u00e1c con d\u1ea5u ch\u1ed1ng gi\u1ea3 m\u1ea1o c\u00f3 th\u1ec3 \u0111\u01b0\u1ee3c s\u1eed d\u1ee5ng m\u1ed9t l\u1ea7n v\u00e0 m\u1ed9t khi \u0111\u00e3 v\u00e0o v\u1ecb tr\u00ed th\u00ec kh\u00f4ng th\u1ec3 g\u1ee1 b\u1ecf \u0111\u01b0\u1ee3c n\u1eefa.<\/p>\n<p>D\u00e2y ni\u00eam phong ch\u1ec9 c\u00f3 th\u1ec3 \u0111\u01b0\u1ee3c g\u1ee1 b\u1ecf b\u1eb1ng c\u00e1ch c\u1eaft d\u00e2y v\u00e0 vi\u1ec7c h\u00e0n l\u1ea1i d\u00e2y ni\u00eam phong l\u00e0 kh\u00f4ng th\u1ec3 th\u1ef1c hi\u1ec7n \u0111\u01b0\u1ee3c, khi \u0111\u00f3 b\u1eaft bu\u1ed9c ph\u1ea3i s\u1eed d\u1ee5ng m\u1ed9t d\u00e2y ni\u00eam phong m\u1edbi \u0111\u1ec3 ni\u00eam phong l\u1ea1i EPL.<\/p>\n<p><img loading=\"lazy\" decoding=\"async\" class=\"aligncenter wp-image-17177 size-full\" src=\"http:\/\/vinatd.com\/wp-content\/uploads\/2023\/09\/EPL-3.png\" alt=\"\" width=\"861\" height=\"543\" srcset=\"https:\/\/vinatd.com\/wp-content\/uploads\/2023\/09\/EPL-3.png 861w, https:\/\/vinatd.com\/wp-content\/uploads\/2023\/09\/EPL-3-300x189.png 300w, https:\/\/vinatd.com\/wp-content\/uploads\/2023\/09\/EPL-3-768x484.png 768w, https:\/\/vinatd.com\/wp-content\/uploads\/2023\/09\/EPL-3-600x378.png 600w\" sizes=\"auto, (max-width: 861px) 100vw, 861px\" \/><\/p>\n<p>&nbsp;<\/p>\n<p>EPL \u0111\u01b0\u1ee3c s\u1ea3n xu\u1ea5t ri\u00eang cho t\u1eebng t\u00e0u, ph\u1ee5 thu\u1ed9c v\u00e0o lo\u1ea1i \u0111\u1ed9ng c\u01a1 ch\u00ednh c\u1ee7a t\u00e0u \u0111\u00f3. Th\u1eddi gian s\u1ea3n xu\u1ea5t c\u1ee7a EPL ph\u1ee5 thu\u1ed9c v\u00e0o th\u1eddi gian s\u1ea3n xu\u1ea5t c\u1ee7a h\u00e3ng ch\u1ebf t\u1ea1o v\u00e0 th\u1eddi gian c\u1ea5p ph\u00e9p c\u1ee7a c\u00e1c c\u01a1 quan c\u00f3 th\u1ea9m quy\u1ec1n (trung b\u00ecnh t\u1eeb 8 \u2013 12 tu\u1ea7n). Vi\u1ec7c thi\u1ebft l\u1eadp EPL cho \u0111\u1ed9ng c\u01a1 ch\u00ednh tr\u00ean t\u00e0u th\u1ee7y \u0111\u01b0\u1ee3c d\u1ef1a tr\u00ean b\u1ea3ng t\u00ednh EEXI (Ch\u1ec9 s\u1ed1 hi\u1ec7u qu\u1ea3 n\u0103ng l\u01b0\u1ee3ng c\u1ee7a t\u00e0u), \u0111\u00e3 \u0111\u01b0\u1ee3c T\u1ed5 ch\u1ee9c H\u00e0ng h\u1ea3i Qu\u1ed1c t\u1ebf (IMO) \u0111\u01b0a ra v\u00e0 \u0111\u00e3 \u0111\u01b0\u1ee3c \u00e1p d\u1ee5ng tr\u00ean h\u1ea7u h\u1ebft c\u00e1c v\u00f9ng bi\u1ec3n qu\u1ed1c t\u1ebf.<\/p>\n<p>Trong th\u1eddi gian g\u1ea7n \u0111\u00e2y, <strong>C\u00f4ng ty TNHH <\/strong><strong>Vina TD <\/strong>\u0111\u00e3 tri\u1ec3n khai nhi\u1ec1u d\u1ef1 \u00e1n cung c\u1ea5p v\u00e0 l\u1eafp \u0111\u1eb7t EPL cho nhi\u1ec1u t\u00e0u v\u1edbi nhi\u1ec1u h\u00e3ng, ki\u1ec3u \u0111\u1ed9ng c\u01a1 ch\u00ednh kh\u00e1c nhau, v\u00e0 \u0111\u00e3 \u0111\u01b0\u1ee3c \u0111\u00e1nh gi\u00e1 r\u1ea5t cao v\u1ec1 ch\u1ea5t l\u01b0\u1ee3ng c\u0169ng nh\u01b0 d\u1ecbch v\u1ee5.<\/p>\n<p><img loading=\"lazy\" decoding=\"async\" class=\"aligncenter wp-image-17178 size-full\" src=\"http:\/\/vinatd.com\/wp-content\/uploads\/2023\/09\/EPL-4.png\" alt=\"\" width=\"628\" height=\"262\" srcset=\"https:\/\/vinatd.com\/wp-content\/uploads\/2023\/09\/EPL-4.png 628w, https:\/\/vinatd.com\/wp-content\/uploads\/2023\/09\/EPL-4-300x125.png 300w, https:\/\/vinatd.com\/wp-content\/uploads\/2023\/09\/EPL-4-600x250.png 600w\" sizes=\"auto, (max-width: 628px) 100vw, 628px\" \/><\/p>\n<p>&nbsp;<\/p>\n<p>Ch\u00fang t\u00f4i tin r\u1eb1ng v\u1edbi nh\u1eefng kinh nghi\u1ec7m trong l\u0129nh v\u1ef1c cung c\u1ea5p v\u00e0 l\u1eafp \u0111\u1eb7t EPL c\u0169ng nh\u01b0 c\u00e1c thi\u1ebft b\u1ecb h\u00e0ng h\u1ea3i kh\u00e1c, <strong>Vina TD<\/strong> s\u1ebd lu\u00f4n l\u00e0 s\u1ef1 l\u1ef1a ch\u1ecdn h\u1ee3p t\u00e1c h\u00e0ng \u0111\u1ea7u trong l\u0129nh v\u1ef1c cung c\u1ea5p thi\u1ebft b\u1ecb v\u00e0 d\u1ecbch v\u1ee5 k\u1ef9 thu\u1eadt c\u1ee7a ng\u00e0nh h\u00e0ng h\u1ea3i.<\/p>\n","protected":false},"excerpt":{"rendered":"<p>Ng\u00e0nh c\u00f4ng nghi\u1ec7p t\u00e0u bi\u1ec3n ph\u1ea3i tu\u00e2n th\u1ee7 th\u1ef1c hi\u1ec7n c\u00e1c quy \u0111\u1ecbnh v\u1ec1 b\u1ea3o v\u1ec7 m\u00f4i tr\u01b0\u1eddng trong \u0111\u00f3 c\u00f3 y\u00eau c\u1ea7u t\u00e0u bi\u1ec3n ph\u1ea3i gi\u1ea3m l\u01b0\u1ee3ng ph\u00e1t th\u1ea3i. M\u1ed7i con t\u00e0u ph\u1ea3i c\u00f3 \u0111\u01b0\u1ee3c m\u1ed9t \u0111\u1ed9ng c\u01a1 ph\u00f9 h\u1ee3p \u0111\u1ec3 tho\u1ea3 m\u00e3n l\u1ecbch tr\u00ecnh khai th\u00e1c th\u01b0\u01a1ng m\u1ea1i \u0111\u1ed3ng th\u1eddi ph\u1ea3i \u0111\u1ea3m b\u1ea3o [&hellip;]<\/p>\n","protected":false},"featured_media":17179,"template":"","meta":{"site-sidebar-layout":"default","site-content-layout":"default","ast-site-content-layout":"","site-content-style":"default","site-sidebar-style":"default","ast-global-header-display":"","ast-banner-title-visibility":"","ast-main-header-display":"","ast-hfb-above-header-display":"","ast-hfb-below-header-display":"","ast-hfb-mobile-header-display":"","site-post-title":"","ast-breadcrumbs-content":"","ast-featured-img":"","footer-sml-layout":"","theme-transparent-header-meta":"default","adv-header-id-meta":"","stick-header-meta":"","header-above-stick-meta":"","header-main-stick-meta":"","header-below-stick-meta":"","astra-migrate-meta-layouts":"default","ast-page-background-enabled":"default","ast-page-background-meta":{"desktop":{"background-color":"var(--ast-global-color-4)","background-image":"","background-repeat":"repeat","background-position":"center center","background-size":"auto","background-attachment":"scroll","background-type":"","background-media":"","overlay-type":"","overlay-color":"","overlay-opacity":"","overlay-gradient":""},"tablet":{"background-color":"","background-image":"","background-repeat":"repeat","background-position":"center center","background-size":"auto","background-attachment":"scroll","background-type":"","background-media":"","overlay-type":"","overlay-color":"","overlay-opacity":"","overlay-gradient":""},"mobile":{"background-color":"","background-image":"","background-repeat":"repeat","background-position":"center center","background-size":"auto","background-attachment":"scroll","background-type":"","background-media":"","overlay-type":"","overlay-color":"","overlay-opacity":"","overlay-gradient":""}},"ast-content-background-meta":{"desktop":{"background-color":"var(--ast-global-color-5)","background-image":"","background-repeat":"repeat","background-position":"center center","background-size":"auto","background-attachment":"scroll","background-type":"","background-media":"","overlay-type":"","overlay-color":"","overlay-opacity":"","overlay-gradient":""},"tablet":{"background-color":"var(--ast-global-color-5)","background-image":"","background-repeat":"repeat","background-position":"center center","background-size":"auto","background-attachment":"scroll","background-type":"","background-media":"","overlay-type":"","overlay-color":"","overlay-opacity":"","overlay-gradient":""},"mobile":{"background-color":"var(--ast-global-color-5)","background-image":"","background-repeat":"repeat","background-position":"center center","background-size":"auto","background-attachment":"scroll","background-type":"","background-media":"","overlay-type":"","overlay-color":"","overlay-opacity":"","overlay-gradient":""}}},"product_cat":[347],"product_tag":[],"class_list":{"0":"post-17168","1":"product","2":"type-product","3":"status-publish","4":"has-post-thumbnail","6":"product_cat-thiet-bi-tiet-kiem-nang-luong-cho-tau-thuy","7":"desktop-align-left","8":"tablet-align-left","9":"mobile-align-left","11":"first","12":"instock","13":"shipping-taxable","14":"product-type-simple"},"_links":{"self":[{"href":"https:\/\/vinatd.com\/index.php?rest_route=\/wp\/v2\/product\/17168","targetHints":{"allow":["GET"]}}],"collection":[{"href":"https:\/\/vinatd.com\/index.php?rest_route=\/wp\/v2\/product"}],"about":[{"href":"https:\/\/vinatd.com\/index.php?rest_route=\/wp\/v2\/types\/product"}],"wp:featuredmedia":[{"embeddable":true,"href":"https:\/\/vinatd.com\/index.php?rest_route=\/wp\/v2\/media\/17179"}],"wp:attachment":[{"href":"https:\/\/vinatd.com\/index.php?rest_route=%2Fwp%2Fv2%2Fmedia&parent=17168"}],"wp:term":[{"taxonomy":"product_cat","embeddable":true,"href":"https:\/\/vinatd.com\/index.php?rest_route=%2Fwp%2Fv2%2Fproduct_cat&post=17168"},{"taxonomy":"product_tag","embeddable":true,"href":"https:\/\/vinatd.com\/index.php?rest_route=%2Fwp%2Fv2%2Fproduct_tag&post=17168"}],"curies":[{"name":"wp","href":"https:\/\/api.w.org\/{rel}","templated":true}]}}