{"id":17014,"date":"2023-09-20T08:20:17","date_gmt":"2023-09-20T08:20:17","guid":{"rendered":"http:\/\/vinatd.com\/?post_type=product&#038;p=17014"},"modified":"2023-09-20T09:57:52","modified_gmt":"2023-09-20T09:57:52","slug":"canh-buom-xoay","status":"publish","type":"product","link":"https:\/\/vinatd.com\/?product=canh-buom-xoay","title":{"rendered":"C\u00e1nh bu\u1ed3m xoay"},"content":{"rendered":"<p style=\"background: white; vertical-align: baseline; margin: 0cm 0cm 19.2pt 0cm;\"><span style=\"font-size: 11.5pt; font-family: 'Segoe UI',sans-serif; color: #4b4f58;\">C\u00e1nh bu\u1ed3m xoay l\u00e0 thi\u1ebft b\u1ecb c\u00f3 h\u00ecnh d\u1ea1ng gi\u1ed1ng \u1ed1ng kh\u00f3i, c\u00f3 th\u1ec3 gi\u00fap t\u00e0u th\u1ee7y t\u1eadn d\u1ee5ng s\u1ee9c gi\u00f3 tr\u00ean bi\u1ec3n, gi\u1ea3m l\u01b0\u1ee3ng ti\u00eau th\u1ee5 nhi\u00ean li\u1ec7u v\u00e0 kh\u00ed th\u1ea3i.<\/span><\/p>\n<p><img loading=\"lazy\" decoding=\"async\" class=\"aligncenter wp-image-17016 size-full\" src=\"http:\/\/vinatd.com\/wp-content\/uploads\/2023\/09\/canh-buon-xoay-1.png\" alt=\"\" width=\"601\" height=\"411\" srcset=\"https:\/\/vinatd.com\/wp-content\/uploads\/2023\/09\/canh-buon-xoay-1.png 601w, https:\/\/vinatd.com\/wp-content\/uploads\/2023\/09\/canh-buon-xoay-1-300x205.png 300w\" sizes=\"auto, (max-width: 601px) 100vw, 601px\" \/><\/p>\n<p style=\"background: white; vertical-align: baseline; margin: 0cm 0cm 19.2pt 0cm;\"><span style=\"font-size: 11.5pt; font-family: 'Segoe UI',sans-serif; color: #4b4f58;\">Thi\u1ebft k\u1ebf c\u00e1nh bu\u1ed3m xoay l\u1ea5y \u00fd t\u01b0\u1edfng t\u1eeb c\u00f4ng ngh\u1ec7 c\u1ee7a m\u1ed9t k\u1ef9 s\u01b0 ng\u01b0\u1eddi \u0110\u1ee9c Anton Flettner trong h\u00e0nh tr\u00ecnh v\u01b0\u1ee3t \u0110\u1ea1i T\u00e2y D\u01b0\u01a1ng \u0111\u01b0\u1ee3c gi\u1edbi thi\u1ec7u c\u00e1ch \u0111\u00e2y g\u1ea7n m\u1ed9t th\u1ebf k\u1ef7.<\/span><\/p>\n<p style=\"background: white; vertical-align: baseline; margin: 0cm 0cm 19.2pt 0cm;\"><span style=\"font-size: 11.5pt; font-family: 'Segoe UI',sans-serif; color: #4b4f58;\">C\u00e1nh bu\u1ed3m xoay l\u00e0 m\u1ed9t c\u1ea5u tr\u00fac h\u00ecnh tr\u00f2n c\u1ee9ng v\u00e0 cao, ho\u1ea1t \u0111\u1ed9ng gi\u1ed1ng c\u00e1nh bu\u1ed3m l\u00e0m t\u1eeb v\u1ea3i b\u1ed1 v\u00e0 polyester. C\u00e1nh bu\u1ed3m n\u00e0y c\u00f3 th\u1ec3 xoay tr\u00f2n quanh tr\u1ee5c th\u1eb3ng \u0111\u1ee9ng. Nh\u1eefng c\u00e1nh bu\u1ed3m xoay n\u00e0y, b\u1ec1 m\u1eb7t ch\u1ec9 chi\u1ebfm 10% di\u1ec7n t\u00edch c\u00e1nh bu\u1ed3m c\u1ed5 \u0111i\u1ec3n nh\u01b0ng c\u00f3 th\u1ec3 ph\u00e1t ra s\u1ee9c \u0111\u1ea9y t\u01b0\u01a1ng \u0111\u01b0\u01a1ng, c\u01b0\u1eddng \u0111\u1ed9 s\u1ee9c \u0111\u1ea9y c\u1ee7a n\u00f3 t\u00f9y thu\u1ed9c v\u00e0o v\u1eadn t\u1ed1c quay c\u1ee7a ch\u00ednh n\u00f3 v\u00e0 v\u1eadn t\u1ed1c c\u1ee7a gi\u00f3. Chi\u1ec1u c\u1ee7a l\u1ef1c t\u1ed5ng h\u1ee3p th\u1eb3ng g\u00f3c v\u1edbi chi\u1ec1u c\u1ee7a gi\u00f3 v\u00e0 t\u00f9y thu\u1ed9c v\u00e0o chi\u1ec1u quay c\u1ee7a c\u00e1nh bu\u1ed3m xoay.<\/span><\/p>\n<p style=\"background: white; vertical-align: baseline; margin: 0cm 0cm 19.2pt 0cm;\"><span style=\"font-size: 11.5pt; font-family: 'Segoe UI',sans-serif; color: #4b4f58;\">C\u00e1nh bu\u1ed3m xoay c\u00f3 th\u1ec3 xoay tr\u00f2n quanh tr\u1ee5c th\u1eb3ng \u0111\u1ee9ng. Khi gi\u00f3 th\u1ed5i qua, d\u00f2ng kh\u00ed t\u0103ng t\u1ed1c \u1edf m\u1ed9t b\u00ean c\u1ee7a c\u00e1nh bu\u1ed3m xoay trong khi gi\u1ea3m t\u1ed1c \u1edf b\u00ean c\u00f2n l\u1ea1i. Ch\u00eanh l\u1ec7ch v\u1ec1 v\u1eadn t\u1ed1c gi\u00f3 t\u1ea1o ra ch\u00eanh l\u1ec7ch \u00e1p su\u1ea5t, sinh ra l\u1ef1c n\u00e2ng vu\u00f4ng g\u00f3c v\u1edbi h\u01b0\u1edbng gi\u00f3 th\u1ed5i qua. Hi\u1ec7n t\u01b0\u1ee3ng n\u00e0y g\u1ecdi l\u00e0 hi\u1ec7u \u1ee9ng Magnus.<\/span><\/p>\n<p><img loading=\"lazy\" decoding=\"async\" class=\"aligncenter wp-image-17017 size-full\" src=\"http:\/\/vinatd.com\/wp-content\/uploads\/2023\/09\/canh-buon-xoay-2.png\" alt=\"\" width=\"624\" height=\"351\" srcset=\"https:\/\/vinatd.com\/wp-content\/uploads\/2023\/09\/canh-buon-xoay-2.png 624w, https:\/\/vinatd.com\/wp-content\/uploads\/2023\/09\/canh-buon-xoay-2-300x169.png 300w, https:\/\/vinatd.com\/wp-content\/uploads\/2023\/09\/canh-buon-xoay-2-600x338.png 600w\" sizes=\"auto, (max-width: 624px) 100vw, 624px\" \/><\/p>\n<p style=\"background: white; vertical-align: baseline; margin: 0cm 0cm 19.2pt 0cm;\"><span style=\"font-size: 11.5pt; font-family: 'Segoe UI',sans-serif; color: #4b4f58;\">C\u00e1nh bu\u1ed3m xoay \u0111\u01b0\u1ee3c ki\u1ec3m so\u00e1t ho\u00e0n to\u00e0n t\u1ef1 \u0111\u1ed9ng v\u00e0 t\u1ed1i \u01b0u h\u00f3a, \u0111\u01b0\u1ee3c \u0111i\u1ec1u khi\u1ec3n v\u00e0 ki\u1ec3m so\u00e1t qua b\u1ea3ng \u0111i\u1ec1u khi\u1ec3n. \u1ede ch\u1ebf \u0111\u1ed9 t\u1ef1 \u0111\u1ed9ng, h\u1ec7 th\u1ed1ng s\u1ebd t\u1ef1 \u0111\u1ed9ng gi\u00e1m s\u00e1t t\u1ed1c \u0111\u1ed9 v\u00e0 h\u01b0\u1edbng gi\u00f3, \u0111\u1ed3ng th\u1eddi t\u1ef1 \u0111\u1ed9ng ch\u1ecdn h\u01b0\u1edbng quay ch\u00ednh x\u00e1c v\u00e0 v\u00f2ng quay m\u1ed7i ph\u00fat t\u1ed1i \u01b0u c\u1ee7a c\u00e1nh bu\u1ed3m xoay \u0111\u1ec3 ti\u1ebft ki\u1ec7m t\u1ed1i \u0111a nhi\u00ean li\u1ec7u v\u00e0 gi\u1ea3m l\u01b0\u1ee3ng kh\u00ed th\u1ea3i c\u1ee7a t\u00e0u.<\/span><\/p>\n<p><img loading=\"lazy\" decoding=\"async\" class=\"aligncenter wp-image-17018 size-full\" src=\"http:\/\/vinatd.com\/wp-content\/uploads\/2023\/09\/canh-buon-xoay-3.png\" alt=\"\" width=\"624\" height=\"286\" srcset=\"https:\/\/vinatd.com\/wp-content\/uploads\/2023\/09\/canh-buon-xoay-3.png 624w, https:\/\/vinatd.com\/wp-content\/uploads\/2023\/09\/canh-buon-xoay-3-300x138.png 300w, https:\/\/vinatd.com\/wp-content\/uploads\/2023\/09\/canh-buon-xoay-3-600x275.png 600w\" sizes=\"auto, (max-width: 624px) 100vw, 624px\" \/><\/p>\n<p style=\"background: white; vertical-align: baseline; margin: 0cm 0cm 19.2pt 0cm;\"><span style=\"font-size: 11.5pt; font-family: 'Segoe UI',sans-serif; color: #4b4f58;\">C\u00e1nh bu\u1ed3m xoay \u0111\u01b0\u1ee3c thi\u1ebft k\u1ebf \u0111\u1ec3 c\u00f3 th\u1ec3 d\u1ec5 d\u00e0ng l\u1eafp \u0111\u1eb7t tr\u00ean nh\u1eefng con t\u00e0u hi\u1ec7n nay. N\u00f3 s\u1ebd gi\u00fap cung c\u1ea5p th\u00eam m\u1ed9t ngu\u1ed3n n\u0103ng l\u01b0\u1ee3ng \u0111\u00e1ng k\u1ec3 cho con t\u00e0u \u0111\u1ed3ng th\u1eddi gi\u00fap gi\u1ea3m ph\u00e1t th\u1ea3i carbon.<\/span><\/p>\n<p style=\"background: white; vertical-align: baseline; box-sizing: inherit; outline: 0px; font-variant-ligatures: normal; font-variant-caps: normal; orphans: 2; text-align: start; widows: 2; -webkit-text-stroke-width: 0px; text-decoration-thickness: initial; text-decoration-style: initial; text-decoration-color: initial; word-spacing: 0px; margin: 0cm 0cm 19.2pt 0cm;\"><span style=\"font-size: 11.5pt; font-family: 'Segoe UI',sans-serif; color: #4b4f58;\">C\u00e1nh bu\u1ed3m xoay h\u1ed7 tr\u1ee3 vi\u1ec7c tu\u00e2n th\u1ee7 c\u1ea3 quy \u0111\u1ecbnh v\u1ec1 hi\u1ec7u qu\u1ea3 n\u0103ng l\u01b0\u1ee3ng trong v\u1eadn h\u00e0nh (CII) v\u00e0 k\u1ef9 thu\u1eadt (EEDI\/EEXI). S\u1ef1 c\u1ea3i thi\u1ec7n ch\u1ec9 s\u1ed1 d\u1ef1 ki\u1ebfn ph\u1ee5 thu\u1ed9c v\u00e0o t\u00e0u, h\u1ed3 s\u01a1 ho\u1ea1t \u0111\u1ed9ng v\u00e0 c\u1ea5u h\u00ecnh c\u00e1nh bu\u1ed3m xoay. Theo \u01b0\u1edbc t\u00ednh, hai c\u00e1nh bu\u1ed3m xoay c\u00f3 th\u1ec3 gi\u00fap t\u00e0u MV Delphine \u0111\u00f3ng v\u00e0o n\u0103m 2018 gi\u1ea3m 10% nhi\u00ean li\u1ec7u v\u00e0 kh\u00ed th\u1ea3i.<\/span><\/p>\n<p style=\"margin: 0cm; background: white; vertical-align: baseline; box-sizing: inherit; outline: 0px; font-variant-ligatures: normal; font-variant-caps: normal; orphans: 2; text-align: start; widows: 2; -webkit-text-stroke-width: 0px; text-decoration-thickness: initial; text-decoration-style: initial; text-decoration-color: initial; word-spacing: 0px;\"><span style=\"font-size: 11.5pt; font-family: 'Segoe UI',sans-serif; color: #4b4f58;\">C\u00e1nh bu\u1ed3n xoay hi\u1ec7n \u0111ang \u0111\u01b0\u1ee3c m\u1edf r\u1ed9ng s\u1ea3n xu\u1ea5t v\u00e0 trong th\u1eddi gian t\u1edbi r\u1ea5t c\u00f3 th\u1ec3 s\u1ebd \u0111\u00f3ng vai tr\u00f2 quan tr\u1ecdng trong vi\u1ec7c gi\u1ea3m ph\u00e1t th\u1ea3i carbon t\u1eeb ng\u00e0nh t\u00e0u th\u1ee7y.<\/span><\/p>\n","protected":false},"excerpt":{"rendered":"<p>C\u00e1nh bu\u1ed3m xoay l\u00e0 thi\u1ebft b\u1ecb c\u00f3 h\u00ecnh d\u1ea1ng gi\u1ed1ng \u1ed1ng kh\u00f3i, c\u00f3 th\u1ec3 gi\u00fap t\u00e0u th\u1ee7y t\u1eadn d\u1ee5ng s\u1ee9c gi\u00f3 tr\u00ean bi\u1ec3n, gi\u1ea3m l\u01b0\u1ee3ng ti\u00eau th\u1ee5 nhi\u00ean li\u1ec7u v\u00e0 kh\u00ed th\u1ea3i. Thi\u1ebft k\u1ebf c\u00e1nh bu\u1ed3m xoay l\u1ea5y \u00fd t\u01b0\u1edfng t\u1eeb c\u00f4ng ngh\u1ec7 c\u1ee7a m\u1ed9t k\u1ef9 s\u01b0 ng\u01b0\u1eddi \u0110\u1ee9c Anton Flettner trong h\u00e0nh tr\u00ecnh v\u01b0\u1ee3t [&hellip;]<\/p>\n","protected":false},"featured_media":17015,"template":"","meta":{"site-sidebar-layout":"default","site-content-layout":"default","ast-site-content-layout":"","site-content-style":"default","site-sidebar-style":"default","ast-global-header-display":"","ast-banner-title-visibility":"","ast-main-header-display":"","ast-hfb-above-header-display":"","ast-hfb-below-header-display":"","ast-hfb-mobile-header-display":"","site-post-title":"","ast-breadcrumbs-content":"","ast-featured-img":"","footer-sml-layout":"","theme-transparent-header-meta":"default","adv-header-id-meta":"","stick-header-meta":"","header-above-stick-meta":"","header-main-stick-meta":"","header-below-stick-meta":"","astra-migrate-meta-layouts":"default","ast-page-background-enabled":"default","ast-page-background-meta":{"desktop":{"background-color":"var(--ast-global-color-4)","background-image":"","background-repeat":"repeat","background-position":"center center","background-size":"auto","background-attachment":"scroll","background-type":"","background-media":"","overlay-type":"","overlay-color":"","overlay-opacity":"","overlay-gradient":""},"tablet":{"background-color":"","background-image":"","background-repeat":"repeat","background-position":"center center","background-size":"auto","background-attachment":"scroll","background-type":"","background-media":"","overlay-type":"","overlay-color":"","overlay-opacity":"","overlay-gradient":""},"mobile":{"background-color":"","background-image":"","background-repeat":"repeat","background-position":"center center","background-size":"auto","background-attachment":"scroll","background-type":"","background-media":"","overlay-type":"","overlay-color":"","overlay-opacity":"","overlay-gradient":""}},"ast-content-background-meta":{"desktop":{"background-color":"var(--ast-global-color-5)","background-image":"","background-repeat":"repeat","background-position":"center center","background-size":"auto","background-attachment":"scroll","background-type":"","background-media":"","overlay-type":"","overlay-color":"","overlay-opacity":"","overlay-gradient":""},"tablet":{"background-color":"var(--ast-global-color-5)","background-image":"","background-repeat":"repeat","background-position":"center center","background-size":"auto","background-attachment":"scroll","background-type":"","background-media":"","overlay-type":"","overlay-color":"","overlay-opacity":"","overlay-gradient":""},"mobile":{"background-color":"var(--ast-global-color-5)","background-image":"","background-repeat":"repeat","background-position":"center center","background-size":"auto","background-attachment":"scroll","background-type":"","background-media":"","overlay-type":"","overlay-color":"","overlay-opacity":"","overlay-gradient":""}}},"product_cat":[347],"product_tag":[],"class_list":{"0":"post-17014","1":"product","2":"type-product","3":"status-publish","4":"has-post-thumbnail","6":"product_cat-thiet-bi-tiet-kiem-nang-luong-cho-tau-thuy","7":"desktop-align-left","8":"tablet-align-left","9":"mobile-align-left","11":"first","12":"instock","13":"shipping-taxable","14":"product-type-simple"},"_links":{"self":[{"href":"https:\/\/vinatd.com\/index.php?rest_route=\/wp\/v2\/product\/17014","targetHints":{"allow":["GET"]}}],"collection":[{"href":"https:\/\/vinatd.com\/index.php?rest_route=\/wp\/v2\/product"}],"about":[{"href":"https:\/\/vinatd.com\/index.php?rest_route=\/wp\/v2\/types\/product"}],"wp:featuredmedia":[{"embeddable":true,"href":"https:\/\/vinatd.com\/index.php?rest_route=\/wp\/v2\/media\/17015"}],"wp:attachment":[{"href":"https:\/\/vinatd.com\/index.php?rest_route=%2Fwp%2Fv2%2Fmedia&parent=17014"}],"wp:term":[{"taxonomy":"product_cat","embeddable":true,"href":"https:\/\/vinatd.com\/index.php?rest_route=%2Fwp%2Fv2%2Fproduct_cat&post=17014"},{"taxonomy":"product_tag","embeddable":true,"href":"https:\/\/vinatd.com\/index.php?rest_route=%2Fwp%2Fv2%2Fproduct_tag&post=17014"}],"curies":[{"name":"wp","href":"https:\/\/api.w.org\/{rel}","templated":true}]}}