{"id":16777,"date":"2023-09-13T08:02:18","date_gmt":"2023-09-13T08:02:18","guid":{"rendered":"http:\/\/vinatd.com\/?post_type=product&#038;p=16777"},"modified":"2023-10-24T15:38:37","modified_gmt":"2023-10-24T08:38:37","slug":"neo-tau-bien","status":"publish","type":"product","link":"https:\/\/vinatd.com\/?product=neo-tau-bien","title":{"rendered":"Neo t\u00e0u bi\u1ec3n"},"content":{"rendered":"<ol>\n<li>Neo t\u00e0u bi\u1ec3n l\u00e0 g\u00ec?<\/li>\n<\/ol>\n<p>Neo l\u00e0 m\u1ed9t\u00a0d\u1ee5ng c\u1ee5 h\u00e0ng h\u1ea3i d\u00f9ng \u0111\u1ec3 gi\u1eef t\u00e0u thuy\u1ec1n \u1edf m\u1ed9t v\u1ecb tr\u00ed nh\u1ea5t \u0111\u1ecbnh b\u1eb1ng c\u00e1ch k\u1ec1m ch\u1ebf l\u1ef1c di \u0111\u1ed9ng khi g\u00e0i thuy\u1ec1n v\u00e0o \u0111\u00e1y s\u00f4ng ho\u1eb7c bi\u1ec3n. Khi \u0111\u00e3 th\u1ea3 neo, t\u00e0u thuy\u1ec1n kh\u00f4ng b\u1ecb d\u00f2ng n\u01b0\u1edbc ho\u1eb7c s\u00f3ng x\u00f4 \u0111\u1ea9y di d\u1ecbch \u0111\u1ebfn v\u1ecb tr\u00ed kh\u00e1c.<\/p>\n<p>Lo\u1ea1i neo \u0111\u01b0\u1ee3c s\u1eed d\u1ee5ng tr\u00ean t\u00e0u s\u1ebd ph\u1ee5 thu\u1ed9c v\u00e0o t\u1eebng lo\u1ea1i t\u00e0u, c\u0169ng nh\u01b0 c\u00f4ng d\u1ee5ng v\u00e0 \u0111\u1eb7c t\u00ednh c\u1ee7a t\u00e0u.<\/p>\n<p>Theo k\u1ebft c\u1ea5u, ng\u01b0\u1eddi ta ph\u00e2n ra l\u00e0m hai lo\u1ea1i neo l\u00e0 neo c\u00f3 thanh ngang v\u00e0 neo kh\u00f4ng c\u00f3 thanh ngang.<\/p>\n<p>+ Neo c\u00f3 thanh ngang bao g\u1ed3m neo Matroxov, neo H\u1ea3i qu\u00e2n, neo m\u1ed9t l\u01b0\u1ee1i, neo nhi\u1ec1u l\u01b0\u1ee1i, neo chuy\u00ean d\u00f9ng, v.v.<\/p>\n<p>+ Neo kh\u00f4ng c\u00f3 thanh ngang v\u00ed d\u1ee5 nh\u01b0 neo Holl, v.v.<\/p>\n<p>&nbsp;<\/p>\n<ol start=\"2\">\n<li>C\u00e1c \u0111\u1eb7c tr\u01b0ng c\u01a1 b\u1ea3n c\u1ee7a neo t\u00e0u bi\u1ec3n<\/li>\n<\/ol>\n<p>C\u00e1c \u0111\u1eb7c tr\u01b0ng c\u01a1 b\u1ea3n c\u1ee7a neo bao g\u1ed3m c\u00e1c \u0111\u1eb7c tr\u01b0ng h\u00ecnh h\u1ecdc, c\u00e1c \u0111\u1eb7c tr\u01b0ng v\u1ec1 k\u1ebft c\u1ea5u c\u1ee7a neo.<\/p>\n<p>C\u00e1c \u0111\u1eb7c tr\u01b0ng h\u00ecnh h\u1ecdc c\u01a1 b\u1ea3n c\u1ee7a neo nh\u01b0:<\/p>\n<ul>\n<li>Tr\u1ecdng l\u01b0\u1ee3ng neo: GN, kg.<\/li>\n<li>G\u00f3c g\u1eadp l\u01b0\u1ee1i: \u03b2 (g\u00f3c nghi\u00eang gi\u1eefa l\u01b0\u1ee1i v\u00e0 tr\u1ee5c c\u00e1n neo), \u0111\u1ed9.<\/li>\n<li>G\u00f3c t\u1ea5n: \u03b1 (g\u00f3c t\u1ea1o b\u1edfi ph\u01b0\u01a1ng c\u1ee7a l\u01b0\u1ee1i neo v\u00e0 n\u1ec1n b\u00f9n \u0111\u1ea5t), \u0111\u1ed9.<\/li>\n<li>Chi\u1ec1u d\u00e0i c\u00e1n neo: AN, m.<\/li>\n<li>Chi\u1ec1u d\u00e0i l\u01b0\u1ee1i neo, chi\u1ec1u d\u00e0y c\u00e1n neo, chi\u1ec1u d\u00e0y l\u01b0\u1ee1i neo v\u00e0 c\u00e1c t\u1ef7 s\u1ed1 k\u00edch th\u01b0\u1edbc c\u1ee7a neo.<\/li>\n<\/ul>\n<p>&nbsp;<\/p>\n<ol start=\"3\">\n<li>C\u00e1c \u0111\u1eb7c \u0111i\u1ec3m k\u1ebft c\u1ea5u c\u1ee7a c\u00e1c lo\u1ea1i neo t\u00e0u bi\u1ec3n<\/li>\n<\/ol>\n<ul>\n<li>Neo Holl<\/li>\n<\/ul>\n<p>Neo Holl \u0111\u01b0\u1ee3c s\u1eed d\u1ee5ng r\u1ed9ng r\u00e3i nh\u1ea5t hi\u1ec7n nay tr\u00ean h\u1ea7u h\u1ebft c\u00e1c t\u00e0u c\u1ee1 l\u1edbn v\u00e0 nh\u1ecf, t\u00e0u bi\u1ec3n, t\u00e0u s\u00f4ng v\u00e0 t\u00e0u h\u1ed3, v.v. B\u1edfi v\u00ec lo\u1ea1i neo n\u00e0y c\u00f3 t\u00ednh c\u01a1 gi\u1edbi ho\u00e1 cao, kh\u00f4ng c\u1ea7n chu\u1ea9n b\u1ecb th\u1eddi gian th\u1ea3 neo, c\u00f2n khi k\u00e9o neo, neo t\u1ef3 v\u00e0o m\u1ea1n b\u1eb1ng ba \u0111i\u1ec3m (1 \u0111i\u1ec3m \u1edf \u0111\u1ebf, 2 \u0111i\u1ec3m \u1edf hai l\u01b0\u1ee1i), vi\u1ec7c th\u00e1o l\u1eafp s\u1eeda ch\u1eefa neo c\u0169ng d\u1ec5 d\u00e0ng. M\u1eb7t kh\u00e1c vi\u1ec7c s\u1eed d\u1ee5ng lo\u1ea1i neo n\u00e0y c\u00f3 xu h\u01b0\u1edbng l\u00e0m gi\u1ea3m chi\u1ec1u d\u00e0i m\u1ecf neo, \u0111\u1eb7c bi\u1ec7t \u1edf t\u00e0u m\u1ea1n th\u1ea5p, neo Holl kh\u00f4ng \u0111\u01b0\u1ee3c s\u1eed d\u1ee5ng h\u1ebft ph\u1ea7n l\u1edbn chi\u1ec1u d\u00e0i c\u00e1n neo.<\/p>\n<p>\u0110\u1eb7c \u0111i\u1ec3m k\u1ebft c\u1ea5u c\u1ee7a lo\u1ea1i neo n\u00e0y l\u00e0 c\u00e1n neo v\u00e0 \u0111\u1ebf neo \u0111\u01b0\u1ee3c \u0111\u00fac r\u1eddi nhau, l\u01b0\u1ee1i neo c\u00f3 th\u1ec3 quay so v\u1edbi c\u00e1n neo m\u1ed9t g\u00f3c \u03b2 = 45\u00b0 , hai l\u01b0\u1ee1i c\u00f3 th\u1ec3 \u0111\u1ed3ng th\u1eddi c\u00f9ng b\u00e1m v\u00e0o n\u1ec1n \u0111\u1ea5t.<\/p>\n<p><img loading=\"lazy\" decoding=\"async\" class=\"size-full wp-image-16778 aligncenter\" src=\"http:\/\/vinatd.com\/wp-content\/uploads\/2023\/09\/Neo-Holl-1-220x300-1.png\" alt=\"\" width=\"220\" height=\"300\" \/><\/p>\n<ul>\n<li>Neo H\u1ea3i qu\u00e2n<\/li>\n<\/ul>\n<p>Lo\u1ea1i neo n\u00e0y khi th\u1ea3 ch\u1ec9 b\u00e1m v\u00e0o n\u1ec1n \u0111\u1ea5t b\u1eb1ng m\u1ed9t l\u01b0\u1ee1i, c\u00f2n m\u1ed9t l\u01b0\u1ee1i quay ng\u01b0\u1ee3c l\u00ean ph\u00eda tr\u00ean g\u00e2y kh\u00f3 kh\u0103n cho s\u1ef1 \u0111i l\u1ea1i c\u1ee7a c\u00e1c t\u00e0u kh\u00e1c, nh\u1ea5t l\u00e0 \u1edf v\u00f9ng n\u01b0\u1edbc n\u00f4ng. Lo\u1ea1i neo n\u00e0y kh\u00f4ng \u0111\u01b0\u1ee3c c\u01a1 gi\u1edbi h\u00f3a khi th\u1ea3 v\u00e0 khi k\u00e9o (d\u00f9ng c\u1ea7n c\u1ea9u \u0111\u1ec3 k\u00e9o neo).<\/p>\n<p>Hi\u1ec7n nay lo\u1ea1i neo n\u00e0y ch\u1ec9 d\u00f9ng v\u1edbi c\u00e1c t\u00e0u nh\u1ecf, th\u01b0\u1eddng d\u00f9ng l\u00e0m neo d\u1eebng \u0111\u1ed1i v\u1edbi t\u00e0u bi\u1ec3n chuy\u00ean d\u1ee5ng c\u00f3 \u0111\u1ed9 s\u00e2u th\u1ea3 neo nh\u1ecf, neo ph\u1ee5 \u0111\u1ed1i v\u1edbi t\u00e0u s\u00f4ng ho\u1eb7c bi\u1ec3n, ho\u1eb7c d\u00f9ng \u0111\u1ed3ng th\u1eddi c\u1ea3 neo d\u1eebng, neo ph\u1ee5 \u0111\u1ed1i v\u1edbi t\u00e0u h\u1ed3, ho\u1eb7c t\u00e0u s\u00f4ng kh\u00f4ng t\u1ef1 h\u00e0nh, v.v.<\/p>\n<p>\u0110\u1eb7c \u0111i\u1ec3m k\u1ebft c\u1ea5u c\u1ee7a lo\u1ea1i neo n\u00e0y l\u00e0 \u0111\u1ebf neo v\u00e0 l\u01b0\u1ee1i neo \u0111\u01b0\u1ee3c \u0111\u00fac li\u1ec1n th\u00e0nh m\u1ed9t kh\u1ed1i, ho\u1eb7c l\u00e0 k\u1ebft c\u1ea5u h\u00e0n, neo c\u00f3 thanh ngang l\u00e0m t\u0103ng t\u00ednh \u1ed5n \u0111\u1ecbnh c\u1ee7a n\u00f3 tr\u00ean n\u1ec1n \u0111\u1ea5t.<\/p>\n<p><img loading=\"lazy\" decoding=\"async\" class=\"size-full wp-image-16779 aligncenter\" src=\"http:\/\/vinatd.com\/wp-content\/uploads\/2023\/09\/neo-hai-quan-300x246-1.png\" alt=\"\" width=\"300\" height=\"246\" \/><\/p>\n<ul>\n<li>Neo m\u1ed9t l\u01b0\u1ee1i<\/li>\n<\/ul>\n<p>Neo m\u1ed9t l\u01b0\u1ee1i hay g\u1ecdi l\u00e0 neo Goseva. Neo m\u1ed9t l\u01b0\u1ee1i th\u01b0\u1eddng \u0111\u01b0\u1ee3c s\u1eed d\u1ee5ng tr\u00ean \u0111\u1ed9i t\u00e0u k\u1ef9 thu\u1eadt nh\u01b0 t\u00e0u cu\u1ed1c, t\u00e0u h\u00fat, v\u1eeba l\u00e0m d\u1eebng t\u00e0u v\u1eeba l\u00e0m thi\u1ebft b\u1ecb \u0111\u1ecbnh v\u1ecb \u0111\u1ec3 di chuy\u1ec3n ph\u01b0\u01a1ng ti\u1ec7n khi n\u00f3 ho\u1ea1t \u0111\u1ed9ng, v.v. v\u00ec n\u00f3 c\u00f3 l\u1ef1c b\u00e1m kh\u00e1 l\u1edbn.<\/p>\n<p>Tr\u1ecdng l\u01b0\u1ee3ng v\u00e0 k\u00edch th\u01b0\u1edbc c\u01a1 b\u1ea3n c\u1ee7a neo kh\u00f4ng theo ti\u00eau chu\u1ea9n.<\/p>\n<p>\u0110\u1eb7c \u0111i\u1ec3m k\u1ebft c\u1ea5u c\u1ee7a neo l\u00e0 \u0111\u1ebf v\u00e0 c\u00e1n neo \u0111\u01b0\u1ee3c \u0111\u00fac li\u1ec1n m\u1ed9t kh\u1ed1i.<\/p>\n<p><img loading=\"lazy\" decoding=\"async\" class=\"size-full wp-image-16780 aligncenter\" src=\"http:\/\/vinatd.com\/wp-content\/uploads\/2023\/09\/neo-1-luoi.jpg\" alt=\"\" width=\"225\" height=\"225\" srcset=\"https:\/\/vinatd.com\/wp-content\/uploads\/2023\/09\/neo-1-luoi.jpg 225w, https:\/\/vinatd.com\/wp-content\/uploads\/2023\/09\/neo-1-luoi-150x150.jpg 150w, https:\/\/vinatd.com\/wp-content\/uploads\/2023\/09\/neo-1-luoi-100x100.jpg 100w\" sizes=\"auto, (max-width: 225px) 100vw, 225px\" \/><\/p>\n<ul>\n<li>Neo nhi\u1ec1u l\u01b0\u1ee1i<\/li>\n<\/ul>\n<p>G\u1ed3m c\u00f3 neo 4 l\u01b0\u1ee1i, neo 6 l\u01b0\u1ee1i, v.v., th\u01b0\u1eddng \u0111\u01b0\u1ee3c d\u00f9ng cho \u0111\u1ed9i t\u00e0u k\u1ef9 thu\u1eadt nh\u01b0 t\u00e0u cu\u1ed1c, t\u00e0u h\u00fat, t\u00e0u c\u00f4ng tr\u00ecnh, v.v.<\/p>\n<p><img loading=\"lazy\" decoding=\"async\" class=\"size-full wp-image-16781 aligncenter\" src=\"http:\/\/vinatd.com\/wp-content\/uploads\/2023\/09\/Neo-nhieu-luoi-300x281-1.png\" alt=\"\" width=\"300\" height=\"281\" \/><\/p>\n<ul>\n<li>Neo Matroxov<\/li>\n<\/ul>\n<p>C\u1ea5u t\u1ea1o c\u1ee7a lo\u1ea1i neo n\u00e0y l\u00e0 l\u01b0\u1ee1i neo v\u00e0 c\u00e1n neo \u0111\u01b0\u1ee3c \u0111\u00fac r\u1eddi, l\u01b0\u1ee1i neo c\u00f3 th\u1ec3 quay v\u1edbi c\u00e1n m\u1ed9t g\u00f3c \u03b2 = 28\u00b0 \u2013 37\u00b0.<\/p>\n<p>\u0110\u1ec3 t\u0103ng l\u1ef1c b\u00e1m, ng\u01b0\u1eddi ta l\u00e0m t\u0103ng chi\u1ec1u d\u00e0y l\u01b0\u1ee1i neo, \u0111\u1ec3 t\u0103ng \u0111\u1ed9 \u1ed5n \u0111\u1ecbnh c\u1ee7a neo, ng\u01b0\u1eddi ta l\u00e0m thanh ngang tr\u00ean l\u01b0\u1ee1i neo.<\/p>\n<p>\u0110\u1eb7c \u0111i\u1ec3m c\u1ee7a lo\u1ea1i neo n\u00e0y l\u00e0 ch\u1ec9 d\u00f9ng tr\u00ean \u0111\u1ea5t m\u1ec1m v\u00e0 th\u01b0\u1eddng d\u00f9ng tr\u00ean c\u00e1c t\u00e0u n\u1ed9i thu\u1ef7.<\/p>\n<p><img loading=\"lazy\" decoding=\"async\" class=\"size-full wp-image-16782 aligncenter\" src=\"http:\/\/vinatd.com\/wp-content\/uploads\/2023\/09\/neo-Matroxov-249x300-1.png\" alt=\"\" width=\"249\" height=\"300\" \/><\/p>\n<p>&nbsp;<\/p>\n","protected":false},"excerpt":{"rendered":"<p>Neo t\u00e0u bi\u1ec3n l\u00e0 g\u00ec? Neo l\u00e0 m\u1ed9t\u00a0d\u1ee5ng c\u1ee5 h\u00e0ng h\u1ea3i d\u00f9ng \u0111\u1ec3 gi\u1eef t\u00e0u thuy\u1ec1n \u1edf m\u1ed9t v\u1ecb tr\u00ed nh\u1ea5t \u0111\u1ecbnh b\u1eb1ng c\u00e1ch k\u1ec1m ch\u1ebf l\u1ef1c di \u0111\u1ed9ng khi g\u00e0i thuy\u1ec1n v\u00e0o \u0111\u00e1y s\u00f4ng ho\u1eb7c bi\u1ec3n. Khi \u0111\u00e3 th\u1ea3 neo, t\u00e0u thuy\u1ec1n kh\u00f4ng b\u1ecb d\u00f2ng n\u01b0\u1edbc ho\u1eb7c s\u00f3ng x\u00f4 \u0111\u1ea9y di d\u1ecbch \u0111\u1ebfn v\u1ecb [&hellip;]<\/p>\n","protected":false},"featured_media":16784,"template":"","meta":{"site-sidebar-layout":"default","site-content-layout":"default","ast-site-content-layout":"","site-content-style":"default","site-sidebar-style":"default","ast-global-header-display":"","ast-banner-title-visibility":"","ast-main-header-display":"","ast-hfb-above-header-display":"","ast-hfb-below-header-display":"","ast-hfb-mobile-header-display":"","site-post-title":"","ast-breadcrumbs-content":"","ast-featured-img":"","footer-sml-layout":"","theme-transparent-header-meta":"default","adv-header-id-meta":"","stick-header-meta":"","header-above-stick-meta":"","header-main-stick-meta":"","header-below-stick-meta":"","astra-migrate-meta-layouts":"default","ast-page-background-enabled":"default","ast-page-background-meta":{"desktop":{"background-color":"var(--ast-global-color-4)","background-image":"","background-repeat":"repeat","background-position":"center center","background-size":"auto","background-attachment":"scroll","background-type":"","background-media":"","overlay-type":"","overlay-color":"","overlay-opacity":"","overlay-gradient":""},"tablet":{"background-color":"","background-image":"","background-repeat":"repeat","background-position":"center center","background-size":"auto","background-attachment":"scroll","background-type":"","background-media":"","overlay-type":"","overlay-color":"","overlay-opacity":"","overlay-gradient":""},"mobile":{"background-color":"","background-image":"","background-repeat":"repeat","background-position":"center center","background-size":"auto","background-attachment":"scroll","background-type":"","background-media":"","overlay-type":"","overlay-color":"","overlay-opacity":"","overlay-gradient":""}},"ast-content-background-meta":{"desktop":{"background-color":"var(--ast-global-color-5)","background-image":"","background-repeat":"repeat","background-position":"center center","background-size":"auto","background-attachment":"scroll","background-type":"","background-media":"","overlay-type":"","overlay-color":"","overlay-opacity":"","overlay-gradient":""},"tablet":{"background-color":"var(--ast-global-color-5)","background-image":"","background-repeat":"repeat","background-position":"center center","background-size":"auto","background-attachment":"scroll","background-type":"","background-media":"","overlay-type":"","overlay-color":"","overlay-opacity":"","overlay-gradient":""},"mobile":{"background-color":"var(--ast-global-color-5)","background-image":"","background-repeat":"repeat","background-position":"center center","background-size":"auto","background-attachment":"scroll","background-type":"","background-media":"","overlay-type":"","overlay-color":"","overlay-opacity":"","overlay-gradient":""}}},"product_cat":[327],"product_tag":[],"class_list":{"0":"post-16777","1":"product","2":"type-product","3":"status-publish","4":"has-post-thumbnail","6":"product_cat-neo-tau-thuy","7":"desktop-align-left","8":"tablet-align-left","9":"mobile-align-left","11":"first","12":"instock","13":"shipping-taxable","14":"product-type-simple"},"_links":{"self":[{"href":"https:\/\/vinatd.com\/index.php?rest_route=\/wp\/v2\/product\/16777","targetHints":{"allow":["GET"]}}],"collection":[{"href":"https:\/\/vinatd.com\/index.php?rest_route=\/wp\/v2\/product"}],"about":[{"href":"https:\/\/vinatd.com\/index.php?rest_route=\/wp\/v2\/types\/product"}],"wp:featuredmedia":[{"embeddable":true,"href":"https:\/\/vinatd.com\/index.php?rest_route=\/wp\/v2\/media\/16784"}],"wp:attachment":[{"href":"https:\/\/vinatd.com\/index.php?rest_route=%2Fwp%2Fv2%2Fmedia&parent=16777"}],"wp:term":[{"taxonomy":"product_cat","embeddable":true,"href":"https:\/\/vinatd.com\/index.php?rest_route=%2Fwp%2Fv2%2Fproduct_cat&post=16777"},{"taxonomy":"product_tag","embeddable":true,"href":"https:\/\/vinatd.com\/index.php?rest_route=%2Fwp%2Fv2%2Fproduct_tag&post=16777"}],"curies":[{"name":"wp","href":"https:\/\/api.w.org\/{rel}","templated":true}]}}