{"id":16443,"date":"2023-02-21T06:20:53","date_gmt":"2023-02-21T06:20:53","guid":{"rendered":"http:\/\/vntd.com\/?post_type=product&#038;p=16443"},"modified":"2023-10-24T13:15:56","modified_gmt":"2023-10-24T06:15:56","slug":"son-san-tu-trai-phang-unipoxy-lining","status":"publish","type":"product","link":"https:\/\/vinatd.com\/?product=son-san-tu-trai-phang-unipoxy-lining","title":{"rendered":"S\u01a1n s\u00e0n t\u1ef1 tr\u1ea3i ph\u1eb3ng &#8211; Unipoxy Lining"},"content":{"rendered":"<p><strong>M\u00f4 t\u1ea3: <\/strong>S\u01a1n Unipoxy Lining l\u00e0 lo\u1ea1i s\u01a1n s\u00e0n Epoxy t\u1ef1 san ph\u1eb3ng, kh\u00f4ng dung m\u00f4i, c\u00f3 kh\u1ea3 n\u0103ng ch\u1ed1ng m\u00e0i m\u00f2n v\u00e0 va \u0111\u1eadp v\u01b0\u1ee3t tr\u1ed9i. L\u1edbp s\u01a1n ph\u1ee7 sau khi \u0111\u00f3ng r\u1eafn ho\u00e0n thi\u1ec7n c\u00f3 \u0111\u1eb7c t\u00ednh c\u1ee9ng, dai, m\u1ecbn v\u00e0 c\u00f3 kh\u1ea3 n\u0103ng ch\u1ed1ng l\u1ea1i h\u00f3a ch\u1ea5t, m\u00e0i m\u00f2n v\u00e0 va \u0111\u1eadp r\u1ea5t t\u1ed1t.<\/p>\n<p><strong>\u1ee8ng d\u1ee5ng: <\/strong>L\u00e0m l\u1edbp ph\u1ee7 ch\u1ecbu l\u1ef1c tr\u00ean s\u00e0n b\u00ea t\u00f4ng. N\u01a1i \u0111\u01b0\u1ee3c s\u1eed d\u1ee5ng y\u00eau c\u1ea7u ch\u1ecbu va \u0111\u1eadp v\u00e0 h\u00f3a ch\u1ea5t cao nh\u01b0 cho s\u00e0n ph\u00f2ng th\u00ed nghi\u1ec7m, nh\u00e0 m\u00e1y h\u1ea1t nh\u00e2n, b\u1ec7nh vi\u1ec7n, nh\u00e0 m\u00e1y \u0111i\u1ec7n t\u1eed, nh\u00e0 m\u00e1y h\u00f3a ch\u1ea5t, nh\u00e0 m\u00e1y d\u01b0\u1ee3c ph\u1ea9m, v.v.<\/p>\n","protected":false},"excerpt":{"rendered":"<p>M\u00f4 t\u1ea3: S\u01a1n Unipoxy Lining l\u00e0 lo\u1ea1i s\u01a1n s\u00e0n Epoxy t\u1ef1 san ph\u1eb3ng, kh\u00f4ng dung m\u00f4i, c\u00f3 kh\u1ea3 n\u0103ng ch\u1ed1ng m\u00e0i m\u00f2n v\u00e0 va \u0111\u1eadp v\u01b0\u1ee3t tr\u1ed9i. L\u1edbp s\u01a1n ph\u1ee7 sau khi \u0111\u00f3ng r\u1eafn ho\u00e0n thi\u1ec7n c\u00f3 \u0111\u1eb7c t\u00ednh c\u1ee9ng, dai, m\u1ecbn v\u00e0 c\u00f3 kh\u1ea3 n\u0103ng ch\u1ed1ng l\u1ea1i h\u00f3a ch\u1ea5t, m\u00e0i m\u00f2n v\u00e0 va \u0111\u1eadp [&hellip;]<\/p>\n","protected":false},"featured_media":16441,"template":"","meta":{"site-sidebar-layout":"default","site-content-layout":"default","ast-site-content-layout":"","site-content-style":"default","site-sidebar-style":"default","ast-global-header-display":"","ast-banner-title-visibility":"","ast-main-header-display":"","ast-hfb-above-header-display":"","ast-hfb-below-header-display":"","ast-hfb-mobile-header-display":"","site-post-title":"","ast-breadcrumbs-content":"","ast-featured-img":"","footer-sml-layout":"","theme-transparent-header-meta":"default","adv-header-id-meta":"","stick-header-meta":"","header-above-stick-meta":"","header-main-stick-meta":"","header-below-stick-meta":"","astra-migrate-meta-layouts":"default","ast-page-background-enabled":"default","ast-page-background-meta":{"desktop":{"background-color":"var(--ast-global-color-4)","background-image":"","background-repeat":"repeat","background-position":"center center","background-size":"auto","background-attachment":"scroll","background-type":"","background-media":"","overlay-type":"","overlay-color":"","overlay-opacity":"","overlay-gradient":""},"tablet":{"background-color":"","background-image":"","background-repeat":"repeat","background-position":"center center","background-size":"auto","background-attachment":"scroll","background-type":"","background-media":"","overlay-type":"","overlay-color":"","overlay-opacity":"","overlay-gradient":""},"mobile":{"background-color":"","background-image":"","background-repeat":"repeat","background-position":"center center","background-size":"auto","background-attachment":"scroll","background-type":"","background-media":"","overlay-type":"","overlay-color":"","overlay-opacity":"","overlay-gradient":""}},"ast-content-background-meta":{"desktop":{"background-color":"var(--ast-global-color-5)","background-image":"","background-repeat":"repeat","background-position":"center center","background-size":"auto","background-attachment":"scroll","background-type":"","background-media":"","overlay-type":"","overlay-color":"","overlay-opacity":"","overlay-gradient":""},"tablet":{"background-color":"var(--ast-global-color-5)","background-image":"","background-repeat":"repeat","background-position":"center center","background-size":"auto","background-attachment":"scroll","background-type":"","background-media":"","overlay-type":"","overlay-color":"","overlay-opacity":"","overlay-gradient":""},"mobile":{"background-color":"var(--ast-global-color-5)","background-image":"","background-repeat":"repeat","background-position":"center center","background-size":"auto","background-attachment":"scroll","background-type":"","background-media":"","overlay-type":"","overlay-color":"","overlay-opacity":"","overlay-gradient":""}}},"product_cat":[208],"product_tag":[],"class_list":{"0":"post-16443","1":"product","2":"type-product","3":"status-publish","4":"has-post-thumbnail","6":"product_cat-son-cong-nghiep","7":"desktop-align-left","8":"tablet-align-left","9":"mobile-align-left","11":"first","12":"instock","13":"shipping-taxable","14":"product-type-simple"},"_links":{"self":[{"href":"https:\/\/vinatd.com\/index.php?rest_route=\/wp\/v2\/product\/16443","targetHints":{"allow":["GET"]}}],"collection":[{"href":"https:\/\/vinatd.com\/index.php?rest_route=\/wp\/v2\/product"}],"about":[{"href":"https:\/\/vinatd.com\/index.php?rest_route=\/wp\/v2\/types\/product"}],"wp:featuredmedia":[{"embeddable":true,"href":"https:\/\/vinatd.com\/index.php?rest_route=\/wp\/v2\/media\/16441"}],"wp:attachment":[{"href":"https:\/\/vinatd.com\/index.php?rest_route=%2Fwp%2Fv2%2Fmedia&parent=16443"}],"wp:term":[{"taxonomy":"product_cat","embeddable":true,"href":"https:\/\/vinatd.com\/index.php?rest_route=%2Fwp%2Fv2%2Fproduct_cat&post=16443"},{"taxonomy":"product_tag","embeddable":true,"href":"https:\/\/vinatd.com\/index.php?rest_route=%2Fwp%2Fv2%2Fproduct_tag&post=16443"}],"curies":[{"name":"wp","href":"https:\/\/api.w.org\/{rel}","templated":true}]}}