{"id":16442,"date":"2023-02-21T06:20:21","date_gmt":"2023-02-21T06:20:21","guid":{"rendered":"http:\/\/vntd.com\/?post_type=product&#038;p=16442"},"modified":"2023-10-24T11:48:06","modified_gmt":"2023-10-24T04:48:06","slug":"son-khang-hoa-chat-ep174t","status":"publish","type":"product","link":"https:\/\/vinatd.com\/?product=son-khang-hoa-chat-ep174t","title":{"rendered":"S\u01a1n kh\u00e1ng h\u00f3a ch\u1ea5t &#8211; EP174(T)"},"content":{"rendered":"<p><strong>M\u00f4 t\u1ea3:<\/strong> S\u01a1n kh\u00e1ng ho\u00e1 ch\u1ea5t EP174 (T) l\u00e0 l\u1edbp s\u01a1n g\u1ed1c nh\u1ef1a epoxy, g\u1ed3m 2 th\u00e0nh ph\u1ea7n, d\u00f9ng cho c\u00e1c b\u1ec3 ch\u1ee9a h\u00f3a ch\u1ea5t v\u00e0 d\u1ea7u kh\u00ed. EP174(T) c\u00f3 kh\u1ea3 n\u0103ng kh\u00e1ng h\u00f3a ch\u1ea5t, dung m\u00f4i, ki\u1ec1m, d\u1ea7u th\u00f4, nhi\u00ean li\u1ec7u, \u0111\u1ed3ng th\u1eddi c\u00f2n \u0111\u01b0\u1ee3c s\u1eed d\u1ee5ng nh\u01b0 m\u1ed9t l\u1edbp b\u1ea3o v\u1ec7 VOC \u0111\u1ec3 gi\u1ea3m b\u1ee9c x\u1ea1 v\u00e0 b\u1ea3o v\u1ec7 m\u00f4i tr\u01b0\u1eddng.<\/p>\n<p><strong>\u1ee8ng d\u1ee5ng:<\/strong> S\u1edf h\u1eefu nhi\u1ec1u \u01b0u \u0111i\u1ec3m vu\u1ee3t tr\u1ed9i n\u00ean s\u01a1n kh\u00e1ng h\u00f3a ch\u1ea5t EP174 (T) \u0111\u01b0\u1ee3c \u1ee9ng d\u1ee5ng cao trong nhi\u1ec1u h\u1ea1ng m\u1ee5c c\u00f4ng tr\u00ecnh bao g\u1ed3m s\u1eed d\u1ee5ng l\u00e0m l\u1edbp l\u00f3t v\u00e0 l\u1edbp ph\u1ee7 trong h\u1ec7 s\u01a1n ho\u00e0n thi\u1ec7n, s\u1eed d\u1ee5ng cho b\u1ed3n ch\u1ee9a h\u00f3a h\u1ecdc, b\u1ed3n ch\u1ee9a trong m\u00f4i tr\u01b0\u1eddng d\u1ea7u kh\u00ed, c\u00e1c k\u1ebft c\u1ea5u s\u1eaft th\u00e9p c\u00f4ng nghi\u1ec7p, t\u00e0u bi\u1ec3n nh\u01b0 boong t\u00e0u, m\u1ea1n t\u00e0u,\u2026. V\u00ec c\u00f3 t\u00ednh an to\u00e0n n\u00ean s\u01a1n kh\u00e1ng h\u00f3a ch\u1ea5t EP174 (T) c\u0169ng \u0111\u01b0\u1ee3c s\u1eed d\u1ee5ng \u0111\u1ec3 b\u1ea3o v\u1ec7 c\u00e1c khu y\u00eau c\u1ea7u kh\u00e1ng khu\u1ea9n v\u00e0 v\u00f4 tr\u00f9ng nh\u01b0 b\u1ed3n ch\u1ee9a s\u1ea3n xu\u1ea5t th\u1ef1c ph\u1ea9m. Ngo\u00e0i ra, \u0111\u00e2y c\u0169ng l\u00e0 d\u00f2ng s\u01a1n kh\u00e1ng h\u00f3a ch\u1ea5t \u0111\u01b0\u1ee3c ch\u1ea5p nh\u1eadn cho b\u1ed3n ch\u1ee9a n\u01b0\u1edbc s\u1ea1ch.<\/p>\n","protected":false},"excerpt":{"rendered":"<p>M\u00f4 t\u1ea3: S\u01a1n kh\u00e1ng ho\u00e1 ch\u1ea5t EP174 (T) l\u00e0 l\u1edbp s\u01a1n g\u1ed1c nh\u1ef1a epoxy, g\u1ed3m 2 th\u00e0nh ph\u1ea7n, d\u00f9ng cho c\u00e1c b\u1ec3 ch\u1ee9a h\u00f3a ch\u1ea5t v\u00e0 d\u1ea7u kh\u00ed. EP174(T) c\u00f3 kh\u1ea3 n\u0103ng kh\u00e1ng h\u00f3a ch\u1ea5t, dung m\u00f4i, ki\u1ec1m, d\u1ea7u th\u00f4, nhi\u00ean li\u1ec7u, \u0111\u1ed3ng th\u1eddi c\u00f2n \u0111\u01b0\u1ee3c s\u1eed d\u1ee5ng nh\u01b0 m\u1ed9t l\u1edbp b\u1ea3o v\u1ec7 VOC \u0111\u1ec3 [&hellip;]<\/p>\n","protected":false},"featured_media":16440,"template":"","meta":{"site-sidebar-layout":"default","site-content-layout":"default","ast-site-content-layout":"","site-content-style":"default","site-sidebar-style":"default","ast-global-header-display":"","ast-banner-title-visibility":"","ast-main-header-display":"","ast-hfb-above-header-display":"","ast-hfb-below-header-display":"","ast-hfb-mobile-header-display":"","site-post-title":"","ast-breadcrumbs-content":"","ast-featured-img":"","footer-sml-layout":"","theme-transparent-header-meta":"default","adv-header-id-meta":"","stick-header-meta":"","header-above-stick-meta":"","header-main-stick-meta":"","header-below-stick-meta":"","astra-migrate-meta-layouts":"default","ast-page-background-enabled":"default","ast-page-background-meta":{"desktop":{"background-color":"var(--ast-global-color-4)","background-image":"","background-repeat":"repeat","background-position":"center center","background-size":"auto","background-attachment":"scroll","background-type":"","background-media":"","overlay-type":"","overlay-color":"","overlay-opacity":"","overlay-gradient":""},"tablet":{"background-color":"","background-image":"","background-repeat":"repeat","background-position":"center center","background-size":"auto","background-attachment":"scroll","background-type":"","background-media":"","overlay-type":"","overlay-color":"","overlay-opacity":"","overlay-gradient":""},"mobile":{"background-color":"","background-image":"","background-repeat":"repeat","background-position":"center center","background-size":"auto","background-attachment":"scroll","background-type":"","background-media":"","overlay-type":"","overlay-color":"","overlay-opacity":"","overlay-gradient":""}},"ast-content-background-meta":{"desktop":{"background-color":"var(--ast-global-color-5)","background-image":"","background-repeat":"repeat","background-position":"center center","background-size":"auto","background-attachment":"scroll","background-type":"","background-media":"","overlay-type":"","overlay-color":"","overlay-opacity":"","overlay-gradient":""},"tablet":{"background-color":"var(--ast-global-color-5)","background-image":"","background-repeat":"repeat","background-position":"center center","background-size":"auto","background-attachment":"scroll","background-type":"","background-media":"","overlay-type":"","overlay-color":"","overlay-opacity":"","overlay-gradient":""},"mobile":{"background-color":"var(--ast-global-color-5)","background-image":"","background-repeat":"repeat","background-position":"center center","background-size":"auto","background-attachment":"scroll","background-type":"","background-media":"","overlay-type":"","overlay-color":"","overlay-opacity":"","overlay-gradient":""}}},"product_cat":[208],"product_tag":[],"class_list":{"0":"post-16442","1":"product","2":"type-product","3":"status-publish","4":"has-post-thumbnail","6":"product_cat-son-cong-nghiep","7":"desktop-align-left","8":"tablet-align-left","9":"mobile-align-left","11":"first","12":"instock","13":"shipping-taxable","14":"product-type-simple"},"_links":{"self":[{"href":"https:\/\/vinatd.com\/index.php?rest_route=\/wp\/v2\/product\/16442","targetHints":{"allow":["GET"]}}],"collection":[{"href":"https:\/\/vinatd.com\/index.php?rest_route=\/wp\/v2\/product"}],"about":[{"href":"https:\/\/vinatd.com\/index.php?rest_route=\/wp\/v2\/types\/product"}],"wp:featuredmedia":[{"embeddable":true,"href":"https:\/\/vinatd.com\/index.php?rest_route=\/wp\/v2\/media\/16440"}],"wp:attachment":[{"href":"https:\/\/vinatd.com\/index.php?rest_route=%2Fwp%2Fv2%2Fmedia&parent=16442"}],"wp:term":[{"taxonomy":"product_cat","embeddable":true,"href":"https:\/\/vinatd.com\/index.php?rest_route=%2Fwp%2Fv2%2Fproduct_cat&post=16442"},{"taxonomy":"product_tag","embeddable":true,"href":"https:\/\/vinatd.com\/index.php?rest_route=%2Fwp%2Fv2%2Fproduct_tag&post=16442"}],"curies":[{"name":"wp","href":"https:\/\/api.w.org\/{rel}","templated":true}]}}