{"id":16437,"date":"2023-02-21T06:19:38","date_gmt":"2023-02-21T06:19:38","guid":{"rendered":"http:\/\/vntd.com\/?post_type=product&#038;p=16437"},"modified":"2023-10-24T11:49:45","modified_gmt":"2023-10-24T04:49:45","slug":"son-san-khang-hoa-chat-et5500","status":"publish","type":"product","link":"https:\/\/vinatd.com\/?product=son-san-khang-hoa-chat-et5500","title":{"rendered":"S\u01a1n s\u00e0n kh\u00e1ng h\u00f3a ch\u1ea5t &#8211; ET5500"},"content":{"rendered":"<p><strong>M\u00f4 t\u1ea3: <\/strong>S\u01a1n s\u00e0n kh\u00e1ng h\u00f3a ch\u1ea5t ET5500 l\u00e0 lo\u1ea1i s\u01a1n t\u1ef1 ph\u1eb3ng co\u0301 kha\u0309 n\u0103ng ch\u1ed1ng h\u00f3a ch\u1ea5t v\u00e0 axit c\u00f3 n\u1ed3ng \u0111\u1ed9 cao nh\u01b0 axit sunfuric, axit photphoric, axit nitrit, axit clohydric, NaOH&#8230;Trong pha\u0323m vi nh\u00e2\u0301t \u0111i\u0323nh, no\u0301 ng\u0103n ch\u1eb7n s\u01b0\u0323 bi\u00ea\u0301n ma\u0300u c\u1ee7a h\u00f3a ch\u1ea5t ta\u0301c \u0111\u1ed9ng l\u00ean ma\u0300ng s\u01a1n.<\/p>\n<p><strong>\u1ee8ng du\u0323ng:<\/strong> S\u01a1n s\u00e0n kh\u00e1ng h\u00f3a ch\u1ea5t ET5500 \u0111\u01b0\u1ee3c s\u1eed d\u1ee5ng cho sa\u0300n cu\u0309a b\u1ec7nh vi\u1ec7n, c\u00f4ng ty d\u01b0\u01a1\u0323c ph\u00e2\u0309m va\u0300 nha\u0300 ma\u0301y ho\u0301a ch\u00e2\u0301t, s\u00e0n c\u1ee7a ph\u00f2ng th\u00ed nghi\u1ec7m, nh\u00e0 m\u00e1y \u0111i\u1ec7n h\u1ea1t nh\u00e2n,&#8230;<\/p>\n","protected":false},"excerpt":{"rendered":"<p>M\u00f4 t\u1ea3: S\u01a1n s\u00e0n kh\u00e1ng h\u00f3a ch\u1ea5t ET5500 l\u00e0 lo\u1ea1i s\u01a1n t\u1ef1 ph\u1eb3ng co\u0301 kha\u0309 n\u0103ng ch\u1ed1ng h\u00f3a ch\u1ea5t v\u00e0 axit c\u00f3 n\u1ed3ng \u0111\u1ed9 cao nh\u01b0 axit sunfuric, axit photphoric, axit nitrit, axit clohydric, NaOH&#8230;Trong pha\u0323m vi nh\u00e2\u0301t \u0111i\u0323nh, no\u0301 ng\u0103n ch\u1eb7n s\u01b0\u0323 bi\u00ea\u0301n ma\u0300u c\u1ee7a h\u00f3a ch\u1ea5t ta\u0301c \u0111\u1ed9ng l\u00ean ma\u0300ng s\u01a1n. \u1ee8ng du\u0323ng: [&hellip;]<\/p>\n","protected":false},"featured_media":16439,"template":"","meta":{"site-sidebar-layout":"default","site-content-layout":"default","ast-site-content-layout":"","site-content-style":"default","site-sidebar-style":"default","ast-global-header-display":"","ast-banner-title-visibility":"","ast-main-header-display":"","ast-hfb-above-header-display":"","ast-hfb-below-header-display":"","ast-hfb-mobile-header-display":"","site-post-title":"","ast-breadcrumbs-content":"","ast-featured-img":"","footer-sml-layout":"","theme-transparent-header-meta":"default","adv-header-id-meta":"","stick-header-meta":"","header-above-stick-meta":"","header-main-stick-meta":"","header-below-stick-meta":"","astra-migrate-meta-layouts":"default","ast-page-background-enabled":"default","ast-page-background-meta":{"desktop":{"background-color":"var(--ast-global-color-4)","background-image":"","background-repeat":"repeat","background-position":"center center","background-size":"auto","background-attachment":"scroll","background-type":"","background-media":"","overlay-type":"","overlay-color":"","overlay-opacity":"","overlay-gradient":""},"tablet":{"background-color":"","background-image":"","background-repeat":"repeat","background-position":"center center","background-size":"auto","background-attachment":"scroll","background-type":"","background-media":"","overlay-type":"","overlay-color":"","overlay-opacity":"","overlay-gradient":""},"mobile":{"background-color":"","background-image":"","background-repeat":"repeat","background-position":"center center","background-size":"auto","background-attachment":"scroll","background-type":"","background-media":"","overlay-type":"","overlay-color":"","overlay-opacity":"","overlay-gradient":""}},"ast-content-background-meta":{"desktop":{"background-color":"var(--ast-global-color-5)","background-image":"","background-repeat":"repeat","background-position":"center center","background-size":"auto","background-attachment":"scroll","background-type":"","background-media":"","overlay-type":"","overlay-color":"","overlay-opacity":"","overlay-gradient":""},"tablet":{"background-color":"var(--ast-global-color-5)","background-image":"","background-repeat":"repeat","background-position":"center center","background-size":"auto","background-attachment":"scroll","background-type":"","background-media":"","overlay-type":"","overlay-color":"","overlay-opacity":"","overlay-gradient":""},"mobile":{"background-color":"var(--ast-global-color-5)","background-image":"","background-repeat":"repeat","background-position":"center center","background-size":"auto","background-attachment":"scroll","background-type":"","background-media":"","overlay-type":"","overlay-color":"","overlay-opacity":"","overlay-gradient":""}}},"product_cat":[208],"product_tag":[],"class_list":{"0":"post-16437","1":"product","2":"type-product","3":"status-publish","4":"has-post-thumbnail","6":"product_cat-son-cong-nghiep","7":"desktop-align-left","8":"tablet-align-left","9":"mobile-align-left","11":"first","12":"instock","13":"shipping-taxable","14":"product-type-simple"},"_links":{"self":[{"href":"https:\/\/vinatd.com\/index.php?rest_route=\/wp\/v2\/product\/16437","targetHints":{"allow":["GET"]}}],"collection":[{"href":"https:\/\/vinatd.com\/index.php?rest_route=\/wp\/v2\/product"}],"about":[{"href":"https:\/\/vinatd.com\/index.php?rest_route=\/wp\/v2\/types\/product"}],"wp:featuredmedia":[{"embeddable":true,"href":"https:\/\/vinatd.com\/index.php?rest_route=\/wp\/v2\/media\/16439"}],"wp:attachment":[{"href":"https:\/\/vinatd.com\/index.php?rest_route=%2Fwp%2Fv2%2Fmedia&parent=16437"}],"wp:term":[{"taxonomy":"product_cat","embeddable":true,"href":"https:\/\/vinatd.com\/index.php?rest_route=%2Fwp%2Fv2%2Fproduct_cat&post=16437"},{"taxonomy":"product_tag","embeddable":true,"href":"https:\/\/vinatd.com\/index.php?rest_route=%2Fwp%2Fv2%2Fproduct_tag&post=16437"}],"curies":[{"name":"wp","href":"https:\/\/api.w.org\/{rel}","templated":true}]}}