{"id":16436,"date":"2023-02-21T06:18:27","date_gmt":"2023-02-21T06:18:27","guid":{"rendered":"http:\/\/vntd.com\/?post_type=product&#038;p=16436"},"modified":"2023-10-24T11:45:15","modified_gmt":"2023-10-24T04:45:15","slug":"son-san-et5660","status":"publish","type":"product","link":"https:\/\/vinatd.com\/?product=son-san-et5660","title":{"rendered":"S\u01a1n s\u00e0n &#8211; ET5660"},"content":{"rendered":"<p><strong>M\u00f4 t\u1ea3: <\/strong>S\u01a1n ET5660 (s\u01a1n h\u1ec7 l\u0103n 3 l\u1edbp) l\u00e0 m\u1ed9t lo\u1ea1i s\u01a1n g\u1ed1c nh\u1ef1a Epoxy hai th\u00e0nh ph\u1ea7n v\u1edbi \u0111\u1ed9 b\u00f3ng cao. Khi s\u1ea3n ph\u1ea9m \u0111\u01b0\u1ee3c ho\u00e0n thi\u1ec7n n\u00f3 t\u1ea1o th\u00e0nh m\u00e0ng c\u1ee9ng v\u1edbi kh\u1ea3 n\u0103ng b\u00e1m d\u00ednh v\u00e0 kh\u00e1ng n\u01b0\u1edbc tuy\u1ec7t v\u1eddi, kh\u00e1ng ki\u1ec1m, m\u00e0i m\u00f2n v\u00e0 ch\u1ecbu va \u0111\u1eadp.<\/p>\n<p><strong>\u1ee8ng d\u1ee5ng: <\/strong>L\u00e0 l\u1edbp s\u01a1n ho\u00e0n thi\u1ec7n \u0111\u1ec3 s\u1eed d\u1ee5ng tr\u00ean b\u1ec1 m\u1eb7t v\u1eefa, b\u00ea t\u00f4ng ho\u1eb7c xi m\u0103ng, ch\u1ea5t n\u1ec1n, n\u01a1i c\u1ea7n c\u00f3 t\u00ednh ch\u1ed1ng b\u00e1m b\u1ee5i cao nh\u01b0 nh\u00e0 m\u00e1y d\u01b0\u1ee3c ph\u1ea9m, nh\u00e0 m\u00e1y \u0111i\u1ec7n t\u1eed v\u00e0 b\u1ec7nh vi\u1ec7n, v.v&#8230;<\/p>\n","protected":false},"excerpt":{"rendered":"<p>M\u00f4 t\u1ea3: S\u01a1n ET5660 (s\u01a1n h\u1ec7 l\u0103n 3 l\u1edbp) l\u00e0 m\u1ed9t lo\u1ea1i s\u01a1n g\u1ed1c nh\u1ef1a Epoxy hai th\u00e0nh ph\u1ea7n v\u1edbi \u0111\u1ed9 b\u00f3ng cao. Khi s\u1ea3n ph\u1ea9m \u0111\u01b0\u1ee3c ho\u00e0n thi\u1ec7n n\u00f3 t\u1ea1o th\u00e0nh m\u00e0ng c\u1ee9ng v\u1edbi kh\u1ea3 n\u0103ng b\u00e1m d\u00ednh v\u00e0 kh\u00e1ng n\u01b0\u1edbc tuy\u1ec7t v\u1eddi, kh\u00e1ng ki\u1ec1m, m\u00e0i m\u00f2n v\u00e0 ch\u1ecbu va \u0111\u1eadp. \u1ee8ng d\u1ee5ng: L\u00e0 [&hellip;]<\/p>\n","protected":false},"featured_media":16432,"template":"","meta":{"site-sidebar-layout":"default","site-content-layout":"default","ast-site-content-layout":"","site-content-style":"default","site-sidebar-style":"default","ast-global-header-display":"","ast-banner-title-visibility":"","ast-main-header-display":"","ast-hfb-above-header-display":"","ast-hfb-below-header-display":"","ast-hfb-mobile-header-display":"","site-post-title":"","ast-breadcrumbs-content":"","ast-featured-img":"","footer-sml-layout":"","theme-transparent-header-meta":"default","adv-header-id-meta":"","stick-header-meta":"","header-above-stick-meta":"","header-main-stick-meta":"","header-below-stick-meta":"","astra-migrate-meta-layouts":"default","ast-page-background-enabled":"default","ast-page-background-meta":{"desktop":{"background-color":"var(--ast-global-color-4)","background-image":"","background-repeat":"repeat","background-position":"center center","background-size":"auto","background-attachment":"scroll","background-type":"","background-media":"","overlay-type":"","overlay-color":"","overlay-opacity":"","overlay-gradient":""},"tablet":{"background-color":"","background-image":"","background-repeat":"repeat","background-position":"center center","background-size":"auto","background-attachment":"scroll","background-type":"","background-media":"","overlay-type":"","overlay-color":"","overlay-opacity":"","overlay-gradient":""},"mobile":{"background-color":"","background-image":"","background-repeat":"repeat","background-position":"center center","background-size":"auto","background-attachment":"scroll","background-type":"","background-media":"","overlay-type":"","overlay-color":"","overlay-opacity":"","overlay-gradient":""}},"ast-content-background-meta":{"desktop":{"background-color":"var(--ast-global-color-5)","background-image":"","background-repeat":"repeat","background-position":"center center","background-size":"auto","background-attachment":"scroll","background-type":"","background-media":"","overlay-type":"","overlay-color":"","overlay-opacity":"","overlay-gradient":""},"tablet":{"background-color":"var(--ast-global-color-5)","background-image":"","background-repeat":"repeat","background-position":"center center","background-size":"auto","background-attachment":"scroll","background-type":"","background-media":"","overlay-type":"","overlay-color":"","overlay-opacity":"","overlay-gradient":""},"mobile":{"background-color":"var(--ast-global-color-5)","background-image":"","background-repeat":"repeat","background-position":"center center","background-size":"auto","background-attachment":"scroll","background-type":"","background-media":"","overlay-type":"","overlay-color":"","overlay-opacity":"","overlay-gradient":""}}},"product_cat":[208],"product_tag":[],"class_list":{"0":"post-16436","1":"product","2":"type-product","3":"status-publish","4":"has-post-thumbnail","6":"product_cat-son-cong-nghiep","7":"desktop-align-left","8":"tablet-align-left","9":"mobile-align-left","11":"first","12":"instock","13":"shipping-taxable","14":"product-type-simple"},"_links":{"self":[{"href":"https:\/\/vinatd.com\/index.php?rest_route=\/wp\/v2\/product\/16436","targetHints":{"allow":["GET"]}}],"collection":[{"href":"https:\/\/vinatd.com\/index.php?rest_route=\/wp\/v2\/product"}],"about":[{"href":"https:\/\/vinatd.com\/index.php?rest_route=\/wp\/v2\/types\/product"}],"wp:featuredmedia":[{"embeddable":true,"href":"https:\/\/vinatd.com\/index.php?rest_route=\/wp\/v2\/media\/16432"}],"wp:attachment":[{"href":"https:\/\/vinatd.com\/index.php?rest_route=%2Fwp%2Fv2%2Fmedia&parent=16436"}],"wp:term":[{"taxonomy":"product_cat","embeddable":true,"href":"https:\/\/vinatd.com\/index.php?rest_route=%2Fwp%2Fv2%2Fproduct_cat&post=16436"},{"taxonomy":"product_tag","embeddable":true,"href":"https:\/\/vinatd.com\/index.php?rest_route=%2Fwp%2Fv2%2Fproduct_tag&post=16436"}],"curies":[{"name":"wp","href":"https:\/\/api.w.org\/{rel}","templated":true}]}}