{"id":16430,"date":"2023-02-21T06:15:22","date_gmt":"2023-02-21T06:15:22","guid":{"rendered":"http:\/\/vntd.com\/?post_type=product&#038;p=16430"},"modified":"2023-10-18T11:10:24","modified_gmt":"2023-10-18T04:10:24","slug":"chong-tham-khong-lo-thien-sporthane-non-exposure-wtr","status":"publish","type":"product","link":"https:\/\/vinatd.com\/?product=chong-tham-khong-lo-thien-sporthane-non-exposure-wtr","title":{"rendered":"Ch\u00f4\u0301ng th\u00e2\u0301m kh\u00f4ng l\u00f4\u0323 thi\u00ean &#8211; Sporthane Non-exposure WTR"},"content":{"rendered":"<p><strong>M\u00f4 t\u1ea3:<\/strong> S\u01a1n ch\u1ed1ng th\u1ea5m KCC Sporthane Non-Exposure WTR l\u00e0 lo\u1ea1i s\u01a1n Epoxy ch\u1ed1ng th\u1ea5m c\u00f3 g\u1ed1c Polyurethane kh\u00f4ng l\u1ed9 thi\u00ean. V\u1edbi \u0111\u1eb7c \u0111i\u1ec3m n\u1ed5i b\u1eadt v\u1ec1 kh\u1ea3 n\u0103ng kh\u00e1ng n\u01b0\u1edbc tuy\u1ec7t \u0111\u1ed1i, n\u00ean s\u01a1n \u0111\u01b0\u1ee3c s\u1eed d\u1ee5ng ch\u1ed1ng th\u1ea5m cho t\u1ea7ng h\u1ea7m, ph\u1ea7n m\u00e1i b\u00ean trong nh\u00e0, t\u01b0\u1eddng trong nh\u00e0 hay s\u00e0n nh\u00e0 v\u1ec7 sinh\u2026<\/p>\n<p><strong>\u1ee8ng d\u1ee5ng: <\/strong>Sporthane Non-Exposure WTR \u0111\u01b0\u1ee3c s\u1eed d\u1ee5ng l\u00e0m l\u1edbp s\u01a1n trong h\u1ec7 s\u01a1n ho\u00e0n thi\u1ec7n, th\u00edch h\u1ee3p s\u1eed d\u1ee5ng ch\u1ea5t ch\u1ed1ng th\u1ea5m kh\u00f4ng l\u1ed9 thi\u00ean KCC cho s\u00e0n b\u00ea t\u00f4ng, s\u00e0n v\u1ec7 sinh ph\u00f2ng t\u1eafm, c\u00e1c b\u1ec3 ch\u1ee9a n\u01b0\u1edbc, b\u1ec3 ch\u1ee9a dung d\u1ecbch, ch\u1ed1ng th\u1ea5m m\u00e1i b\u00ean trong nh\u00e0, v\u00e0 nh\u1eefng n\u01a1i c\u00f3 \u0111\u1ed9 \u1ea9m cao kh\u00e9p k\u00edn nh\u01b0 s\u00e0n b\u1ec3 b\u01a1i trong nh\u00e0, c\u00e1c b\u1ec1 m\u1eb7t s\u00e0n t\u1ea7ng h\u1ea7m. Ngo\u00e0i ra, c\u00f3 th\u1ec3 s\u1eed d\u1ee5ng \u0111\u1ec3 ch\u1ed1ng th\u1ea5m cho t\u1ea7ng h\u1ea7m garage \u0111\u1ec3 xe, c\u1ed1ng r\u00e3nh tho\u00e1t n\u01b0\u1edbc.<\/p>\n","protected":false},"excerpt":{"rendered":"<p>M\u00f4 t\u1ea3: S\u01a1n ch\u1ed1ng th\u1ea5m KCC Sporthane Non-Exposure WTR l\u00e0 lo\u1ea1i s\u01a1n Epoxy ch\u1ed1ng th\u1ea5m c\u00f3 g\u1ed1c Polyurethane kh\u00f4ng l\u1ed9 thi\u00ean. V\u1edbi \u0111\u1eb7c \u0111i\u1ec3m n\u1ed5i b\u1eadt v\u1ec1 kh\u1ea3 n\u0103ng kh\u00e1ng n\u01b0\u1edbc tuy\u1ec7t \u0111\u1ed1i, n\u00ean s\u01a1n \u0111\u01b0\u1ee3c s\u1eed d\u1ee5ng ch\u1ed1ng th\u1ea5m cho t\u1ea7ng h\u1ea7m, ph\u1ea7n m\u00e1i b\u00ean trong nh\u00e0, t\u01b0\u1eddng trong nh\u00e0 hay s\u00e0n nh\u00e0 v\u1ec7 [&hellip;]<\/p>\n","protected":false},"featured_media":16425,"template":"","meta":{"site-sidebar-layout":"default","site-content-layout":"default","ast-site-content-layout":"","site-content-style":"default","site-sidebar-style":"default","ast-global-header-display":"","ast-banner-title-visibility":"","ast-main-header-display":"","ast-hfb-above-header-display":"","ast-hfb-below-header-display":"","ast-hfb-mobile-header-display":"","site-post-title":"","ast-breadcrumbs-content":"","ast-featured-img":"","footer-sml-layout":"","theme-transparent-header-meta":"default","adv-header-id-meta":"","stick-header-meta":"","header-above-stick-meta":"","header-main-stick-meta":"","header-below-stick-meta":"","astra-migrate-meta-layouts":"default","ast-page-background-enabled":"default","ast-page-background-meta":{"desktop":{"background-color":"var(--ast-global-color-4)","background-image":"","background-repeat":"repeat","background-position":"center center","background-size":"auto","background-attachment":"scroll","background-type":"","background-media":"","overlay-type":"","overlay-color":"","overlay-opacity":"","overlay-gradient":""},"tablet":{"background-color":"","background-image":"","background-repeat":"repeat","background-position":"center center","background-size":"auto","background-attachment":"scroll","background-type":"","background-media":"","overlay-type":"","overlay-color":"","overlay-opacity":"","overlay-gradient":""},"mobile":{"background-color":"","background-image":"","background-repeat":"repeat","background-position":"center center","background-size":"auto","background-attachment":"scroll","background-type":"","background-media":"","overlay-type":"","overlay-color":"","overlay-opacity":"","overlay-gradient":""}},"ast-content-background-meta":{"desktop":{"background-color":"var(--ast-global-color-5)","background-image":"","background-repeat":"repeat","background-position":"center center","background-size":"auto","background-attachment":"scroll","background-type":"","background-media":"","overlay-type":"","overlay-color":"","overlay-opacity":"","overlay-gradient":""},"tablet":{"background-color":"var(--ast-global-color-5)","background-image":"","background-repeat":"repeat","background-position":"center center","background-size":"auto","background-attachment":"scroll","background-type":"","background-media":"","overlay-type":"","overlay-color":"","overlay-opacity":"","overlay-gradient":""},"mobile":{"background-color":"var(--ast-global-color-5)","background-image":"","background-repeat":"repeat","background-position":"center center","background-size":"auto","background-attachment":"scroll","background-type":"","background-media":"","overlay-type":"","overlay-color":"","overlay-opacity":"","overlay-gradient":""}}},"product_cat":[208],"product_tag":[],"class_list":{"0":"post-16430","1":"product","2":"type-product","3":"status-publish","4":"has-post-thumbnail","6":"product_cat-son-cong-nghiep","7":"desktop-align-left","8":"tablet-align-left","9":"mobile-align-left","11":"first","12":"instock","13":"shipping-taxable","14":"product-type-simple"},"_links":{"self":[{"href":"https:\/\/vinatd.com\/index.php?rest_route=\/wp\/v2\/product\/16430","targetHints":{"allow":["GET"]}}],"collection":[{"href":"https:\/\/vinatd.com\/index.php?rest_route=\/wp\/v2\/product"}],"about":[{"href":"https:\/\/vinatd.com\/index.php?rest_route=\/wp\/v2\/types\/product"}],"wp:featuredmedia":[{"embeddable":true,"href":"https:\/\/vinatd.com\/index.php?rest_route=\/wp\/v2\/media\/16425"}],"wp:attachment":[{"href":"https:\/\/vinatd.com\/index.php?rest_route=%2Fwp%2Fv2%2Fmedia&parent=16430"}],"wp:term":[{"taxonomy":"product_cat","embeddable":true,"href":"https:\/\/vinatd.com\/index.php?rest_route=%2Fwp%2Fv2%2Fproduct_cat&post=16430"},{"taxonomy":"product_tag","embeddable":true,"href":"https:\/\/vinatd.com\/index.php?rest_route=%2Fwp%2Fv2%2Fproduct_tag&post=16430"}],"curies":[{"name":"wp","href":"https:\/\/api.w.org\/{rel}","templated":true}]}}