{"id":16429,"date":"2023-02-21T06:14:49","date_gmt":"2023-02-21T06:14:49","guid":{"rendered":"http:\/\/vntd.com\/?post_type=product&#038;p=16429"},"modified":"2023-09-22T09:08:25","modified_gmt":"2023-09-22T09:08:25","slug":"chong-tham-lo-thien-sporthane-wtr-exposure","status":"publish","type":"product","link":"https:\/\/vinatd.com\/?product=chong-tham-lo-thien-sporthane-wtr-exposure","title":{"rendered":"Ch\u1ed1ng th\u1ea5m l\u1ed9 thi\u00ean &#8211; Sporthane WTR Exposure"},"content":{"rendered":"<p><strong>M\u00f4 t\u1ea3:<\/strong> S\u01a1n ch\u1ed1ng th\u1ea5m KCC Sporthane Exposure WTR l\u00e0 lo\u1ea1i s\u01a1n ch\u1ed1ng th\u1ea5m l\u00f4 thi\u00ean 2 th\u00e0nh ph\u1ea7n Polyurethane g\u1ed1c nh\u1ef1a ch\u1ed1ng th\u1ea5m v\u1edbi kh\u1ea3 n\u0103ng kh\u00e1ng th\u1eddi ti\u1ebft r\u1ea5t t\u1ed1t n\u00ean th\u01b0\u1eddng \u0111\u01b0\u1ee3c s\u1eed d\u1ee5ng l\u00e0m l\u1edbp ch\u1ed1ng th\u1ea5m cho khu v\u1ef1c ngo\u00e0i tr\u1eddi c\u1ee7a m\u00e1i nh\u00e0 v\u00e0 c\u00e1c m\u00e1i nh\u00e0 v\u00e0 c\u00e1c th\u00e0nh ph\u1ea7n kh\u00e1c c\u1ee7a t\u00f2a nh\u00e0.<\/p>\n<p><strong>\u1ee8ng d\u1ee5ng:<\/strong> Sporthane Exposure \u0111\u01b0\u1ee3c s\u1eed d\u1ee5ng \u1edf n\u01a1i y\u00eau c\u1ea7u kh\u1ea3 n\u0103ng ch\u1ecbu va \u0111\u1eadp, kh\u00e1ng h\u00f3a ch\u1ea5t cao trong khu v\u1ef1c ch\u1ee9a h\u00e0ng ch\u1ecbu t\u1ea3i, do \u0111\u00f3 c\u00f3 th\u1ec3 s\u1eed d\u1ee5ng t\u1ed1t cho s\u00e0n ph\u00f2ng th\u00ed nghi\u1ec7m, nh\u00e0 m\u00e1y \u0111i\u1ec7n h\u1ea1t nh\u00e2n, b\u1ec7nh vi\u1ec7n, \u0111i\u1ec7n t\u1eed, nh\u00e0 m\u00e1y h\u00f3a ch\u1ea5t, d\u01b0\u1ee3c ph\u1ea9m,&#8230;.<\/p>\n","protected":false},"excerpt":{"rendered":"<p>M\u00f4 t\u1ea3: S\u01a1n ch\u1ed1ng th\u1ea5m KCC Sporthane Exposure WTR l\u00e0 lo\u1ea1i s\u01a1n ch\u1ed1ng th\u1ea5m l\u00f4 thi\u00ean 2 th\u00e0nh ph\u1ea7n Polyurethane g\u1ed1c nh\u1ef1a ch\u1ed1ng th\u1ea5m v\u1edbi kh\u1ea3 n\u0103ng kh\u00e1ng th\u1eddi ti\u1ebft r\u1ea5t t\u1ed1t n\u00ean th\u01b0\u1eddng \u0111\u01b0\u1ee3c s\u1eed d\u1ee5ng l\u00e0m l\u1edbp ch\u1ed1ng th\u1ea5m cho khu v\u1ef1c ngo\u00e0i tr\u1eddi c\u1ee7a m\u00e1i nh\u00e0 v\u00e0 c\u00e1c m\u00e1i nh\u00e0 v\u00e0 c\u00e1c [&hellip;]<\/p>\n","protected":false},"featured_media":16426,"template":"","meta":{"site-sidebar-layout":"default","site-content-layout":"default","ast-site-content-layout":"","site-content-style":"default","site-sidebar-style":"default","ast-global-header-display":"","ast-banner-title-visibility":"","ast-main-header-display":"","ast-hfb-above-header-display":"","ast-hfb-below-header-display":"","ast-hfb-mobile-header-display":"","site-post-title":"","ast-breadcrumbs-content":"","ast-featured-img":"","footer-sml-layout":"","theme-transparent-header-meta":"default","adv-header-id-meta":"","stick-header-meta":"","header-above-stick-meta":"","header-main-stick-meta":"","header-below-stick-meta":"","astra-migrate-meta-layouts":"default","ast-page-background-enabled":"default","ast-page-background-meta":{"desktop":{"background-color":"var(--ast-global-color-4)","background-image":"","background-repeat":"repeat","background-position":"center center","background-size":"auto","background-attachment":"scroll","background-type":"","background-media":"","overlay-type":"","overlay-color":"","overlay-opacity":"","overlay-gradient":""},"tablet":{"background-color":"","background-image":"","background-repeat":"repeat","background-position":"center center","background-size":"auto","background-attachment":"scroll","background-type":"","background-media":"","overlay-type":"","overlay-color":"","overlay-opacity":"","overlay-gradient":""},"mobile":{"background-color":"","background-image":"","background-repeat":"repeat","background-position":"center center","background-size":"auto","background-attachment":"scroll","background-type":"","background-media":"","overlay-type":"","overlay-color":"","overlay-opacity":"","overlay-gradient":""}},"ast-content-background-meta":{"desktop":{"background-color":"var(--ast-global-color-5)","background-image":"","background-repeat":"repeat","background-position":"center center","background-size":"auto","background-attachment":"scroll","background-type":"","background-media":"","overlay-type":"","overlay-color":"","overlay-opacity":"","overlay-gradient":""},"tablet":{"background-color":"var(--ast-global-color-5)","background-image":"","background-repeat":"repeat","background-position":"center center","background-size":"auto","background-attachment":"scroll","background-type":"","background-media":"","overlay-type":"","overlay-color":"","overlay-opacity":"","overlay-gradient":""},"mobile":{"background-color":"var(--ast-global-color-5)","background-image":"","background-repeat":"repeat","background-position":"center center","background-size":"auto","background-attachment":"scroll","background-type":"","background-media":"","overlay-type":"","overlay-color":"","overlay-opacity":"","overlay-gradient":""}}},"product_cat":[208],"product_tag":[],"class_list":{"0":"post-16429","1":"product","2":"type-product","3":"status-publish","4":"has-post-thumbnail","6":"product_cat-son-cong-nghiep","7":"desktop-align-left","8":"tablet-align-left","9":"mobile-align-left","11":"first","12":"instock","13":"shipping-taxable","14":"product-type-simple"},"_links":{"self":[{"href":"https:\/\/vinatd.com\/index.php?rest_route=\/wp\/v2\/product\/16429","targetHints":{"allow":["GET"]}}],"collection":[{"href":"https:\/\/vinatd.com\/index.php?rest_route=\/wp\/v2\/product"}],"about":[{"href":"https:\/\/vinatd.com\/index.php?rest_route=\/wp\/v2\/types\/product"}],"wp:featuredmedia":[{"embeddable":true,"href":"https:\/\/vinatd.com\/index.php?rest_route=\/wp\/v2\/media\/16426"}],"wp:attachment":[{"href":"https:\/\/vinatd.com\/index.php?rest_route=%2Fwp%2Fv2%2Fmedia&parent=16429"}],"wp:term":[{"taxonomy":"product_cat","embeddable":true,"href":"https:\/\/vinatd.com\/index.php?rest_route=%2Fwp%2Fv2%2Fproduct_cat&post=16429"},{"taxonomy":"product_tag","embeddable":true,"href":"https:\/\/vinatd.com\/index.php?rest_route=%2Fwp%2Fv2%2Fproduct_tag&post=16429"}],"curies":[{"name":"wp","href":"https:\/\/api.w.org\/{rel}","templated":true}]}}