{"id":16424,"date":"2023-02-21T06:14:09","date_gmt":"2023-02-21T06:14:09","guid":{"rendered":"http:\/\/vntd.com\/?post_type=product&#038;p=16424"},"modified":"2023-10-24T11:47:53","modified_gmt":"2023-10-24T04:47:53","slug":"son-lot-chong-tham-sporthane-primer","status":"publish","type":"product","link":"https:\/\/vinatd.com\/?product=son-lot-chong-tham-sporthane-primer","title":{"rendered":"S\u01a1n lo\u0301t ch\u1ed1ng th\u1ea5m &#8211; Sporthane Primer"},"content":{"rendered":"<p><strong>M\u00f4 t\u1ea3:<\/strong> S\u01a1n l\u00f3t ch\u1ed1ng th\u1ea5m KCC Sporthane Primer l\u00e0 m\u1ed9t ch\u1ea5t nhanh kh\u00f4, l\u00e0 s\u01a1n l\u00f3t b\u1ea3o d\u01b0\u1ee1ng g\u1ed1c nh\u1ef1a Polyurethane v\u1edbi kh\u1ea3 n\u0103ng ch\u1ed1ng th\u1ea5m n\u01b0\u1edbc \u01b0u vi\u1ec7t, gi\u00fap t\u0103ng c\u01b0\u1eddng \u0111\u1ed9 c\u1ee9ng c\u1ee7a b\u1ec1 m\u1eb7t v\u00e0 th\u00fac \u0111\u1ea9y k\u1ebft d\u00ednh gi\u1eefa m\u1eb7t n\u1ec1n v\u00e0 l\u1edbp ph\u1ee7 k\u1ebf ti\u1ebfp.<\/p>\n<p><strong>\u1ee8ng d\u1ee5ng: <\/strong>S\u01a1n l\u00f3t ch\u1ed1ng th\u1ea5m Sporthane Primer s\u1edf h\u1eefu nhi\u1ec1u \u0111\u1eb7c t\u00ednh n\u1ed5i tr\u1ed9i, v\u00ec v\u1eady \u0111\u01b0\u1ee3c s\u1eed d\u1ee5ng ph\u1ed5 bi\u1ebfn cho nhi\u1ec1u h\u1ea1ng m\u1ee5c nh\u01b0 s\u1eed d\u1ee5ng l\u00e0m l\u1edbp l\u00f3t cho s\u01a1n ph\u1ee7 ch\u1ed1ng th\u1ea5m t\u1ea1i nhi\u1ec1u c\u00f4ng tr\u00ecnh, gi\u00fap l\u1edbp s\u01a1n ph\u1ee7 c\u00f3 \u0111\u1ed9 k\u1ebft d\u00ednh cao v\u00e0 b\u00e1m ch\u1eb7t v\u00e0o b\u1ec1 m\u1eb7t thi c\u00f4ng kh\u00f4ng g\u00e2y ra t\u00ecnh tr\u1ea1ng bong tr\u00f3c, s\u1eeda ch\u1eefa c\u00e1c m\u1eb7t b\u1eb1ng xu\u1ea5t hi\u1ec7n d\u1ea5u hi\u1ec7u r\u1ea1n n\u1ee9t, kh\u1eafc ph\u1ee5c t\u00ecnh tr\u1ea1ng \u1ea9m, m\u1ed1c g\u00e2y m\u1ea5t th\u1ea9m m\u1ef9 c\u00f4ng tr\u00ecnh.<\/p>\n","protected":false},"excerpt":{"rendered":"<p>M\u00f4 t\u1ea3: S\u01a1n l\u00f3t ch\u1ed1ng th\u1ea5m KCC Sporthane Primer l\u00e0 m\u1ed9t ch\u1ea5t nhanh kh\u00f4, l\u00e0 s\u01a1n l\u00f3t b\u1ea3o d\u01b0\u1ee1ng g\u1ed1c nh\u1ef1a Polyurethane v\u1edbi kh\u1ea3 n\u0103ng ch\u1ed1ng th\u1ea5m n\u01b0\u1edbc \u01b0u vi\u1ec7t, gi\u00fap t\u0103ng c\u01b0\u1eddng \u0111\u1ed9 c\u1ee9ng c\u1ee7a b\u1ec1 m\u1eb7t v\u00e0 th\u00fac \u0111\u1ea9y k\u1ebft d\u00ednh gi\u1eefa m\u1eb7t n\u1ec1n v\u00e0 l\u1edbp ph\u1ee7 k\u1ebf ti\u1ebfp. \u1ee8ng d\u1ee5ng: S\u01a1n l\u00f3t [&hellip;]<\/p>\n","protected":false},"featured_media":16427,"template":"","meta":{"site-sidebar-layout":"default","site-content-layout":"default","ast-site-content-layout":"","site-content-style":"default","site-sidebar-style":"default","ast-global-header-display":"","ast-banner-title-visibility":"","ast-main-header-display":"","ast-hfb-above-header-display":"","ast-hfb-below-header-display":"","ast-hfb-mobile-header-display":"","site-post-title":"","ast-breadcrumbs-content":"","ast-featured-img":"","footer-sml-layout":"","theme-transparent-header-meta":"default","adv-header-id-meta":"","stick-header-meta":"","header-above-stick-meta":"","header-main-stick-meta":"","header-below-stick-meta":"","astra-migrate-meta-layouts":"default","ast-page-background-enabled":"default","ast-page-background-meta":{"desktop":{"background-color":"var(--ast-global-color-4)","background-image":"","background-repeat":"repeat","background-position":"center center","background-size":"auto","background-attachment":"scroll","background-type":"","background-media":"","overlay-type":"","overlay-color":"","overlay-opacity":"","overlay-gradient":""},"tablet":{"background-color":"","background-image":"","background-repeat":"repeat","background-position":"center center","background-size":"auto","background-attachment":"scroll","background-type":"","background-media":"","overlay-type":"","overlay-color":"","overlay-opacity":"","overlay-gradient":""},"mobile":{"background-color":"","background-image":"","background-repeat":"repeat","background-position":"center center","background-size":"auto","background-attachment":"scroll","background-type":"","background-media":"","overlay-type":"","overlay-color":"","overlay-opacity":"","overlay-gradient":""}},"ast-content-background-meta":{"desktop":{"background-color":"var(--ast-global-color-5)","background-image":"","background-repeat":"repeat","background-position":"center center","background-size":"auto","background-attachment":"scroll","background-type":"","background-media":"","overlay-type":"","overlay-color":"","overlay-opacity":"","overlay-gradient":""},"tablet":{"background-color":"var(--ast-global-color-5)","background-image":"","background-repeat":"repeat","background-position":"center center","background-size":"auto","background-attachment":"scroll","background-type":"","background-media":"","overlay-type":"","overlay-color":"","overlay-opacity":"","overlay-gradient":""},"mobile":{"background-color":"var(--ast-global-color-5)","background-image":"","background-repeat":"repeat","background-position":"center center","background-size":"auto","background-attachment":"scroll","background-type":"","background-media":"","overlay-type":"","overlay-color":"","overlay-opacity":"","overlay-gradient":""}}},"product_cat":[208],"product_tag":[],"class_list":{"0":"post-16424","1":"product","2":"type-product","3":"status-publish","4":"has-post-thumbnail","6":"product_cat-son-cong-nghiep","7":"desktop-align-left","8":"tablet-align-left","9":"mobile-align-left","11":"first","12":"instock","13":"shipping-taxable","14":"product-type-simple"},"_links":{"self":[{"href":"https:\/\/vinatd.com\/index.php?rest_route=\/wp\/v2\/product\/16424","targetHints":{"allow":["GET"]}}],"collection":[{"href":"https:\/\/vinatd.com\/index.php?rest_route=\/wp\/v2\/product"}],"about":[{"href":"https:\/\/vinatd.com\/index.php?rest_route=\/wp\/v2\/types\/product"}],"wp:featuredmedia":[{"embeddable":true,"href":"https:\/\/vinatd.com\/index.php?rest_route=\/wp\/v2\/media\/16427"}],"wp:attachment":[{"href":"https:\/\/vinatd.com\/index.php?rest_route=%2Fwp%2Fv2%2Fmedia&parent=16424"}],"wp:term":[{"taxonomy":"product_cat","embeddable":true,"href":"https:\/\/vinatd.com\/index.php?rest_route=%2Fwp%2Fv2%2Fproduct_cat&post=16424"},{"taxonomy":"product_tag","embeddable":true,"href":"https:\/\/vinatd.com\/index.php?rest_route=%2Fwp%2Fv2%2Fproduct_tag&post=16424"}],"curies":[{"name":"wp","href":"https:\/\/api.w.org\/{rel}","templated":true}]}}