{"id":16413,"date":"2023-02-21T04:08:07","date_gmt":"2023-02-21T04:08:07","guid":{"rendered":"http:\/\/vntd.com\/?post_type=product&#038;p=16413"},"modified":"2023-09-22T07:54:13","modified_gmt":"2023-09-22T07:54:13","slug":"dung-moi-pha-son-goc-epoxy-thinner-024","status":"publish","type":"product","link":"https:\/\/vinatd.com\/?product=dung-moi-pha-son-goc-epoxy-thinner-024","title":{"rendered":"Dung m\u00f4i pha s\u01a1n g\u1ed1c Epoxy &#8211; Thinner 024"},"content":{"rendered":"<p><strong>M\u00f4 t\u1ea3:<\/strong>\u00a0Dung m\u00f4i pha s\u01a1n Thinner 024\u00a0l\u00e0\u00a0m\u1ed9t h\u00f3a ch\u1ea5t l\u1ecfng d\u1ea1ng dung d\u1ecbch, kh\u00f4ng m\u00e0u, c\u00f3 m\u00f9i \u0111\u1eb7c tr\u01b0ng, kh\u00f4ng tan trong n\u01b0\u1edbc.<\/p>\n<p><strong>\u1ee8ng d\u1ee5ng:\u00a0<\/strong>Dung m\u00f4i d\u00f9ng \u0111\u1ec3 pha s\u01a1n Epoxy trong qu\u00e1 tr\u00ecnh thi c\u00f4ng \u0111\u01b0\u1ee3c d\u1ec5 d\u00e0ng h\u01a1n. Ngo\u00e0i ra dung m\u00f4i pha s\u01a1n Thinner 024 c\u00f2n c\u00f3 t\u00e1c d\u1ee5ng lau s\u00e0n b\u00ea t\u00f4ng khi s\u00e0n b\u00ea t\u00f4ng b\u1ecb th\u1ea5m d\u1ea7u, v\u1ec7 sinh c\u00e1c d\u1ee5ng c\u1ee5 thi c\u00f4ng s\u01a1n Epoxy nh\u01b0 m\u00e1y phun s\u01a1n, c\u00e0o s\u01a1n&#8230;.<\/p>\n","protected":false},"excerpt":{"rendered":"<p>M\u00f4 t\u1ea3:\u00a0Dung m\u00f4i pha s\u01a1n Thinner 024\u00a0l\u00e0\u00a0m\u1ed9t h\u00f3a ch\u1ea5t l\u1ecfng d\u1ea1ng dung d\u1ecbch, kh\u00f4ng m\u00e0u, c\u00f3 m\u00f9i \u0111\u1eb7c tr\u01b0ng, kh\u00f4ng tan trong n\u01b0\u1edbc. \u1ee8ng d\u1ee5ng:\u00a0Dung m\u00f4i d\u00f9ng \u0111\u1ec3 pha s\u01a1n Epoxy trong qu\u00e1 tr\u00ecnh thi c\u00f4ng \u0111\u01b0\u1ee3c d\u1ec5 d\u00e0ng h\u01a1n. Ngo\u00e0i ra dung m\u00f4i pha s\u01a1n Thinner 024 c\u00f2n c\u00f3 t\u00e1c d\u1ee5ng lau s\u00e0n b\u00ea [&hellip;]<\/p>\n","protected":false},"featured_media":16884,"template":"","meta":{"site-sidebar-layout":"default","site-content-layout":"default","ast-site-content-layout":"","site-content-style":"default","site-sidebar-style":"default","ast-global-header-display":"","ast-banner-title-visibility":"","ast-main-header-display":"","ast-hfb-above-header-display":"","ast-hfb-below-header-display":"","ast-hfb-mobile-header-display":"","site-post-title":"","ast-breadcrumbs-content":"","ast-featured-img":"","footer-sml-layout":"","theme-transparent-header-meta":"default","adv-header-id-meta":"","stick-header-meta":"","header-above-stick-meta":"","header-main-stick-meta":"","header-below-stick-meta":"","astra-migrate-meta-layouts":"default","ast-page-background-enabled":"default","ast-page-background-meta":{"desktop":{"background-color":"var(--ast-global-color-4)","background-image":"","background-repeat":"repeat","background-position":"center center","background-size":"auto","background-attachment":"scroll","background-type":"","background-media":"","overlay-type":"","overlay-color":"","overlay-opacity":"","overlay-gradient":""},"tablet":{"background-color":"","background-image":"","background-repeat":"repeat","background-position":"center center","background-size":"auto","background-attachment":"scroll","background-type":"","background-media":"","overlay-type":"","overlay-color":"","overlay-opacity":"","overlay-gradient":""},"mobile":{"background-color":"","background-image":"","background-repeat":"repeat","background-position":"center center","background-size":"auto","background-attachment":"scroll","background-type":"","background-media":"","overlay-type":"","overlay-color":"","overlay-opacity":"","overlay-gradient":""}},"ast-content-background-meta":{"desktop":{"background-color":"var(--ast-global-color-5)","background-image":"","background-repeat":"repeat","background-position":"center center","background-size":"auto","background-attachment":"scroll","background-type":"","background-media":"","overlay-type":"","overlay-color":"","overlay-opacity":"","overlay-gradient":""},"tablet":{"background-color":"var(--ast-global-color-5)","background-image":"","background-repeat":"repeat","background-position":"center center","background-size":"auto","background-attachment":"scroll","background-type":"","background-media":"","overlay-type":"","overlay-color":"","overlay-opacity":"","overlay-gradient":""},"mobile":{"background-color":"var(--ast-global-color-5)","background-image":"","background-repeat":"repeat","background-position":"center center","background-size":"auto","background-attachment":"scroll","background-type":"","background-media":"","overlay-type":"","overlay-color":"","overlay-opacity":"","overlay-gradient":""}}},"product_cat":[207],"product_tag":[],"class_list":{"0":"post-16413","1":"product","2":"type-product","3":"status-publish","4":"has-post-thumbnail","6":"product_cat-son-hang-hai","7":"desktop-align-left","8":"tablet-align-left","9":"mobile-align-left","11":"first","12":"instock","13":"shipping-taxable","14":"product-type-simple"},"_links":{"self":[{"href":"https:\/\/vinatd.com\/index.php?rest_route=\/wp\/v2\/product\/16413","targetHints":{"allow":["GET"]}}],"collection":[{"href":"https:\/\/vinatd.com\/index.php?rest_route=\/wp\/v2\/product"}],"about":[{"href":"https:\/\/vinatd.com\/index.php?rest_route=\/wp\/v2\/types\/product"}],"wp:featuredmedia":[{"embeddable":true,"href":"https:\/\/vinatd.com\/index.php?rest_route=\/wp\/v2\/media\/16884"}],"wp:attachment":[{"href":"https:\/\/vinatd.com\/index.php?rest_route=%2Fwp%2Fv2%2Fmedia&parent=16413"}],"wp:term":[{"taxonomy":"product_cat","embeddable":true,"href":"https:\/\/vinatd.com\/index.php?rest_route=%2Fwp%2Fv2%2Fproduct_cat&post=16413"},{"taxonomy":"product_tag","embeddable":true,"href":"https:\/\/vinatd.com\/index.php?rest_route=%2Fwp%2Fv2%2Fproduct_tag&post=16413"}],"curies":[{"name":"wp","href":"https:\/\/api.w.org\/{rel}","templated":true}]}}