{"id":16409,"date":"2023-02-21T04:06:17","date_gmt":"2023-02-21T04:06:17","guid":{"rendered":"http:\/\/vntd.com\/?post_type=product&#038;p=16409"},"modified":"2023-09-22T07:36:08","modified_gmt":"2023-09-22T07:36:08","slug":"son-chong-ri-1tp-goc-alkyd-qd-anticrocosion-primer","status":"publish","type":"product","link":"https:\/\/vinatd.com\/?product=son-chong-ri-1tp-goc-alkyd-qd-anticrocosion-primer","title":{"rendered":"S\u01a1n ch\u1ed1ng r\u1ec9 1TP g\u1ed1c Alkyd &#8211; QD Anticrocosion Primer"},"content":{"rendered":"<p><strong>M\u00f4 t\u1ea3 :<\/strong> QD Anticorrosion Primer l\u00e0 s\u01a1n l\u00f3t ch\u1ed1ng r\u1ec9 g\u1ed1c nh\u1ef1a Alkyd m\u1ed9t th\u00e0nh ph\u1ea7n, cung c\u1ea5p b\u1ec1 m\u1eb7t cho c\u00e1c l\u1edbp ph\u1ee7 ti\u1ebfp theo, c\u00f3 kh\u1ea3 n\u0103ng b\u00e1m ch\u1eb7t v\u00e0o b\u1ec1 m\u1eb7t kim lo\u1ea1i, t\u1ea1o th\u00e0nh m\u1ed9t l\u1edbp b\u1ea3o v\u1ec7 b\u1ec1 m\u1eb7t trong kh\u1ecfi t\u00e1c nh\u00e2n oxi ho\u00e1, ch\u1ed1ng r\u1ec9 s\u00e9t, m\u00e0i m\u00f2n.<\/p>\n<p><strong>\u1ee8ng d\u1ee5ng :<\/strong> QD Anticorrosion Primer kh\u00f4ng \u0111\u01b0\u1ee3c khuy\u1ebfn ngh\u1ecb ng\u00e2m n\u01b0\u1edbc th\u01b0\u1eddng xuy\u00ean, nh\u01b0 ph\u1ea7n ch\u00ecm v\u1ecf t\u00e0u th\u1ee7y, ho\u1eb7c c\u00e1c c\u00f4ng tr\u00ecnh d\u01b0\u1edbi n\u01b0\u1edbc.<\/p>\n","protected":false},"excerpt":{"rendered":"<p>M\u00f4 t\u1ea3 : QD Anticorrosion Primer l\u00e0 s\u01a1n l\u00f3t ch\u1ed1ng r\u1ec9 g\u1ed1c nh\u1ef1a Alkyd m\u1ed9t th\u00e0nh ph\u1ea7n, cung c\u1ea5p b\u1ec1 m\u1eb7t cho c\u00e1c l\u1edbp ph\u1ee7 ti\u1ebfp theo, c\u00f3 kh\u1ea3 n\u0103ng b\u00e1m ch\u1eb7t v\u00e0o b\u1ec1 m\u1eb7t kim lo\u1ea1i, t\u1ea1o th\u00e0nh m\u1ed9t l\u1edbp b\u1ea3o v\u1ec7 b\u1ec1 m\u1eb7t trong kh\u1ecfi t\u00e1c nh\u00e2n oxi ho\u00e1, ch\u1ed1ng r\u1ec9 s\u00e9t, m\u00e0i [&hellip;]<\/p>\n","protected":false},"featured_media":16857,"template":"","meta":{"site-sidebar-layout":"default","site-content-layout":"default","ast-site-content-layout":"","site-content-style":"default","site-sidebar-style":"default","ast-global-header-display":"","ast-banner-title-visibility":"","ast-main-header-display":"","ast-hfb-above-header-display":"","ast-hfb-below-header-display":"","ast-hfb-mobile-header-display":"","site-post-title":"","ast-breadcrumbs-content":"","ast-featured-img":"","footer-sml-layout":"","theme-transparent-header-meta":"default","adv-header-id-meta":"","stick-header-meta":"","header-above-stick-meta":"","header-main-stick-meta":"","header-below-stick-meta":"","astra-migrate-meta-layouts":"default","ast-page-background-enabled":"default","ast-page-background-meta":{"desktop":{"background-color":"var(--ast-global-color-4)","background-image":"","background-repeat":"repeat","background-position":"center center","background-size":"auto","background-attachment":"scroll","background-type":"","background-media":"","overlay-type":"","overlay-color":"","overlay-opacity":"","overlay-gradient":""},"tablet":{"background-color":"","background-image":"","background-repeat":"repeat","background-position":"center center","background-size":"auto","background-attachment":"scroll","background-type":"","background-media":"","overlay-type":"","overlay-color":"","overlay-opacity":"","overlay-gradient":""},"mobile":{"background-color":"","background-image":"","background-repeat":"repeat","background-position":"center center","background-size":"auto","background-attachment":"scroll","background-type":"","background-media":"","overlay-type":"","overlay-color":"","overlay-opacity":"","overlay-gradient":""}},"ast-content-background-meta":{"desktop":{"background-color":"var(--ast-global-color-5)","background-image":"","background-repeat":"repeat","background-position":"center center","background-size":"auto","background-attachment":"scroll","background-type":"","background-media":"","overlay-type":"","overlay-color":"","overlay-opacity":"","overlay-gradient":""},"tablet":{"background-color":"var(--ast-global-color-5)","background-image":"","background-repeat":"repeat","background-position":"center center","background-size":"auto","background-attachment":"scroll","background-type":"","background-media":"","overlay-type":"","overlay-color":"","overlay-opacity":"","overlay-gradient":""},"mobile":{"background-color":"var(--ast-global-color-5)","background-image":"","background-repeat":"repeat","background-position":"center center","background-size":"auto","background-attachment":"scroll","background-type":"","background-media":"","overlay-type":"","overlay-color":"","overlay-opacity":"","overlay-gradient":""}}},"product_cat":[207],"product_tag":[],"class_list":{"0":"post-16409","1":"product","2":"type-product","3":"status-publish","4":"has-post-thumbnail","6":"product_cat-son-hang-hai","7":"desktop-align-left","8":"tablet-align-left","9":"mobile-align-left","11":"first","12":"instock","13":"shipping-taxable","14":"product-type-simple"},"_links":{"self":[{"href":"https:\/\/vinatd.com\/index.php?rest_route=\/wp\/v2\/product\/16409","targetHints":{"allow":["GET"]}}],"collection":[{"href":"https:\/\/vinatd.com\/index.php?rest_route=\/wp\/v2\/product"}],"about":[{"href":"https:\/\/vinatd.com\/index.php?rest_route=\/wp\/v2\/types\/product"}],"wp:featuredmedia":[{"embeddable":true,"href":"https:\/\/vinatd.com\/index.php?rest_route=\/wp\/v2\/media\/16857"}],"wp:attachment":[{"href":"https:\/\/vinatd.com\/index.php?rest_route=%2Fwp%2Fv2%2Fmedia&parent=16409"}],"wp:term":[{"taxonomy":"product_cat","embeddable":true,"href":"https:\/\/vinatd.com\/index.php?rest_route=%2Fwp%2Fv2%2Fproduct_cat&post=16409"},{"taxonomy":"product_tag","embeddable":true,"href":"https:\/\/vinatd.com\/index.php?rest_route=%2Fwp%2Fv2%2Fproduct_tag&post=16409"}],"curies":[{"name":"wp","href":"https:\/\/api.w.org\/{rel}","templated":true}]}}