{"id":16407,"date":"2023-02-21T04:05:09","date_gmt":"2023-02-21T04:05:09","guid":{"rendered":"http:\/\/vntd.com\/?post_type=product&#038;p=16407"},"modified":"2023-09-22T07:41:32","modified_gmt":"2023-09-22T07:41:32","slug":"son-phu-1tp-goc-alkyd-lt313","status":"publish","type":"product","link":"https:\/\/vinatd.com\/?product=son-phu-1tp-goc-alkyd-lt313","title":{"rendered":"S\u01a1n ph\u1ee7 1TP g\u1ed1c Alkyd &#8211; LT313"},"content":{"rendered":"<p><strong>M\u00f4 t\u1ea3:<\/strong> L\u00e0 lo\u1ea1i s\u01a1n 1 th\u00e0nh ph\u1ea7n g\u1ed1c Alkyd chuy\u00ean d\u00f9ng \u0111\u1ec3 s\u01a1n b\u1ea3o v\u1ec7 v\u00e0 trang tr\u00ed cho c\u00e1c b\u1ec1 m\u1eb7t s\u1eaft th\u00e9p v\u00e0 kim lo\u1ea1i.<\/p>\n<p><strong>\u1ee8ng d\u1ee5ng:<\/strong> S\u01a1n LT313 c\u00f3 th\u1ec3 ch\u1ed1ng l\u1ea1i s\u1ef1 \u0103n m\u00f2n c\u1ee7a n\u01b0\u1edbc bi\u1ec3n, d\u1ea7u kho\u00e1ng, ki\u1ec1m, axit. Ngo\u00e0i ra, s\u01a1n LT313 c\u00f3 th\u1ec3 s\u1eed d\u1ee5ng cho s\u1eaft th\u00e9p, kim lo\u1ea1i c\u1ee7a t\u00e0u bi\u1ec3n n\u01a1i m\u00e0 kh\u00f4ng ti\u1ebfp x\u00fac tr\u1ef1c ti\u1ebfp v\u1edbi n\u01b0\u1edbc bi\u1ec3n ho\u1eb7c l\u00e0 khu v\u1ef1c c\u00f3 \u0111\u1ed9 \u0103n m\u00f2n v\u1eeba ph\u1ea3i.<\/p>\n","protected":false},"excerpt":{"rendered":"<p>M\u00f4 t\u1ea3: L\u00e0 lo\u1ea1i s\u01a1n 1 th\u00e0nh ph\u1ea7n g\u1ed1c Alkyd chuy\u00ean d\u00f9ng \u0111\u1ec3 s\u01a1n b\u1ea3o v\u1ec7 v\u00e0 trang tr\u00ed cho c\u00e1c b\u1ec1 m\u1eb7t s\u1eaft th\u00e9p v\u00e0 kim lo\u1ea1i. \u1ee8ng d\u1ee5ng: S\u01a1n LT313 c\u00f3 th\u1ec3 ch\u1ed1ng l\u1ea1i s\u1ef1 \u0103n m\u00f2n c\u1ee7a n\u01b0\u1edbc bi\u1ec3n, d\u1ea7u kho\u00e1ng, ki\u1ec1m, axit. Ngo\u00e0i ra, s\u01a1n LT313 c\u00f3 th\u1ec3 s\u1eed d\u1ee5ng cho [&hellip;]<\/p>\n","protected":false},"featured_media":16863,"template":"","meta":{"site-sidebar-layout":"default","site-content-layout":"default","ast-site-content-layout":"","site-content-style":"default","site-sidebar-style":"default","ast-global-header-display":"","ast-banner-title-visibility":"","ast-main-header-display":"","ast-hfb-above-header-display":"","ast-hfb-below-header-display":"","ast-hfb-mobile-header-display":"","site-post-title":"","ast-breadcrumbs-content":"","ast-featured-img":"","footer-sml-layout":"","theme-transparent-header-meta":"default","adv-header-id-meta":"","stick-header-meta":"","header-above-stick-meta":"","header-main-stick-meta":"","header-below-stick-meta":"","astra-migrate-meta-layouts":"default","ast-page-background-enabled":"default","ast-page-background-meta":{"desktop":{"background-color":"var(--ast-global-color-4)","background-image":"","background-repeat":"repeat","background-position":"center center","background-size":"auto","background-attachment":"scroll","background-type":"","background-media":"","overlay-type":"","overlay-color":"","overlay-opacity":"","overlay-gradient":""},"tablet":{"background-color":"","background-image":"","background-repeat":"repeat","background-position":"center center","background-size":"auto","background-attachment":"scroll","background-type":"","background-media":"","overlay-type":"","overlay-color":"","overlay-opacity":"","overlay-gradient":""},"mobile":{"background-color":"","background-image":"","background-repeat":"repeat","background-position":"center center","background-size":"auto","background-attachment":"scroll","background-type":"","background-media":"","overlay-type":"","overlay-color":"","overlay-opacity":"","overlay-gradient":""}},"ast-content-background-meta":{"desktop":{"background-color":"var(--ast-global-color-5)","background-image":"","background-repeat":"repeat","background-position":"center center","background-size":"auto","background-attachment":"scroll","background-type":"","background-media":"","overlay-type":"","overlay-color":"","overlay-opacity":"","overlay-gradient":""},"tablet":{"background-color":"var(--ast-global-color-5)","background-image":"","background-repeat":"repeat","background-position":"center center","background-size":"auto","background-attachment":"scroll","background-type":"","background-media":"","overlay-type":"","overlay-color":"","overlay-opacity":"","overlay-gradient":""},"mobile":{"background-color":"var(--ast-global-color-5)","background-image":"","background-repeat":"repeat","background-position":"center center","background-size":"auto","background-attachment":"scroll","background-type":"","background-media":"","overlay-type":"","overlay-color":"","overlay-opacity":"","overlay-gradient":""}}},"product_cat":[207],"product_tag":[],"class_list":{"0":"post-16407","1":"product","2":"type-product","3":"status-publish","4":"has-post-thumbnail","6":"product_cat-son-hang-hai","7":"desktop-align-left","8":"tablet-align-left","9":"mobile-align-left","11":"first","12":"instock","13":"shipping-taxable","14":"product-type-simple"},"_links":{"self":[{"href":"https:\/\/vinatd.com\/index.php?rest_route=\/wp\/v2\/product\/16407","targetHints":{"allow":["GET"]}}],"collection":[{"href":"https:\/\/vinatd.com\/index.php?rest_route=\/wp\/v2\/product"}],"about":[{"href":"https:\/\/vinatd.com\/index.php?rest_route=\/wp\/v2\/types\/product"}],"wp:featuredmedia":[{"embeddable":true,"href":"https:\/\/vinatd.com\/index.php?rest_route=\/wp\/v2\/media\/16863"}],"wp:attachment":[{"href":"https:\/\/vinatd.com\/index.php?rest_route=%2Fwp%2Fv2%2Fmedia&parent=16407"}],"wp:term":[{"taxonomy":"product_cat","embeddable":true,"href":"https:\/\/vinatd.com\/index.php?rest_route=%2Fwp%2Fv2%2Fproduct_cat&post=16407"},{"taxonomy":"product_tag","embeddable":true,"href":"https:\/\/vinatd.com\/index.php?rest_route=%2Fwp%2Fv2%2Fproduct_tag&post=16407"}],"curies":[{"name":"wp","href":"https:\/\/api.w.org\/{rel}","templated":true}]}}