{"id":16403,"date":"2023-02-21T04:00:16","date_gmt":"2023-02-21T04:00:16","guid":{"rendered":"http:\/\/vntd.com\/?post_type=product&#038;p=16403"},"modified":"2023-09-22T07:35:33","modified_gmt":"2023-09-22T07:35:33","slug":"son-chong-ri-2tp-goc-epoxy-eh2350","status":"publish","type":"product","link":"https:\/\/vinatd.com\/?product=son-chong-ri-2tp-goc-epoxy-eh2350","title":{"rendered":"S\u01a1n ch\u1ed1ng r\u1ec9 2TP g\u1ed1c Epoxy &#8211; EH2350"},"content":{"rendered":"<div class=\"desc-pro-detail\">\n<p><strong>M\u00f4 t\u1ea3:<\/strong> S\u01a1n l\u00f3t ch\u1ed1ng r\u1ec9 ho\u1eb7c s\u01a1n ph\u1ee7 b\u1ed3n d\u1ea7u EH2350 l\u00e0 lo\u1ea1i s\u01a1n hai th\u00e0nh ph\u1ea7n, g\u1ed1c nh\u1ef1a Epoxy. C\u00f3 kh\u1ea3 n\u0103ng ch\u1ed1ng m\u00e0i m\u00f2n tuy\u1ec7t v\u1eddi \u0111\u1ed1i v\u1edbi n\u01b0\u1edbc bi\u1ec3n, d\u1ea7u th\u00f4, d\u1ea7u nhi\u00ean li\u1ec7u. \u00c1p d\u1ee5ng tr\u00ean th\u00e9p m\u1edbi ho\u1eb7c c\u0169 y\u00eau c\u1ea7u lo\u1ea1i b\u1ecf r\u1ec9 s\u00e9t. C\u00f3 th\u1ec3 thi c\u00f4ng \u1edf nhi\u1ec7t \u0111\u1ed9 th\u1ea5p -18\u00baC\/ -0,4\u00baF v\u00e0 \u0111\u00e1p \u1ee9ng c\u00e1c y\u00eau c\u1ea7u v\u1ec1 VOC nh\u01b0 l\u1edbp ph\u1ee7 c\u00f3 h\u00e0m l\u01b0\u1ee3ng ch\u1ea5t r\u1eafn cao.<\/p>\n<p><strong>\u1ee8ng d\u1ee5ng: <\/strong>S\u1eed d\u1ee5ng l\u00e0m l\u1edbp ph\u1ee7 ch\u1ed1ng \u0103n m\u00f2n v\u00e0 ch\u1ed1ng m\u00e0i m\u00f2n \u0111\u1ec3 b\u1ea3o v\u1ec7 l\u00e2u d\u00e0i c\u00e1c k\u1ebft c\u1ea5u th\u00e9p trong \u0111i\u1ec1u ki\u1ec7n kh\u1eafc nghi\u1ec7t, m\u00f4i tr\u01b0\u1eddng \u0103n m\u00f2n nghi\u00eam tr\u1ecdng nh\u01b0 th\u00e2n t\u00e0u, c\u00e1c b\u1ed9 ph\u1eadn b\u00ean ngo\u00e0i c\u1ee7a t\u00e0u, k\u00e9t n\u01b0\u1edbc d\u1eb1n, h\u1ea7m ch\u1ee9a h\u00e0ng. L\u00e0m l\u1edbp ph\u1ee7 cho c\u00e1c k\u00e9t d\u1ea7u th\u00f4, k\u00e9t d\u1ea7u nhi\u00ean li\u1ec7u c\u1ee7a t\u00e0u v\u00e0 b\u00ean trong \u0111\u01b0\u1eddng \u1ed1ng chuy\u1ec3n d\u1ea7u th\u00f4\u2026.\u00c1p d\u1ee5ng cho k\u1ebft c\u1ea5u th\u00e9p c\u1ee7a c\u00e1c d\u1ef1 \u00e1n ngo\u00e0i kh\u01a1i, nh\u00e0 m\u00e1y, c\u1ea7u v\u00e0 c\u00e1c c\u00f4ng tr\u00ecnh kh\u00e1c.<\/p>\n<\/div>\n","protected":false},"excerpt":{"rendered":"<p>M\u00f4 t\u1ea3: S\u01a1n l\u00f3t ch\u1ed1ng r\u1ec9 ho\u1eb7c s\u01a1n ph\u1ee7 b\u1ed3n d\u1ea7u EH2350 l\u00e0 lo\u1ea1i s\u01a1n hai th\u00e0nh ph\u1ea7n, g\u1ed1c nh\u1ef1a Epoxy. C\u00f3 kh\u1ea3 n\u0103ng ch\u1ed1ng m\u00e0i m\u00f2n tuy\u1ec7t v\u1eddi \u0111\u1ed1i v\u1edbi n\u01b0\u1edbc bi\u1ec3n, d\u1ea7u th\u00f4, d\u1ea7u nhi\u00ean li\u1ec7u. \u00c1p d\u1ee5ng tr\u00ean th\u00e9p m\u1edbi ho\u1eb7c c\u0169 y\u00eau c\u1ea7u lo\u1ea1i b\u1ecf r\u1ec9 s\u00e9t. C\u00f3 th\u1ec3 thi c\u00f4ng [&hellip;]<\/p>\n","protected":false},"featured_media":16872,"template":"","meta":{"site-sidebar-layout":"default","site-content-layout":"default","ast-site-content-layout":"","site-content-style":"default","site-sidebar-style":"default","ast-global-header-display":"","ast-banner-title-visibility":"","ast-main-header-display":"","ast-hfb-above-header-display":"","ast-hfb-below-header-display":"","ast-hfb-mobile-header-display":"","site-post-title":"","ast-breadcrumbs-content":"","ast-featured-img":"","footer-sml-layout":"","theme-transparent-header-meta":"default","adv-header-id-meta":"","stick-header-meta":"","header-above-stick-meta":"","header-main-stick-meta":"","header-below-stick-meta":"","astra-migrate-meta-layouts":"default","ast-page-background-enabled":"default","ast-page-background-meta":{"desktop":{"background-color":"var(--ast-global-color-4)","background-image":"","background-repeat":"repeat","background-position":"center center","background-size":"auto","background-attachment":"scroll","background-type":"","background-media":"","overlay-type":"","overlay-color":"","overlay-opacity":"","overlay-gradient":""},"tablet":{"background-color":"","background-image":"","background-repeat":"repeat","background-position":"center center","background-size":"auto","background-attachment":"scroll","background-type":"","background-media":"","overlay-type":"","overlay-color":"","overlay-opacity":"","overlay-gradient":""},"mobile":{"background-color":"","background-image":"","background-repeat":"repeat","background-position":"center center","background-size":"auto","background-attachment":"scroll","background-type":"","background-media":"","overlay-type":"","overlay-color":"","overlay-opacity":"","overlay-gradient":""}},"ast-content-background-meta":{"desktop":{"background-color":"var(--ast-global-color-5)","background-image":"","background-repeat":"repeat","background-position":"center center","background-size":"auto","background-attachment":"scroll","background-type":"","background-media":"","overlay-type":"","overlay-color":"","overlay-opacity":"","overlay-gradient":""},"tablet":{"background-color":"var(--ast-global-color-5)","background-image":"","background-repeat":"repeat","background-position":"center center","background-size":"auto","background-attachment":"scroll","background-type":"","background-media":"","overlay-type":"","overlay-color":"","overlay-opacity":"","overlay-gradient":""},"mobile":{"background-color":"var(--ast-global-color-5)","background-image":"","background-repeat":"repeat","background-position":"center center","background-size":"auto","background-attachment":"scroll","background-type":"","background-media":"","overlay-type":"","overlay-color":"","overlay-opacity":"","overlay-gradient":""}}},"product_cat":[207],"product_tag":[],"class_list":{"0":"post-16403","1":"product","2":"type-product","3":"status-publish","4":"has-post-thumbnail","6":"product_cat-son-hang-hai","7":"desktop-align-left","8":"tablet-align-left","9":"mobile-align-left","11":"first","12":"instock","13":"shipping-taxable","14":"product-type-simple"},"_links":{"self":[{"href":"https:\/\/vinatd.com\/index.php?rest_route=\/wp\/v2\/product\/16403","targetHints":{"allow":["GET"]}}],"collection":[{"href":"https:\/\/vinatd.com\/index.php?rest_route=\/wp\/v2\/product"}],"about":[{"href":"https:\/\/vinatd.com\/index.php?rest_route=\/wp\/v2\/types\/product"}],"wp:featuredmedia":[{"embeddable":true,"href":"https:\/\/vinatd.com\/index.php?rest_route=\/wp\/v2\/media\/16872"}],"wp:attachment":[{"href":"https:\/\/vinatd.com\/index.php?rest_route=%2Fwp%2Fv2%2Fmedia&parent=16403"}],"wp:term":[{"taxonomy":"product_cat","embeddable":true,"href":"https:\/\/vinatd.com\/index.php?rest_route=%2Fwp%2Fv2%2Fproduct_cat&post=16403"},{"taxonomy":"product_tag","embeddable":true,"href":"https:\/\/vinatd.com\/index.php?rest_route=%2Fwp%2Fv2%2Fproduct_tag&post=16403"}],"curies":[{"name":"wp","href":"https:\/\/api.w.org\/{rel}","templated":true}]}}