{"id":16528,"date":"2023-03-06T01:41:30","date_gmt":"2023-03-06T01:41:30","guid":{"rendered":"http:\/\/vntd.com\/?page_id=16528"},"modified":"2023-10-06T16:41:31","modified_gmt":"2023-10-06T09:41:31","slug":"thu-gioi-thieu","status":"publish","type":"page","link":"https:\/\/vinatd.com\/?page_id=16528","title":{"rendered":"Gi\u1edbi thi\u1ec7u"},"content":{"rendered":"\t\t<div data-elementor-type=\"wp-page\" data-elementor-id=\"16528\" class=\"elementor elementor-16528\" data-elementor-settings=\"[]\">\n\t\t\t\t\t\t\t<div class=\"elementor-section-wrap\">\n\t\t\t\t\t\t\t<section class=\"elementor-section elementor-top-section elementor-element elementor-element-17af8a0a elementor-section-boxed elementor-section-height-default elementor-section-height-default\" data-id=\"17af8a0a\" data-element_type=\"section\">\n\t\t\t\t\t\t<div class=\"elementor-container elementor-column-gap-default\">\n\t\t\t\t\t<div class=\"elementor-column elementor-col-100 elementor-top-column elementor-element elementor-element-63f1a759\" data-id=\"63f1a759\" data-element_type=\"column\">\n\t\t\t<div class=\"elementor-widget-wrap elementor-element-populated\">\n\t\t\t\t\t\t\t\t<div class=\"elementor-element elementor-element-74d2fc39 elementor-widget elementor-widget-text-editor\" data-id=\"74d2fc39\" data-element_type=\"widget\" data-widget_type=\"text-editor.default\">\n\t\t\t\t<div class=\"elementor-widget-container\">\n\t\t\t\t\t\t\t<p><!-- wp:paragraph --><\/p>\n<p><span style=\"color: #008080;\"><strong>C\u00d4NG TY TNHH<\/strong> <\/span><span style=\"color: #ff0000;\"><strong>VINA TD<\/strong><\/span> \u0111\u01b0\u1ee3c th\u00e0nh l\u1eadp v\u00e0o n\u0103m 2015 t\u1ea1i th\u00e0nh ph\u1ed1 H\u1ea3i Ph\u00f2ng, Vi\u1ec7t Nam. Ch\u00fang t\u00f4i l\u00e0 \u0111\u01a1n v\u1ecb cung c\u1ea5p v\u00e0 ph\u00e2n ph\u1ed1i thi\u1ebft b\u1ecb h\u00e0ng h\u1ea3i v\u00e0 c\u00e1c d\u1ecbch v\u1ee5 k\u1ef9 thu\u1eadt li\u00ean quan cho c\u00e1c ch\u1ee7 t\u00e0u v\u00e0 c\u00e1c c\u00f4ng ty v\u1eadn t\u1ea3i bi\u1ec3n. L\u0129nh v\u1ef1c kinh doanh ch\u00ednh c\u1ee7a ch\u00fang t\u00f4i nh\u01b0 sau:<\/p>\n<p>\u00a0<\/p>\n<p><strong>Cung c\u1ea5p v\u1eadt t\u01b0, thi\u1ebft b\u1ecb h\u00e0ng h\u1ea3i nh\u01b0:<\/strong><\/p>\n<ul>\n<li><span style=\"font-style: inherit; font-weight: inherit;\">S\u01a1n KCC;<\/span><\/li>\n<li><span style=\"font-style: inherit; font-weight: inherit;\">Thi\u1ebft b\u1ecb x\u1eed l\u00fd n\u01b0\u1edbc d\u1eb1n;<\/span><\/li>\n<li><span style=\"font-style: inherit; font-weight: inherit;\">M\u00e1y ph\u00e1t \u0111i\u1ec7n v\u00e0 m\u00e1y ch\u00ednh cho c\u00e1c lo\u1ea1i t\u00e0u th\u1ee7y;<\/span><\/li>\n<li><span style=\"font-style: inherit; font-weight: inherit;\">B\u01a1m, van h\u00e0ng h\u1ea3i c\u00e1c lo\u1ea1i v\u00e0 c\u00e1c thi\u1ebft b\u1ecb tr\u00ean boong;<\/span><\/li>\n<li><span style=\"font-style: inherit; font-weight: inherit;\">C\u00e1c thi\u1ebft b\u1ecb li\u00ean quan quan \u0111\u1ebfn ti\u1ebft ki\u1ec7m n\u0103ng l\u01b0\u1ee3ng.<\/span><\/li>\n<\/ul>\n<p><strong>Cung c\u1ea5p c\u00e1c d\u1ecbch v\u1ee5 k\u1ef9 thu\u1eadt:<\/strong><\/p>\n<ul>\n<li><span style=\"font-style: inherit; font-weight: inherit;\">C\u00e1c d\u1ecbch v\u1ee5 k\u1ef9 thu\u1eadt cho thi\u1ebft b\u1ecb x\u1eed l\u00fd n\u01b0\u1edbc d\u1eb1n nh\u01b0: th\u1eed thi\u1ebft b\u1ecb v\u00e0 h\u01b0\u1edbng d\u1eabn v\u1eadn h\u00e0nh, thi c\u00f4ng l\u1eafp \u0111\u1eb7t thi\u1ebft b\u1ecb, ph\u00e2n t\u00edch m\u1eabu n\u01b0\u1edbc d\u1eb1n, gi\u00e1m s\u00e1t l\u1eafp \u0111\u1eb7t, d\u1ecbch v\u1ee5 sau b\u00e1n h\u00e0ng;<\/span><\/li>\n<li><span style=\"font-style: inherit; font-weight: inherit;\">D\u1ecbch v\u1ee5 s\u1eeda ch\u1eefa t\u00e0u t\u1ea1i \u0111\u1ea7u b\u1ebfn v\u00e0 c\u1ea7u c\u1ea3ng;<\/span><\/li>\n<li>T\u01b0 v\u1ea5n, thi c\u00f4ng, gi\u00e1m s\u00e1t c\u00f4ng tr\u00ecnh s\u01a1n cho t\u00e0u bi\u1ec3n v\u00e0 c\u00f4ng nghi\u1ec7p.<\/li>\n<\/ul>\n<p><span style=\"font-style: inherit; font-weight: inherit;\">Ngo\u00e0i ra, ch\u00fang t\u00f4i c\u00f2n th\u1ef1c hi\u1ec7n c\u00e1c d\u1ecbch v\u1ee5 li\u00ean quan \u0111\u1ebfn m\u00f4i gi\u1edbi t\u00e0u bi\u1ec3n.<\/span><\/p>\n<p>\u00a0<\/p>\n<p><span style=\"font-style: inherit; font-weight: inherit;\">V\u1edbi \u0111\u1ed9i ng\u0169 k\u1ef9 thu\u1eadt v\u00e0 b\u00e1n h\u00e0ng gi\u00e0u kinh nghi\u1ec7m c\u00f3 tr\u00ecnh \u0111\u1ed9 chuy\u00ean m\u00f4n k\u1ef9 thu\u1eadt cao, ch\u00fang t\u00f4i \u0111\u00e3 v\u00e0 \u0111ang n\u1ed7 l\u1ef1c h\u1ebft m\u00ecnh \u0111\u1ec3 cung c\u1ea5p cho kh\u00e1ch h\u00e0ng c\u00e1c d\u1ecbch v\u1ee5 H\u00e0ng h\u1ea3i \u0111a d\u1ea1ng d\u1ef1a tr\u00ean n\u1ec1n t\u1ea3ng ki\u1ebfn th\u1ee9c chuy\u00ean s\u00e2u v\u00e0 v\u1eefng ch\u1eafc.<\/span><\/p>\n<p>\u00a0<\/p>\n<p><span style=\"font-style: inherit; font-weight: inherit;\">Ch\u00fang t\u00f4i lu\u00f4n mong mu\u1ed1n \u0111\u01b0\u1ee3c h\u1ee3p t\u00e1c s\u00e2u r\u1ed9ng v\u1edbi c\u00e1c ch\u1ee7 t\u00e0u trong v\u00e0 ngo\u00e0i n\u01b0\u1edbc \u0111\u1ec3 cung c\u1ea5p c\u00e1c s\u1ea3n ph\u1ea9m v\u00e0 d\u1ecbch v\u1ee5 t\u1ed1t nh\u1ea5t c\u1ee7a ch\u00fang t\u00f4i \u0111\u1ebfn Qu\u00fd kh\u00e1ch h\u00e0ng.<\/span><\/p>\n<p>\u00a0<\/p>\n<p><span style=\"font-style: inherit; font-weight: inherit;\">M\u1ecdi th\u00f4ng tin chi ti\u1ebft xin vui l\u00f2ng li\u00ean h\u1ec7:<\/span><\/p>\n<p><strong style=\"font-style: inherit;\"><em><span style=\"color: #008080;\">C\u00d4NG TY TNHH<\/span> <span style=\"color: #ff0000;\">VINA TD<\/span><\/em><\/strong><\/p>\n<p><strong style=\"font-style: inherit;\"><em>\u0110\u1ecba ch\u1ec9: S\u1ed1 1885 Ph\u1ea1m V\u0103n \u0110\u1ed3ng, P. Anh D\u0169ng, Q. D\u01b0\u01a1ng Kinh, Tp. H\u1ea3i Ph\u00f2ng<\/em><\/strong><\/p>\n<p><strong style=\"font-style: inherit;\"><em>\u0110i\u1ec7n tho\u1ea1i: (+84) 2253 880 918<\/em><\/strong><\/p>\n<p><strong style=\"font-style: inherit;\"><em>Email: <a href=\"mailto:sales@vinatd.com\">sales@vinatd.com<\/a><\/em><\/strong><\/p>\n<p><strong style=\"font-style: inherit;\"><em>Website: <a href=\"http:\/\/www.vinatd.com\">www.vinatd.com<\/a><\/em><\/strong><\/p>\n<p>\u00a0<\/p>\n<p><!-- \/wp:paragraph --><\/p>\t\t\t\t\t\t<\/div>\n\t\t\t\t<\/div>\n\t\t\t\t\t<\/div>\n\t\t<\/div>\n\t\t\t\t\t\t\t<\/div>\n\t\t<\/section>\n\t\t\t\t\t\t<\/div>\n\t\t\t\t\t<\/div>\n\t\t","protected":false},"excerpt":{"rendered":"<p>C\u00d4NG TY TNHH VINA TD \u0111\u01b0\u1ee3c th\u00e0nh l\u1eadp v\u00e0o n\u0103m 2015 t\u1ea1i th\u00e0nh ph\u1ed1 H\u1ea3i Ph\u00f2ng, Vi\u1ec7t Nam. Ch\u00fang t\u00f4i l\u00e0 \u0111\u01a1n v\u1ecb cung c\u1ea5p v\u00e0 ph\u00e2n ph\u1ed1i thi\u1ebft b\u1ecb h\u00e0ng h\u1ea3i v\u00e0 c\u00e1c d\u1ecbch v\u1ee5 k\u1ef9 thu\u1eadt li\u00ean quan cho c\u00e1c ch\u1ee7 t\u00e0u v\u00e0 c\u00e1c c\u00f4ng ty v\u1eadn t\u1ea3i bi\u1ec3n. L\u0129nh v\u1ef1c kinh doanh [&hellip;]<\/p>\n","protected":false},"author":1,"featured_media":0,"parent":0,"menu_order":0,"comment_status":"closed","ping_status":"closed","template":"","meta":{"site-sidebar-layout":"no-sidebar","site-content-layout":"page-builder","ast-site-content-layout":"","site-content-style":"default","site-sidebar-style":"default","ast-global-header-display":"","ast-banner-title-visibility":"","ast-main-header-display":"","ast-hfb-above-header-display":"","ast-hfb-below-header-display":"","ast-hfb-mobile-header-display":"","site-post-title":"disabled","ast-breadcrumbs-content":"","ast-featured-img":"disabled","footer-sml-layout":"","theme-transparent-header-meta":"","adv-header-id-meta":"","stick-header-meta":"","header-above-stick-meta":"","header-main-stick-meta":"","header-below-stick-meta":"","astra-migrate-meta-layouts":"default","ast-page-background-enabled":"default","ast-page-background-meta":{"desktop":{"background-color":"var(--ast-global-color-4)","background-image":"","background-repeat":"repeat","background-position":"center center","background-size":"auto","background-attachment":"scroll","background-type":"","background-media":"","overlay-type":"","overlay-color":"","overlay-opacity":"","overlay-gradient":""},"tablet":{"background-color":"","background-image":"","background-repeat":"repeat","background-position":"center center","background-size":"auto","background-attachment":"scroll","background-type":"","background-media":"","overlay-type":"","overlay-color":"","overlay-opacity":"","overlay-gradient":""},"mobile":{"background-color":"","background-image":"","background-repeat":"repeat","background-position":"center center","background-size":"auto","background-attachment":"scroll","background-type":"","background-media":"","overlay-type":"","overlay-color":"","overlay-opacity":"","overlay-gradient":""}},"ast-content-background-meta":{"desktop":{"background-color":"var(--ast-global-color-5)","background-image":"","background-repeat":"repeat","background-position":"center center","background-size":"auto","background-attachment":"scroll","background-type":"","background-media":"","overlay-type":"","overlay-color":"","overlay-opacity":"","overlay-gradient":""},"tablet":{"background-color":"var(--ast-global-color-5)","background-image":"","background-repeat":"repeat","background-position":"center center","background-size":"auto","background-attachment":"scroll","background-type":"","background-media":"","overlay-type":"","overlay-color":"","overlay-opacity":"","overlay-gradient":""},"mobile":{"background-color":"var(--ast-global-color-5)","background-image":"","background-repeat":"repeat","background-position":"center center","background-size":"auto","background-attachment":"scroll","background-type":"","background-media":"","overlay-type":"","overlay-color":"","overlay-opacity":"","overlay-gradient":""}},"footnotes":""},"class_list":["post-16528","page","type-page","status-publish","hentry"],"_links":{"self":[{"href":"https:\/\/vinatd.com\/index.php?rest_route=\/wp\/v2\/pages\/16528","targetHints":{"allow":["GET"]}}],"collection":[{"href":"https:\/\/vinatd.com\/index.php?rest_route=\/wp\/v2\/pages"}],"about":[{"href":"https:\/\/vinatd.com\/index.php?rest_route=\/wp\/v2\/types\/page"}],"author":[{"embeddable":true,"href":"https:\/\/vinatd.com\/index.php?rest_route=\/wp\/v2\/users\/1"}],"replies":[{"embeddable":true,"href":"https:\/\/vinatd.com\/index.php?rest_route=%2Fwp%2Fv2%2Fcomments&post=16528"}],"version-history":[{"count":69,"href":"https:\/\/vinatd.com\/index.php?rest_route=\/wp\/v2\/pages\/16528\/revisions"}],"predecessor-version":[{"id":17491,"href":"https:\/\/vinatd.com\/index.php?rest_route=\/wp\/v2\/pages\/16528\/revisions\/17491"}],"wp:attachment":[{"href":"https:\/\/vinatd.com\/index.php?rest_route=%2Fwp%2Fv2%2Fmedia&parent=16528"}],"curies":[{"name":"wp","href":"https:\/\/api.w.org\/{rel}","templated":true}]}}